{"id":10053,"date":"2026-05-12T10:21:20","date_gmt":"2026-05-12T15:21:20","guid":{"rendered":"https:\/\/cabanadeportiva.com\/?post_type=product&#038;p=10053"},"modified":"2026-05-12T10:21:20","modified_gmt":"2026-05-12T15:21:20","slug":"patines-canariam-romax-33-36-rosado-lila","status":"publish","type":"product","link":"https:\/\/cabanadeportiva.com\/?product=patines-canariam-romax-33-36-rosado-lila","title":{"rendered":"PATINES CANARIAM ROMAX 33-36 ROSADO-LILA"},"content":{"rendered":"<p><a class=\"sh-anchor\" href=\"https:\/\/www.bing.com\/ck\/a?!&amp;&amp;p=f6b6662611b93ab2a6fe7c9f35fcc1cef7cde09e6094a1932293ffabd1634e55JmltdHM9MTczMzcwMjQwMA&amp;ptn=3&amp;ver=2&amp;hsh=4&amp;fclid=001a97a8-2b67-6e41-2289-85842ac86f7f&amp;u=a1aHR0cHM6Ly9kZXBvcnRlc3JlZ29sLmNvbS9wcm9kdWN0by9wYXRpbmVzLXJvbWF4LWNhbmFyaWFtLw&amp;ntb=1\" target=\"_blank\" rel=\"noopener\" data-tg-citations=\"1\" data-tgpsgid=\"d_anstgsen0\">Las patines Canariam Romax son ruedas en poliuretano de alta calidad con chasis en aluminio. Son ajustables en 3 tallas y tienen bujes en acero. Los centros y adaptadores son en aluminio, y cuentan con un doble recibidor en PVC y correas de velcro. Est\u00e1n dise\u00f1adas para uso recreativo y son adecuadas para la escuela b\u00e1sica y formaci\u00f3n<\/a>.\u00a0<a class=\"sh-anchor\" href=\"https:\/\/www.bing.com\/ck\/a?!&amp;&amp;p=c5c6d3ae1b015b4dea23413455c3e894356d1d254884363888ff7f6c3b62dcfeJmltdHM9MTczMzcwMjQwMA&amp;ptn=3&amp;ver=2&amp;hsh=4&amp;fclid=001a97a8-2b67-6e41-2289-85842ac86f7f&amp;u=a1aHR0cHM6Ly93d3cudGllbmRhZGVwYXRpbmVzLmNvbS5jby9NQ08tNDUxOTUxODY0LXBhdGluZXMtY2FuYXJpYW0tcHJvZmVzaW9uYWxlcy1zaWduby1fSk0&amp;ntb=1\" target=\"_blank\" rel=\"noopener\" data-tg-citations=\"2\" data-tgpsgid=\"d_anstgsen1\">Tambi\u00e9n pertenecen a la l\u00ednea profesional econ\u00f3mica, fabricadas con una mezcla de fibra de vidrio y carbono, lo que les da rigidez, durabilidad y flexibilidad.<\/a><\/p>\n","protected":false},"excerpt":{"rendered":"<p>Las patines Canariam Romax son ruedas en poliuretano de alta calidad con chasis en aluminio. Son ajustables en 3 tallas y tienen bujes en acero. Los centros y adaptadores son en aluminio, y cuentan con un doble recibidor en PVC y correas de velcro. Est\u00e1n dise\u00f1adas para uso recreativo y son adecuadas para la escuela<\/p>\n<p class=\"link-more\"><a href=\"https:\/\/cabanadeportiva.com\/?product=patines-canariam-romax-33-36-rosado-lila\" class=\"more-link\"><span>Leer M\u00e1s<\/span><span class=\"meta-nav\">&#8594;<\/span><\/a><\/p>\n","protected":false},"featured_media":10052,"comment_status":"open","ping_status":"closed","template":"","meta":[],"product_brand":[],"product_cat":[145,146],"product_tag":[],"class_list":{"0":"post-10053","1":"product","2":"type-product","3":"status-publish","4":"has-post-thumbnail","6":"product_cat-patines-canariam","7":"product_cat-patines-canariam-romax","8":"yith_product_brand-canariam","10":"first","11":"instock","12":"sale","13":"shipping-taxable","14":"purchasable","15":"product-type-simple"},"_links":{"self":[{"href":"https:\/\/cabanadeportiva.com\/index.php?rest_route=\/wp\/v2\/product\/10053","targetHints":{"allow":["GET"]}}],"collection":[{"href":"https:\/\/cabanadeportiva.com\/index.php?rest_route=\/wp\/v2\/product"}],"about":[{"href":"https:\/\/cabanadeportiva.com\/index.php?rest_route=\/wp\/v2\/types\/product"}],"replies":[{"embeddable":true,"href":"https:\/\/cabanadeportiva.com\/index.php?rest_route=%2Fwp%2Fv2%2Fcomments&post=10053"}],"wp:featuredmedia":[{"embeddable":true,"href":"https:\/\/cabanadeportiva.com\/index.php?rest_route=\/wp\/v2\/media\/10052"}],"wp:attachment":[{"href":"https:\/\/cabanadeportiva.com\/index.php?rest_route=%2Fwp%2Fv2%2Fmedia&parent=10053"}],"wp:term":[{"taxonomy":"product_brand","embeddable":true,"href":"https:\/\/cabanadeportiva.com\/index.php?rest_route=%2Fwp%2Fv2%2Fproduct_brand&post=10053"},{"taxonomy":"product_cat","embeddable":true,"href":"https:\/\/cabanadeportiva.com\/index.php?rest_route=%2Fwp%2Fv2%2Fproduct_cat&post=10053"},{"taxonomy":"product_tag","embeddable":true,"href":"https:\/\/cabanadeportiva.com\/index.php?rest_route=%2Fwp%2Fv2%2Fproduct_tag&post=10053"}],"curies":[{"name":"wp","href":"https:\/\/api.w.org\/{rel}","templated":true}]}}