{"id":10097,"date":"2026-05-14T11:59:26","date_gmt":"2026-05-14T16:59:26","guid":{"rendered":"https:\/\/cabanadeportiva.com\/?post_type=product&#038;p=10097"},"modified":"2026-05-14T11:59:26","modified_gmt":"2026-05-14T16:59:26","slug":"kit-proteccion-canariam-c2-talla-s","status":"publish","type":"product","link":"https:\/\/cabanadeportiva.com\/?product=kit-proteccion-canariam-c2-talla-s","title":{"rendered":"KIT PROTECCION CANARIAM C2 TALLA S"},"content":{"rendered":"<p>CARACTER\u00cdSTICAS DEL PRODUCTO:<\/p>\n<p>PESO: 270 A 340 grs.<br \/>\nCANTIDAD DE PIEZAS: 6 (Seis) Piezas.<br \/>\nVOLUMEN POR UNIDAD: 310 x 210 x 90 mm.<br \/>\nMATERIAL, COMPOSICI\u00d3N, ESPECIFICACI\u00d3N, %: PVC (Polivinilo cloruro), para absorci\u00f3n de impacto, espuma y correa el\u00e1sticas con sistema de ajuste en velcro.<\/p>\n<p>TALLAJE: XS, S, M, L<\/p>\n","protected":false},"excerpt":{"rendered":"<p>CARACTER\u00cdSTICAS DEL PRODUCTO: PESO: 270 A 340 grs. CANTIDAD DE PIEZAS: 6 (Seis) Piezas. VOLUMEN POR UNIDAD: 310 x 210 x 90 mm. MATERIAL, COMPOSICI\u00d3N, ESPECIFICACI\u00d3N, %: PVC (Polivinilo cloruro), para absorci\u00f3n de impacto, espuma y correa el\u00e1sticas con sistema de ajuste en velcro. TALLAJE: XS, S, M, L<\/p>\n","protected":false},"featured_media":10091,"comment_status":"open","ping_status":"closed","template":"","meta":[],"product_brand":[],"product_cat":[154,157],"product_tag":[],"class_list":{"0":"post-10097","1":"product","2":"type-product","3":"status-publish","4":"has-post-thumbnail","6":"product_cat-accesorios-para-patinaje","7":"product_cat-protecciones-canariam-c2","8":"yith_product_brand-canariam","10":"first","11":"instock","12":"sale","13":"shipping-taxable","14":"purchasable","15":"product-type-simple"},"_links":{"self":[{"href":"https:\/\/cabanadeportiva.com\/index.php?rest_route=\/wp\/v2\/product\/10097","targetHints":{"allow":["GET"]}}],"collection":[{"href":"https:\/\/cabanadeportiva.com\/index.php?rest_route=\/wp\/v2\/product"}],"about":[{"href":"https:\/\/cabanadeportiva.com\/index.php?rest_route=\/wp\/v2\/types\/product"}],"replies":[{"embeddable":true,"href":"https:\/\/cabanadeportiva.com\/index.php?rest_route=%2Fwp%2Fv2%2Fcomments&post=10097"}],"wp:featuredmedia":[{"embeddable":true,"href":"https:\/\/cabanadeportiva.com\/index.php?rest_route=\/wp\/v2\/media\/10091"}],"wp:attachment":[{"href":"https:\/\/cabanadeportiva.com\/index.php?rest_route=%2Fwp%2Fv2%2Fmedia&parent=10097"}],"wp:term":[{"taxonomy":"product_brand","embeddable":true,"href":"https:\/\/cabanadeportiva.com\/index.php?rest_route=%2Fwp%2Fv2%2Fproduct_brand&post=10097"},{"taxonomy":"product_cat","embeddable":true,"href":"https:\/\/cabanadeportiva.com\/index.php?rest_route=%2Fwp%2Fv2%2Fproduct_cat&post=10097"},{"taxonomy":"product_tag","embeddable":true,"href":"https:\/\/cabanadeportiva.com\/index.php?rest_route=%2Fwp%2Fv2%2Fproduct_tag&post=10097"}],"curies":[{"name":"wp","href":"https:\/\/api.w.org\/{rel}","templated":true}]}}