{"id":1061,"date":"2022-05-05T17:27:56","date_gmt":"2022-05-05T17:27:56","guid":{"rendered":"https:\/\/cabanadeportiva.com\/?post_type=product&#038;p=1061"},"modified":"2022-09-27T16:27:17","modified_gmt":"2022-09-27T16:27:17","slug":"cinturon-g-tech","status":"publish","type":"product","link":"https:\/\/cabanadeportiva.com\/?product=cinturon-g-tech","title":{"rendered":"Cintur\u00f3n g-tech"},"content":{"rendered":"<div class=\"co8aDb\" role=\"heading\" aria-level=\"3\"><b>Caracter\u00edsticas\u00a0destacadas<\/b><\/div>\n<div class=\"RqBzHd\">\n<ul class=\"i8Z77e\">\n<li class=\"TrT0Xe\"><b>Cintur\u00f3n<\/b>\u00a0anat\u00f3mico de neopreno.<\/li>\n<li class=\"TrT0Xe\">Cierre de velcro con hebilla met\u00e1lica.<\/li>\n<li class=\"TrT0Xe\"><b>Cintur\u00f3n<\/b>\u00a0lavable y transpirable.<\/li>\n<li class=\"TrT0Xe\">Color negro.<\/li>\n<li class=\"TrT0Xe\">talla S, M, L<\/li>\n<\/ul>\n<\/div>\n","protected":false},"excerpt":{"rendered":"<p>Caracter\u00edsticas\u00a0destacadas Cintur\u00f3n\u00a0anat\u00f3mico de neopreno. Cierre de velcro con hebilla met\u00e1lica. Cintur\u00f3n\u00a0lavable y transpirable. Color negro. talla S, M, L<\/p>\n","protected":false},"featured_media":1062,"comment_status":"open","ping_status":"closed","template":"","meta":[],"product_brand":[],"product_cat":[95,67],"product_tag":[],"class_list":{"0":"post-1061","1":"product","2":"type-product","3":"status-publish","4":"has-post-thumbnail","6":"product_cat-cinturon","7":"product_cat-gym","9":"first","10":"instock","11":"sale","12":"shipping-taxable","13":"purchasable","14":"product-type-simple"},"_links":{"self":[{"href":"https:\/\/cabanadeportiva.com\/index.php?rest_route=\/wp\/v2\/product\/1061","targetHints":{"allow":["GET"]}}],"collection":[{"href":"https:\/\/cabanadeportiva.com\/index.php?rest_route=\/wp\/v2\/product"}],"about":[{"href":"https:\/\/cabanadeportiva.com\/index.php?rest_route=\/wp\/v2\/types\/product"}],"replies":[{"embeddable":true,"href":"https:\/\/cabanadeportiva.com\/index.php?rest_route=%2Fwp%2Fv2%2Fcomments&post=1061"}],"wp:featuredmedia":[{"embeddable":true,"href":"https:\/\/cabanadeportiva.com\/index.php?rest_route=\/wp\/v2\/media\/1062"}],"wp:attachment":[{"href":"https:\/\/cabanadeportiva.com\/index.php?rest_route=%2Fwp%2Fv2%2Fmedia&parent=1061"}],"wp:term":[{"taxonomy":"product_brand","embeddable":true,"href":"https:\/\/cabanadeportiva.com\/index.php?rest_route=%2Fwp%2Fv2%2Fproduct_brand&post=1061"},{"taxonomy":"product_cat","embeddable":true,"href":"https:\/\/cabanadeportiva.com\/index.php?rest_route=%2Fwp%2Fv2%2Fproduct_cat&post=1061"},{"taxonomy":"product_tag","embeddable":true,"href":"https:\/\/cabanadeportiva.com\/index.php?rest_route=%2Fwp%2Fv2%2Fproduct_tag&post=1061"}],"curies":[{"name":"wp","href":"https:\/\/api.w.org\/{rel}","templated":true}]}}