{"id":1137,"date":"2022-05-06T15:56:17","date_gmt":"2022-05-06T15:56:17","guid":{"rendered":"https:\/\/cabanadeportiva.com\/?post_type=product&#038;p=1137"},"modified":"2023-10-03T19:13:19","modified_gmt":"2023-10-03T19:13:19","slug":"vendas-para-boxeo-legion-5-metros","status":"publish","type":"product","link":"https:\/\/cabanadeportiva.com\/?product=vendas-para-boxeo-legion-5-metros","title":{"rendered":"vendas para boxeo-legion 5 metros"},"content":{"rendered":"<p>* vendaje el\u00e1stico para manos<br \/>\n* algod\u00f3n el\u00e1stico para una comodidad sin igual<br \/>\n* cierres de velcro para un ajuste perfecto<br \/>\n* m\u00e1xima protecci\u00f3n y apoyo para las manos<\/p>\n<p>Colores: azul, negro, rojo<\/p>\n","protected":false},"excerpt":{"rendered":"<p>* vendaje el\u00e1stico para manos * algod\u00f3n el\u00e1stico para una comodidad sin igual * cierres de velcro para un ajuste perfecto * m\u00e1xima protecci\u00f3n y apoyo para las manos Colores: azul, negro, rojo<\/p>\n","protected":false},"featured_media":1140,"comment_status":"open","ping_status":"closed","template":"","meta":[],"product_brand":[],"product_cat":[76,83],"product_tag":[],"class_list":{"0":"post-1137","1":"product","2":"type-product","3":"status-publish","4":"has-post-thumbnail","6":"product_cat-boxeo","7":"product_cat-vendas","9":"first","10":"instock","11":"sale","12":"shipping-taxable","13":"purchasable","14":"product-type-simple"},"_links":{"self":[{"href":"https:\/\/cabanadeportiva.com\/index.php?rest_route=\/wp\/v2\/product\/1137","targetHints":{"allow":["GET"]}}],"collection":[{"href":"https:\/\/cabanadeportiva.com\/index.php?rest_route=\/wp\/v2\/product"}],"about":[{"href":"https:\/\/cabanadeportiva.com\/index.php?rest_route=\/wp\/v2\/types\/product"}],"replies":[{"embeddable":true,"href":"https:\/\/cabanadeportiva.com\/index.php?rest_route=%2Fwp%2Fv2%2Fcomments&post=1137"}],"wp:featuredmedia":[{"embeddable":true,"href":"https:\/\/cabanadeportiva.com\/index.php?rest_route=\/wp\/v2\/media\/1140"}],"wp:attachment":[{"href":"https:\/\/cabanadeportiva.com\/index.php?rest_route=%2Fwp%2Fv2%2Fmedia&parent=1137"}],"wp:term":[{"taxonomy":"product_brand","embeddable":true,"href":"https:\/\/cabanadeportiva.com\/index.php?rest_route=%2Fwp%2Fv2%2Fproduct_brand&post=1137"},{"taxonomy":"product_cat","embeddable":true,"href":"https:\/\/cabanadeportiva.com\/index.php?rest_route=%2Fwp%2Fv2%2Fproduct_cat&post=1137"},{"taxonomy":"product_tag","embeddable":true,"href":"https:\/\/cabanadeportiva.com\/index.php?rest_route=%2Fwp%2Fv2%2Fproduct_tag&post=1137"}],"curies":[{"name":"wp","href":"https:\/\/api.w.org\/{rel}","templated":true}]}}