{"id":1149,"date":"2022-05-06T16:14:17","date_gmt":"2022-05-06T16:14:17","guid":{"rendered":"https:\/\/cabanadeportiva.com\/?post_type=product&#038;p=1149"},"modified":"2023-10-03T17:23:26","modified_gmt":"2023-10-03T17:23:26","slug":"guantes-semiprofesionales-canariam","status":"publish","type":"product","link":"https:\/\/cabanadeportiva.com\/?product=guantes-semiprofesionales-canariam","title":{"rendered":"Guantes semiprofesionales canariam"},"content":{"rendered":"<p>Guantes con ferula semiprofesionales cariam<\/p>\n<p>Talla Xs entre 14-16cm<br \/>\nTalla S entre 17-19cm<br \/>\nTalla M entre 20-22cm<br \/>\nTalla L entre 23-25cm<\/p>\n<p>Guantes fabricados en microfibra con inserci\u00f3n de EVA para mayor protecci\u00f3n, la f\u00e9rula pl\u00e1stica en PVC se adapta por medio de velcro y puede ser retirada en cualquier momento.<\/p>\n","protected":false},"excerpt":{"rendered":"<p>Guantes con ferula semiprofesionales cariam Talla Xs entre 14-16cm Talla S entre 17-19cm Talla M entre 20-22cm Talla L entre 23-25cm Guantes fabricados en microfibra con inserci\u00f3n de EVA para mayor protecci\u00f3n, la f\u00e9rula pl\u00e1stica en PVC se adapta por medio de velcro y puede ser retirada en cualquier momento.<\/p>\n","protected":false},"featured_media":1152,"comment_status":"open","ping_status":"closed","template":"","meta":[],"product_brand":[],"product_cat":[101,84],"product_tag":[],"class_list":{"0":"post-1149","1":"product","2":"type-product","3":"status-publish","4":"has-post-thumbnail","6":"product_cat-guantes-patinaje-2","7":"product_cat-patinaje-2","9":"first","10":"instock","11":"sale","12":"shipping-taxable","13":"purchasable","14":"product-type-simple"},"_links":{"self":[{"href":"https:\/\/cabanadeportiva.com\/index.php?rest_route=\/wp\/v2\/product\/1149","targetHints":{"allow":["GET"]}}],"collection":[{"href":"https:\/\/cabanadeportiva.com\/index.php?rest_route=\/wp\/v2\/product"}],"about":[{"href":"https:\/\/cabanadeportiva.com\/index.php?rest_route=\/wp\/v2\/types\/product"}],"replies":[{"embeddable":true,"href":"https:\/\/cabanadeportiva.com\/index.php?rest_route=%2Fwp%2Fv2%2Fcomments&post=1149"}],"wp:featuredmedia":[{"embeddable":true,"href":"https:\/\/cabanadeportiva.com\/index.php?rest_route=\/wp\/v2\/media\/1152"}],"wp:attachment":[{"href":"https:\/\/cabanadeportiva.com\/index.php?rest_route=%2Fwp%2Fv2%2Fmedia&parent=1149"}],"wp:term":[{"taxonomy":"product_brand","embeddable":true,"href":"https:\/\/cabanadeportiva.com\/index.php?rest_route=%2Fwp%2Fv2%2Fproduct_brand&post=1149"},{"taxonomy":"product_cat","embeddable":true,"href":"https:\/\/cabanadeportiva.com\/index.php?rest_route=%2Fwp%2Fv2%2Fproduct_cat&post=1149"},{"taxonomy":"product_tag","embeddable":true,"href":"https:\/\/cabanadeportiva.com\/index.php?rest_route=%2Fwp%2Fv2%2Fproduct_tag&post=1149"}],"curies":[{"name":"wp","href":"https:\/\/api.w.org\/{rel}","templated":true}]}}