{"id":1162,"date":"2022-05-06T16:25:52","date_gmt":"2022-05-06T16:25:52","guid":{"rendered":"https:\/\/cabanadeportiva.com\/?post_type=product&#038;p=1162"},"modified":"2023-10-02T23:36:38","modified_gmt":"2023-10-02T23:36:38","slug":"bucal-doble-everlast-boxeo","status":"publish","type":"product","link":"https:\/\/cabanadeportiva.com\/?product=bucal-doble-everlast-boxeo","title":{"rendered":"Bucal doble everlast boxeo"},"content":{"rendered":"<p>Material: Silicona ambiental de alta calidad<br \/>\nTama\u00f1o: Adulto&#8230;<br \/>\nSexo: Unisex<br \/>\nTipo: Escudo de Goma<br \/>\nFlexible<br \/>\nC\u00f3modo, un tama\u00f1o adecuado para todos<br \/>\nConveniente para el boxeo, el hockey Artes marciales o cualquier deporte de contacto.<\/p>\n","protected":false},"excerpt":{"rendered":"<p>Material: Silicona ambiental de alta calidad Tama\u00f1o: Adulto&#8230; Sexo: Unisex Tipo: Escudo de Goma Flexible C\u00f3modo, un tama\u00f1o adecuado para todos Conveniente para el boxeo, el hockey Artes marciales o cualquier deporte de contacto.<\/p>\n","protected":false},"featured_media":1163,"comment_status":"open","ping_status":"closed","template":"","meta":[],"product_brand":[],"product_cat":[76,103],"product_tag":[],"class_list":{"0":"post-1162","1":"product","2":"type-product","3":"status-publish","4":"has-post-thumbnail","6":"product_cat-boxeo","7":"product_cat-bucales","9":"first","10":"instock","11":"sale","12":"shipping-taxable","13":"purchasable","14":"product-type-simple"},"_links":{"self":[{"href":"https:\/\/cabanadeportiva.com\/index.php?rest_route=\/wp\/v2\/product\/1162","targetHints":{"allow":["GET"]}}],"collection":[{"href":"https:\/\/cabanadeportiva.com\/index.php?rest_route=\/wp\/v2\/product"}],"about":[{"href":"https:\/\/cabanadeportiva.com\/index.php?rest_route=\/wp\/v2\/types\/product"}],"replies":[{"embeddable":true,"href":"https:\/\/cabanadeportiva.com\/index.php?rest_route=%2Fwp%2Fv2%2Fcomments&post=1162"}],"wp:featuredmedia":[{"embeddable":true,"href":"https:\/\/cabanadeportiva.com\/index.php?rest_route=\/wp\/v2\/media\/1163"}],"wp:attachment":[{"href":"https:\/\/cabanadeportiva.com\/index.php?rest_route=%2Fwp%2Fv2%2Fmedia&parent=1162"}],"wp:term":[{"taxonomy":"product_brand","embeddable":true,"href":"https:\/\/cabanadeportiva.com\/index.php?rest_route=%2Fwp%2Fv2%2Fproduct_brand&post=1162"},{"taxonomy":"product_cat","embeddable":true,"href":"https:\/\/cabanadeportiva.com\/index.php?rest_route=%2Fwp%2Fv2%2Fproduct_cat&post=1162"},{"taxonomy":"product_tag","embeddable":true,"href":"https:\/\/cabanadeportiva.com\/index.php?rest_route=%2Fwp%2Fv2%2Fproduct_tag&post=1162"}],"curies":[{"name":"wp","href":"https:\/\/api.w.org\/{rel}","templated":true}]}}