{"id":1164,"date":"2022-05-06T16:28:09","date_gmt":"2022-05-06T16:28:09","guid":{"rendered":"https:\/\/cabanadeportiva.com\/?post_type=product&#038;p=1164"},"modified":"2023-10-02T23:35:45","modified_gmt":"2023-10-02T23:35:45","slug":"bucal-sencillo-everlast-boxeo","status":"publish","type":"product","link":"https:\/\/cabanadeportiva.com\/?product=bucal-sencillo-everlast-boxeo","title":{"rendered":"Bucal sencillo everlast boxeo"},"content":{"rendered":"<p>Este protector bucal Everlast sencillo es perfecto para boxeo y MMA Uso Termo moldeable, usando agua fr\u00eda y caliente se moldea a tu boca as\u00ed uses brackets, que maximiza la protecci\u00f3n y la comodidad Dise\u00f1o sencillo. Dise\u00f1o transparente, Incluye estuche, para adulto<\/p>\n","protected":false},"excerpt":{"rendered":"<p>Este protector bucal Everlast sencillo es perfecto para boxeo y MMA Uso Termo moldeable, usando agua fr\u00eda y caliente se moldea a tu boca as\u00ed uses brackets, que maximiza la protecci\u00f3n y la comodidad Dise\u00f1o sencillo. Dise\u00f1o transparente, Incluye estuche, para adulto<\/p>\n","protected":false},"featured_media":1165,"comment_status":"open","ping_status":"closed","template":"","meta":[],"product_brand":[],"product_cat":[76,103],"product_tag":[],"class_list":{"0":"post-1164","1":"product","2":"type-product","3":"status-publish","4":"has-post-thumbnail","6":"product_cat-boxeo","7":"product_cat-bucales","9":"first","10":"instock","11":"sale","12":"shipping-taxable","13":"purchasable","14":"product-type-simple"},"_links":{"self":[{"href":"https:\/\/cabanadeportiva.com\/index.php?rest_route=\/wp\/v2\/product\/1164","targetHints":{"allow":["GET"]}}],"collection":[{"href":"https:\/\/cabanadeportiva.com\/index.php?rest_route=\/wp\/v2\/product"}],"about":[{"href":"https:\/\/cabanadeportiva.com\/index.php?rest_route=\/wp\/v2\/types\/product"}],"replies":[{"embeddable":true,"href":"https:\/\/cabanadeportiva.com\/index.php?rest_route=%2Fwp%2Fv2%2Fcomments&post=1164"}],"wp:featuredmedia":[{"embeddable":true,"href":"https:\/\/cabanadeportiva.com\/index.php?rest_route=\/wp\/v2\/media\/1165"}],"wp:attachment":[{"href":"https:\/\/cabanadeportiva.com\/index.php?rest_route=%2Fwp%2Fv2%2Fmedia&parent=1164"}],"wp:term":[{"taxonomy":"product_brand","embeddable":true,"href":"https:\/\/cabanadeportiva.com\/index.php?rest_route=%2Fwp%2Fv2%2Fproduct_brand&post=1164"},{"taxonomy":"product_cat","embeddable":true,"href":"https:\/\/cabanadeportiva.com\/index.php?rest_route=%2Fwp%2Fv2%2Fproduct_cat&post=1164"},{"taxonomy":"product_tag","embeddable":true,"href":"https:\/\/cabanadeportiva.com\/index.php?rest_route=%2Fwp%2Fv2%2Fproduct_tag&post=1164"}],"curies":[{"name":"wp","href":"https:\/\/api.w.org\/{rel}","templated":true}]}}