{"id":1185,"date":"2022-05-06T16:59:17","date_gmt":"2022-05-06T16:59:17","guid":{"rendered":"https:\/\/cabanadeportiva.com\/?post_type=product&#038;p=1185"},"modified":"2024-01-19T16:26:23","modified_gmt":"2024-01-19T16:26:23","slug":"balon-spalding-basketball","status":"publish","type":"product","link":"https:\/\/cabanadeportiva.com\/?product=balon-spalding-basketball","title":{"rendered":"Balon Spalding basketball numero 5,6,7"},"content":{"rendered":"<p>Bal\u00f3n para baloncesto Spalding numero 7 para piso de exterior o asfalto.<\/p>\n<p>El bal\u00f3n NBA Highlight Spalding de baloncesto\u00a0<b>es elaborado en caucho con textura punteada en relieve lo cual mejora la tracci\u00f3n y agarre<\/b>. Es de los balones mas comprados para uso recreativo dada su relaci\u00f3n calidad\/precio. Cumple con las especificaciones de la NBA.<\/p>\n<p>CARACTER\u00cdSTICAS<\/p>\n<ul>\n<li>N\u00famero del Bal\u00f3n : 7<\/li>\n<li><span class=\"a-list-item\">Tama\u00f1o y peso intermedios: talla 6, 28.5 pulgadas<\/span><\/li>\n<li><span class=\"a-list-item\">Cubierta de cuero compuesto para toda la superficie<\/span><\/li>\n<li><span class=\"a-list-item\">C\u00e1mara de goma de butilo para retenci\u00f3n de aire.<\/span><\/li>\n<li><span class=\"a-list-item\">Dise\u00f1ado para uso en interiores y exteriores<\/span><\/li>\n<\/ul>\n<p>MATERIAL.<\/p>\n<p>&#8211; Superficie de caucho resistente<\/p>\n<p>RECOMENDACIONES :<\/p>\n<p>&#8211; Antes de inflar el bal\u00f3n humedecer la v\u00e1lvula del bal\u00f3n antes de introducir la aguja, para no da\u00f1ar la v\u00e1lvula.<br \/>\n-Al llenar el bal\u00f3n con aire esperar unos minutos antes de utilizarlo en el piso de exterior para revisarlo que no tenga fugas de aire, ( MUY IMPORTANTE EN CASO ANTES DE JUGAR )<\/p>\n","protected":false},"excerpt":{"rendered":"<p>Bal\u00f3n para baloncesto Spalding numero 7 para piso de exterior o asfalto. El bal\u00f3n NBA Highlight Spalding de baloncesto\u00a0es elaborado en caucho con textura punteada en relieve lo cual mejora la tracci\u00f3n y agarre. Es de los balones mas comprados para uso recreativo dada su relaci\u00f3n calidad\/precio. Cumple con las especificaciones de la NBA. CARACTER\u00cdSTICAS<\/p>\n<p class=\"link-more\"><a href=\"https:\/\/cabanadeportiva.com\/?product=balon-spalding-basketball\" class=\"more-link\"><span>Leer M\u00e1s<\/span><span class=\"meta-nav\">&#8594;<\/span><\/a><\/p>\n","protected":false},"featured_media":2332,"comment_status":"open","ping_status":"closed","template":"","meta":[],"product_brand":[],"product_cat":[63,57],"product_tag":[120,124,118,121,125],"class_list":{"0":"post-1185","1":"product","2":"type-product","3":"status-publish","4":"has-post-thumbnail","6":"product_cat-basketball","7":"product_cat-deportes","8":"product_tag-balon","9":"product_tag-baloncesto","10":"product_tag-basquet","11":"product_tag-deporte","12":"product_tag-spalding","14":"first","15":"instock","16":"sale","17":"shipping-taxable","18":"purchasable","19":"product-type-simple"},"_links":{"self":[{"href":"https:\/\/cabanadeportiva.com\/index.php?rest_route=\/wp\/v2\/product\/1185","targetHints":{"allow":["GET"]}}],"collection":[{"href":"https:\/\/cabanadeportiva.com\/index.php?rest_route=\/wp\/v2\/product"}],"about":[{"href":"https:\/\/cabanadeportiva.com\/index.php?rest_route=\/wp\/v2\/types\/product"}],"replies":[{"embeddable":true,"href":"https:\/\/cabanadeportiva.com\/index.php?rest_route=%2Fwp%2Fv2%2Fcomments&post=1185"}],"wp:featuredmedia":[{"embeddable":true,"href":"https:\/\/cabanadeportiva.com\/index.php?rest_route=\/wp\/v2\/media\/2332"}],"wp:attachment":[{"href":"https:\/\/cabanadeportiva.com\/index.php?rest_route=%2Fwp%2Fv2%2Fmedia&parent=1185"}],"wp:term":[{"taxonomy":"product_brand","embeddable":true,"href":"https:\/\/cabanadeportiva.com\/index.php?rest_route=%2Fwp%2Fv2%2Fproduct_brand&post=1185"},{"taxonomy":"product_cat","embeddable":true,"href":"https:\/\/cabanadeportiva.com\/index.php?rest_route=%2Fwp%2Fv2%2Fproduct_cat&post=1185"},{"taxonomy":"product_tag","embeddable":true,"href":"https:\/\/cabanadeportiva.com\/index.php?rest_route=%2Fwp%2Fv2%2Fproduct_tag&post=1185"}],"curies":[{"name":"wp","href":"https:\/\/api.w.org\/{rel}","templated":true}]}}