{"id":1189,"date":"2022-05-06T17:07:00","date_gmt":"2022-05-06T17:07:00","guid":{"rendered":"https:\/\/cabanadeportiva.com\/?post_type=product&#038;p=1189"},"modified":"2024-01-19T15:52:34","modified_gmt":"2024-01-19T15:52:34","slug":"balones-golty-basketball","status":"publish","type":"product","link":"https:\/\/cabanadeportiva.com\/?product=balones-golty-basketball","title":{"rendered":"Balones Golty Basketball"},"content":{"rendered":"<p>Los balones de baloncesto Golty cumplen con especificaciones internacionales de la Federaci\u00f3n Internacional de Baloncesto (FIBA) y tienen un excelente desempe\u00f1o en pruebas exigentes. Est\u00e1n destinados para ser usados por profesionales y aficionados, por ello los materiales de fabricaci\u00f3n brindan un mayor dominio del bal\u00f3n, haciendo posible un mejor agarre y rebote. Elige el bal\u00f3n con el dise\u00f1o y las caracter\u00edsticas que m\u00e1s te llamen la atenci\u00f3n, encesta sin contratiempos, y dale a tu equipo la victoria.<\/p>\n<ul>\n<li>Bal\u00f3n visualmente atractivo.<\/li>\n<li>Extraordinario agarre.<\/li>\n<li>Antideslizante.<\/li>\n<li>Resistente al desgaste<\/li>\n<li>Menor absorci\u00f3n de humedad.<\/li>\n<li>Alta duraci\u00f3n.<\/li>\n<li>Calidad certificada.<\/li>\n<li>Peso 580 a 650 g.<\/li>\n<li>Circunferencia 75 a 78 cm.<\/li>\n<li>Rebote M\u00ednimo 120 a 140 cm.<\/li>\n<li>Colores: Negro-amarillo, azul-rojo, cafe-amarillo<\/li>\n<\/ul>\n","protected":false},"excerpt":{"rendered":"<p>Los balones de baloncesto Golty cumplen con especificaciones internacionales de la Federaci\u00f3n Internacional de Baloncesto (FIBA) y tienen un excelente desempe\u00f1o en pruebas exigentes. Est\u00e1n destinados para ser usados por profesionales y aficionados, por ello los materiales de fabricaci\u00f3n brindan un mayor dominio del bal\u00f3n, haciendo posible un mejor agarre y rebote. Elige el bal\u00f3n<\/p>\n<p class=\"link-more\"><a href=\"https:\/\/cabanadeportiva.com\/?product=balones-golty-basketball\" class=\"more-link\"><span>Leer M\u00e1s<\/span><span class=\"meta-nav\">&#8594;<\/span><\/a><\/p>\n","protected":false},"featured_media":2338,"comment_status":"open","ping_status":"closed","template":"","meta":[],"product_brand":[],"product_cat":[63,57],"product_tag":[120,124,118,121,129,128],"class_list":{"0":"post-1189","1":"product","2":"type-product","3":"status-publish","4":"has-post-thumbnail","6":"product_cat-basketball","7":"product_cat-deportes","8":"product_tag-balon","9":"product_tag-baloncesto","10":"product_tag-basquet","11":"product_tag-deporte","12":"product_tag-balones","13":"product_tag-golty","15":"first","16":"outofstock","17":"sale","18":"shipping-taxable","19":"purchasable","20":"product-type-simple"},"_links":{"self":[{"href":"https:\/\/cabanadeportiva.com\/index.php?rest_route=\/wp\/v2\/product\/1189","targetHints":{"allow":["GET"]}}],"collection":[{"href":"https:\/\/cabanadeportiva.com\/index.php?rest_route=\/wp\/v2\/product"}],"about":[{"href":"https:\/\/cabanadeportiva.com\/index.php?rest_route=\/wp\/v2\/types\/product"}],"replies":[{"embeddable":true,"href":"https:\/\/cabanadeportiva.com\/index.php?rest_route=%2Fwp%2Fv2%2Fcomments&post=1189"}],"wp:featuredmedia":[{"embeddable":true,"href":"https:\/\/cabanadeportiva.com\/index.php?rest_route=\/wp\/v2\/media\/2338"}],"wp:attachment":[{"href":"https:\/\/cabanadeportiva.com\/index.php?rest_route=%2Fwp%2Fv2%2Fmedia&parent=1189"}],"wp:term":[{"taxonomy":"product_brand","embeddable":true,"href":"https:\/\/cabanadeportiva.com\/index.php?rest_route=%2Fwp%2Fv2%2Fproduct_brand&post=1189"},{"taxonomy":"product_cat","embeddable":true,"href":"https:\/\/cabanadeportiva.com\/index.php?rest_route=%2Fwp%2Fv2%2Fproduct_cat&post=1189"},{"taxonomy":"product_tag","embeddable":true,"href":"https:\/\/cabanadeportiva.com\/index.php?rest_route=%2Fwp%2Fv2%2Fproduct_tag&post=1189"}],"curies":[{"name":"wp","href":"https:\/\/api.w.org\/{rel}","templated":true}]}}