{"id":1258,"date":"2022-05-06T18:36:42","date_gmt":"2022-05-06T18:36:42","guid":{"rendered":"https:\/\/cabanadeportiva.com\/?post_type=product&#038;p=1258"},"modified":"2023-10-03T15:37:44","modified_gmt":"2023-10-03T15:37:44","slug":"kit-de-bandas-x5-cerradas-para-pierna-sport-fitness","status":"publish","type":"product","link":"https:\/\/cabanadeportiva.com\/?product=kit-de-bandas-x5-cerradas-para-pierna-sport-fitness","title":{"rendered":"Kit de bandas x5 cerradas para pierna sport fitness"},"content":{"rendered":"<p>\u00bfQu\u00e9 incluye esta compra?<\/p>\n<p>&#8211; 1 Banda El\u00e1stica Verde Resistencia Baja ( 600x50x0.4mm)<br \/>\n9-18 (lbs)<br \/>\n&#8211; 1 Banda El\u00e1stica Azul Resistencia Media Baja ( 600x50x0.6mm)<br \/>\n14-25 (lbs)<br \/>\n&#8211; 1 Banda El\u00e1stica Amarillo Resistencia Media ( 600x50x0.8mm)<br \/>\n17-30 (lbs)<br \/>\n&#8211; 1 Banda El\u00e1stica Rojo Resistencia Media Alta ( 600x50x1.0mm)<br \/>\n22-38 (lbs)<br \/>\n&#8211; 1 Banda El\u00e1stica Negro Resistencia Alta ( 600x50x1.2mm)<br \/>\n27-45 (lbs)<\/p>\n<p>Caracter\u00edsticas:<\/p>\n<p>&#8211; Marca: SPORTFITNESS<br \/>\n&#8211; Material: L\u00e1tex<br \/>\n&#8211; Modo de Uso: Dom\u00e9stico y Gym<br \/>\n&#8211; Calidad: Premium<br \/>\n&#8211; Bandas: Planas<\/p>\n","protected":false},"excerpt":{"rendered":"<p>\u00bfQu\u00e9 incluye esta compra? &#8211; 1 Banda El\u00e1stica Verde Resistencia Baja ( 600x50x0.4mm) 9-18 (lbs) &#8211; 1 Banda El\u00e1stica Azul Resistencia Media Baja ( 600x50x0.6mm) 14-25 (lbs) &#8211; 1 Banda El\u00e1stica Amarillo Resistencia Media ( 600x50x0.8mm) 17-30 (lbs) &#8211; 1 Banda El\u00e1stica Rojo Resistencia Media Alta ( 600x50x1.0mm) 22-38 (lbs) &#8211; 1 Banda El\u00e1stica Negro<\/p>\n<p class=\"link-more\"><a href=\"https:\/\/cabanadeportiva.com\/?product=kit-de-bandas-x5-cerradas-para-pierna-sport-fitness\" class=\"more-link\"><span>Leer M\u00e1s<\/span><span class=\"meta-nav\">&#8594;<\/span><\/a><\/p>\n","protected":false},"featured_media":1259,"comment_status":"open","ping_status":"closed","template":"","meta":[],"product_brand":[],"product_cat":[68,67],"product_tag":[],"class_list":{"0":"post-1258","1":"product","2":"type-product","3":"status-publish","4":"has-post-thumbnail","6":"product_cat-bandas","7":"product_cat-gym","8":"yith_product_brand-sport-fitness","10":"first","11":"instock","12":"sale","13":"shipping-taxable","14":"purchasable","15":"product-type-simple"},"_links":{"self":[{"href":"https:\/\/cabanadeportiva.com\/index.php?rest_route=\/wp\/v2\/product\/1258","targetHints":{"allow":["GET"]}}],"collection":[{"href":"https:\/\/cabanadeportiva.com\/index.php?rest_route=\/wp\/v2\/product"}],"about":[{"href":"https:\/\/cabanadeportiva.com\/index.php?rest_route=\/wp\/v2\/types\/product"}],"replies":[{"embeddable":true,"href":"https:\/\/cabanadeportiva.com\/index.php?rest_route=%2Fwp%2Fv2%2Fcomments&post=1258"}],"wp:featuredmedia":[{"embeddable":true,"href":"https:\/\/cabanadeportiva.com\/index.php?rest_route=\/wp\/v2\/media\/1259"}],"wp:attachment":[{"href":"https:\/\/cabanadeportiva.com\/index.php?rest_route=%2Fwp%2Fv2%2Fmedia&parent=1258"}],"wp:term":[{"taxonomy":"product_brand","embeddable":true,"href":"https:\/\/cabanadeportiva.com\/index.php?rest_route=%2Fwp%2Fv2%2Fproduct_brand&post=1258"},{"taxonomy":"product_cat","embeddable":true,"href":"https:\/\/cabanadeportiva.com\/index.php?rest_route=%2Fwp%2Fv2%2Fproduct_cat&post=1258"},{"taxonomy":"product_tag","embeddable":true,"href":"https:\/\/cabanadeportiva.com\/index.php?rest_route=%2Fwp%2Fv2%2Fproduct_tag&post=1258"}],"curies":[{"name":"wp","href":"https:\/\/api.w.org\/{rel}","templated":true}]}}