{"id":1260,"date":"2022-05-06T18:39:15","date_gmt":"2022-05-06T18:39:15","guid":{"rendered":"https:\/\/cabanadeportiva.com\/?post_type=product&#038;p=1260"},"modified":"2022-09-06T17:02:51","modified_gmt":"2022-09-06T17:02:51","slug":"kit-de-bandas-elasticas-en-tela-x3-sport-fitness","status":"publish","type":"product","link":"https:\/\/cabanadeportiva.com\/?product=kit-de-bandas-elasticas-en-tela-x3-sport-fitness","title":{"rendered":"Kit de bandas el\u00e1sticas en tela x3 sport fitness"},"content":{"rendered":"<p>Bandas Planas El\u00e1sticas Cerradas en Tela Sportfitness Set x 3<br \/>\nBandas de calidad premium y tres diferentes niveles de resistencia<\/p>\n<p>Material: Tela en fibra de Poliester y L\u00e1tex. Costuras de alta calidad.<\/p>\n<p>Contiene tres bandas:<br \/>\nUna Banda Fucsia: Medidas: 66 x 8 cm. Resistencia: 120 lbs.<br \/>\nUna Banda Verde: Medidas: 76 x 8 cm. Resistencia: 250 lbs.<br \/>\nUna Banda Azul: Medidas: 85 x 8 cm. Resistencia: 350 lbs.<\/p>\n<p>Las Bandas Planas El\u00e1sticas Cerradas en Tela Sportfitness son ideales para Terapia, Rehabilitaci\u00f3n y Tonificaci\u00f3n.<\/p>\n","protected":false},"excerpt":{"rendered":"<p>Bandas Planas El\u00e1sticas Cerradas en Tela Sportfitness Set x 3 Bandas de calidad premium y tres diferentes niveles de resistencia Material: Tela en fibra de Poliester y L\u00e1tex. Costuras de alta calidad. Contiene tres bandas: Una Banda Fucsia: Medidas: 66 x 8 cm. Resistencia: 120 lbs. Una Banda Verde: Medidas: 76 x 8 cm. Resistencia:<\/p>\n<p class=\"link-more\"><a href=\"https:\/\/cabanadeportiva.com\/?product=kit-de-bandas-elasticas-en-tela-x3-sport-fitness\" class=\"more-link\"><span>Leer M\u00e1s<\/span><span class=\"meta-nav\">&#8594;<\/span><\/a><\/p>\n","protected":false},"featured_media":1261,"comment_status":"open","ping_status":"closed","template":"","meta":[],"product_brand":[],"product_cat":[68,67],"product_tag":[],"class_list":{"0":"post-1260","1":"product","2":"type-product","3":"status-publish","4":"has-post-thumbnail","6":"product_cat-bandas","7":"product_cat-gym","8":"yith_product_brand-sport-fitness","10":"first","11":"instock","12":"sale","13":"shipping-taxable","14":"purchasable","15":"product-type-simple"},"_links":{"self":[{"href":"https:\/\/cabanadeportiva.com\/index.php?rest_route=\/wp\/v2\/product\/1260","targetHints":{"allow":["GET"]}}],"collection":[{"href":"https:\/\/cabanadeportiva.com\/index.php?rest_route=\/wp\/v2\/product"}],"about":[{"href":"https:\/\/cabanadeportiva.com\/index.php?rest_route=\/wp\/v2\/types\/product"}],"replies":[{"embeddable":true,"href":"https:\/\/cabanadeportiva.com\/index.php?rest_route=%2Fwp%2Fv2%2Fcomments&post=1260"}],"wp:featuredmedia":[{"embeddable":true,"href":"https:\/\/cabanadeportiva.com\/index.php?rest_route=\/wp\/v2\/media\/1261"}],"wp:attachment":[{"href":"https:\/\/cabanadeportiva.com\/index.php?rest_route=%2Fwp%2Fv2%2Fmedia&parent=1260"}],"wp:term":[{"taxonomy":"product_brand","embeddable":true,"href":"https:\/\/cabanadeportiva.com\/index.php?rest_route=%2Fwp%2Fv2%2Fproduct_brand&post=1260"},{"taxonomy":"product_cat","embeddable":true,"href":"https:\/\/cabanadeportiva.com\/index.php?rest_route=%2Fwp%2Fv2%2Fproduct_cat&post=1260"},{"taxonomy":"product_tag","embeddable":true,"href":"https:\/\/cabanadeportiva.com\/index.php?rest_route=%2Fwp%2Fv2%2Fproduct_tag&post=1260"}],"curies":[{"name":"wp","href":"https:\/\/api.w.org\/{rel}","templated":true}]}}