{"id":1269,"date":"2022-05-06T19:00:21","date_gmt":"2022-05-06T19:00:21","guid":{"rendered":"https:\/\/cabanadeportiva.com\/?post_type=product&#038;p=1269"},"modified":"2022-09-27T16:13:29","modified_gmt":"2022-09-27T16:13:29","slug":"banda-de-poder-negra-sport-fitness","status":"publish","type":"product","link":"https:\/\/cabanadeportiva.com\/?product=banda-de-poder-negra-sport-fitness","title":{"rendered":"Banda de poder NEGRA sport fitness"},"content":{"rendered":"<p>Banda el\u00e1stica de poder Cerrada para el trabajo de tonificaci\u00f3n.<br \/>\nDesarrollo muscular en brazos y piernas.<br \/>\nMaterial en l\u00e1tex.<\/p>\n<p>Color: NEGRO.<br \/>\nmedida: 2Mt x 22mm x 4.5 mm<br \/>\nResistencia: Media<br \/>\nCapacidad: 25-50 Libras de Tensi\u00f3n.<\/p>\n<p>&nbsp;<\/p>\n","protected":false},"excerpt":{"rendered":"<p>Banda el\u00e1stica de poder Cerrada para el trabajo de tonificaci\u00f3n. Desarrollo muscular en brazos y piernas. Material en l\u00e1tex. Color: NEGRO. medida: 2Mt x 22mm x 4.5 mm Resistencia: Media Capacidad: 25-50 Libras de Tensi\u00f3n. &nbsp;<\/p>\n","protected":false},"featured_media":1273,"comment_status":"open","ping_status":"closed","template":"","meta":[],"product_brand":[],"product_cat":[68,67],"product_tag":[],"class_list":{"0":"post-1269","1":"product","2":"type-product","3":"status-publish","4":"has-post-thumbnail","6":"product_cat-bandas","7":"product_cat-gym","8":"yith_product_brand-sport-fitness","10":"first","11":"instock","12":"sale","13":"shipping-taxable","14":"purchasable","15":"product-type-simple"},"_links":{"self":[{"href":"https:\/\/cabanadeportiva.com\/index.php?rest_route=\/wp\/v2\/product\/1269","targetHints":{"allow":["GET"]}}],"collection":[{"href":"https:\/\/cabanadeportiva.com\/index.php?rest_route=\/wp\/v2\/product"}],"about":[{"href":"https:\/\/cabanadeportiva.com\/index.php?rest_route=\/wp\/v2\/types\/product"}],"replies":[{"embeddable":true,"href":"https:\/\/cabanadeportiva.com\/index.php?rest_route=%2Fwp%2Fv2%2Fcomments&post=1269"}],"wp:featuredmedia":[{"embeddable":true,"href":"https:\/\/cabanadeportiva.com\/index.php?rest_route=\/wp\/v2\/media\/1273"}],"wp:attachment":[{"href":"https:\/\/cabanadeportiva.com\/index.php?rest_route=%2Fwp%2Fv2%2Fmedia&parent=1269"}],"wp:term":[{"taxonomy":"product_brand","embeddable":true,"href":"https:\/\/cabanadeportiva.com\/index.php?rest_route=%2Fwp%2Fv2%2Fproduct_brand&post=1269"},{"taxonomy":"product_cat","embeddable":true,"href":"https:\/\/cabanadeportiva.com\/index.php?rest_route=%2Fwp%2Fv2%2Fproduct_cat&post=1269"},{"taxonomy":"product_tag","embeddable":true,"href":"https:\/\/cabanadeportiva.com\/index.php?rest_route=%2Fwp%2Fv2%2Fproduct_tag&post=1269"}],"curies":[{"name":"wp","href":"https:\/\/api.w.org\/{rel}","templated":true}]}}