{"id":1275,"date":"2022-05-06T19:01:53","date_gmt":"2022-05-06T19:01:53","guid":{"rendered":"https:\/\/cabanadeportiva.com\/?post_type=product&#038;p=1275"},"modified":"2022-09-27T16:13:51","modified_gmt":"2022-09-27T16:13:51","slug":"banda-de-poder-morado-sport-fitness","status":"publish","type":"product","link":"https:\/\/cabanadeportiva.com\/?product=banda-de-poder-morado-sport-fitness","title":{"rendered":"Banda de poder MORADO sport fitness"},"content":{"rendered":"<p>Banda el\u00e1stica de poder Cerrada para el trabajo de tonificaci\u00f3n.<br \/>\nDesarrollo muscular en brazos y piernas.<br \/>\nMaterial en l\u00e1tex.<\/p>\n<p>Color: MORADO.<br \/>\nmedida: 2Mt x 32mm x 4.5 mm<br \/>\nResistencia: Media<br \/>\nCapacidad: 50-75 Libras de Tensi\u00f3n.<\/p>\n","protected":false},"excerpt":{"rendered":"<p>Banda el\u00e1stica de poder Cerrada para el trabajo de tonificaci\u00f3n. Desarrollo muscular en brazos y piernas. Material en l\u00e1tex. Color: MORADO. medida: 2Mt x 32mm x 4.5 mm Resistencia: Media Capacidad: 50-75 Libras de Tensi\u00f3n.<\/p>\n","protected":false},"featured_media":1272,"comment_status":"open","ping_status":"closed","template":"","meta":[],"product_brand":[],"product_cat":[68,67],"product_tag":[],"class_list":{"0":"post-1275","1":"product","2":"type-product","3":"status-publish","4":"has-post-thumbnail","6":"product_cat-bandas","7":"product_cat-gym","8":"yith_product_brand-sport-fitness","10":"first","11":"instock","12":"sale","13":"shipping-taxable","14":"purchasable","15":"product-type-simple"},"_links":{"self":[{"href":"https:\/\/cabanadeportiva.com\/index.php?rest_route=\/wp\/v2\/product\/1275","targetHints":{"allow":["GET"]}}],"collection":[{"href":"https:\/\/cabanadeportiva.com\/index.php?rest_route=\/wp\/v2\/product"}],"about":[{"href":"https:\/\/cabanadeportiva.com\/index.php?rest_route=\/wp\/v2\/types\/product"}],"replies":[{"embeddable":true,"href":"https:\/\/cabanadeportiva.com\/index.php?rest_route=%2Fwp%2Fv2%2Fcomments&post=1275"}],"wp:featuredmedia":[{"embeddable":true,"href":"https:\/\/cabanadeportiva.com\/index.php?rest_route=\/wp\/v2\/media\/1272"}],"wp:attachment":[{"href":"https:\/\/cabanadeportiva.com\/index.php?rest_route=%2Fwp%2Fv2%2Fmedia&parent=1275"}],"wp:term":[{"taxonomy":"product_brand","embeddable":true,"href":"https:\/\/cabanadeportiva.com\/index.php?rest_route=%2Fwp%2Fv2%2Fproduct_brand&post=1275"},{"taxonomy":"product_cat","embeddable":true,"href":"https:\/\/cabanadeportiva.com\/index.php?rest_route=%2Fwp%2Fv2%2Fproduct_cat&post=1275"},{"taxonomy":"product_tag","embeddable":true,"href":"https:\/\/cabanadeportiva.com\/index.php?rest_route=%2Fwp%2Fv2%2Fproduct_tag&post=1275"}],"curies":[{"name":"wp","href":"https:\/\/api.w.org\/{rel}","templated":true}]}}