{"id":1302,"date":"2022-05-09T15:50:23","date_gmt":"2022-05-09T15:50:23","guid":{"rendered":"https:\/\/cabanadeportiva.com\/?post_type=product&#038;p=1302"},"modified":"2023-10-03T17:38:29","modified_gmt":"2023-10-03T17:38:29","slug":"balon-inestable-sport-fitness","status":"publish","type":"product","link":"https:\/\/cabanadeportiva.com\/?product=balon-inestable-sport-fitness","title":{"rendered":"Bal\u00f3n inestable sport fitness"},"content":{"rendered":"<p>COJ\u00cdN INESTABLE O DE BALANCEO MINI-BOSU<br \/>\nCoj\u00edn de equilibrio inestable con superficie de Masaje<br \/>\nTextura granulosa que proporciona retroalimentaci\u00f3n sensorial a las terminaciones nerviosas de los pies a la vez que provee la sensaci\u00f3n de masaje.<br \/>\nSuperficie antideslizante.<br \/>\nFabricado en material flexible para disminuir el impacto en el entrenamiento.<br \/>\nLigero y port\u00e1til.<br \/>\nDi\u00e1metro Base: 35 cm.<br \/>\nColor: Azul<br \/>\nEstimulaci\u00f3n del sistema propioceptivo y mejora de la conciencia sinestesia.<br \/>\nMejora de la fuerza a nivel estructural y neurol\u00f3gico<br \/>\nAyuda con el aumento de la capacidad de absorci\u00f3n de fuerzas a nivel articular y musculo-tendinoso<br \/>\nEn general ayuda con el balance muscular total del cuerpo, tonifiqu\u00e9 sus m\u00fasculos.<br \/>\nIdeal para ser utilizado en procesos de rehabilitaci\u00f3n. Adem\u00e1s ayuda a la correcci\u00f3n de la postura.<\/p>\n","protected":false},"excerpt":{"rendered":"<p>COJ\u00cdN INESTABLE O DE BALANCEO MINI-BOSU Coj\u00edn de equilibrio inestable con superficie de Masaje Textura granulosa que proporciona retroalimentaci\u00f3n sensorial a las terminaciones nerviosas de los pies a la vez que provee la sensaci\u00f3n de masaje. Superficie antideslizante. Fabricado en material flexible para disminuir el impacto en el entrenamiento. Ligero y port\u00e1til. Di\u00e1metro Base: 35<\/p>\n<p class=\"link-more\"><a href=\"https:\/\/cabanadeportiva.com\/?product=balon-inestable-sport-fitness\" class=\"more-link\"><span>Leer M\u00e1s<\/span><span class=\"meta-nav\">&#8594;<\/span><\/a><\/p>\n","protected":false},"featured_media":1303,"comment_status":"open","ping_status":"closed","template":"","meta":[],"product_brand":[],"product_cat":[67],"product_tag":[],"class_list":{"0":"post-1302","1":"product","2":"type-product","3":"status-publish","4":"has-post-thumbnail","6":"product_cat-gym","7":"yith_product_brand-sport-fitness","9":"first","10":"instock","11":"sale","12":"shipping-taxable","13":"purchasable","14":"product-type-simple"},"_links":{"self":[{"href":"https:\/\/cabanadeportiva.com\/index.php?rest_route=\/wp\/v2\/product\/1302","targetHints":{"allow":["GET"]}}],"collection":[{"href":"https:\/\/cabanadeportiva.com\/index.php?rest_route=\/wp\/v2\/product"}],"about":[{"href":"https:\/\/cabanadeportiva.com\/index.php?rest_route=\/wp\/v2\/types\/product"}],"replies":[{"embeddable":true,"href":"https:\/\/cabanadeportiva.com\/index.php?rest_route=%2Fwp%2Fv2%2Fcomments&post=1302"}],"wp:featuredmedia":[{"embeddable":true,"href":"https:\/\/cabanadeportiva.com\/index.php?rest_route=\/wp\/v2\/media\/1303"}],"wp:attachment":[{"href":"https:\/\/cabanadeportiva.com\/index.php?rest_route=%2Fwp%2Fv2%2Fmedia&parent=1302"}],"wp:term":[{"taxonomy":"product_brand","embeddable":true,"href":"https:\/\/cabanadeportiva.com\/index.php?rest_route=%2Fwp%2Fv2%2Fproduct_brand&post=1302"},{"taxonomy":"product_cat","embeddable":true,"href":"https:\/\/cabanadeportiva.com\/index.php?rest_route=%2Fwp%2Fv2%2Fproduct_cat&post=1302"},{"taxonomy":"product_tag","embeddable":true,"href":"https:\/\/cabanadeportiva.com\/index.php?rest_route=%2Fwp%2Fv2%2Fproduct_tag&post=1302"}],"curies":[{"name":"wp","href":"https:\/\/api.w.org\/{rel}","templated":true}]}}