{"id":1314,"date":"2022-05-09T16:09:38","date_gmt":"2022-05-09T16:09:38","guid":{"rendered":"https:\/\/cabanadeportiva.com\/?post_type=product&#038;p=1314"},"modified":"2022-05-09T16:09:38","modified_gmt":"2022-05-09T16:09:38","slug":"trx-banda-nacional","status":"publish","type":"product","link":"https:\/\/cabanadeportiva.com\/?product=trx-banda-nacional","title":{"rendered":"Trx banda nacional"},"content":{"rendered":"<p>KIT DE ENTRENAMIENTO DE BANDAS DE SUSPENCION CALIDAD ALTA RESISTENCIA EJERCICIO<\/p>\n<p>-Kit de correas de entrenamiento de resistencia de peso corporal<br \/>\n-Kit completo de entrenador de fitness de gimnasio en casa para entrenamiento de cuerpo completo y muy f\u00e1cil de llevar a donde vayas. ( Incluye CD y 2 manuales)<br \/>\n&#8211; Ancla para puerta!<br \/>\n-Malla de transporte de accesorios<br \/>\n-Banda de suspencion Xtend<\/p>\n<p>BENEFICIOS:<\/p>\n<p>-PR\u00c1CTICAS PARA EL ENTRENAMIENTO EN CASA<br \/>\n-POSIBILIDAD DE TRABAJAR TODOS LOS GRUPOS MUSCULARES<br \/>\n-VARIEDAD EN LOS ENTRENAMIENTOS<br \/>\n-F\u00c1CIL ADAPTACI\u00d3N A NUESTRA CONDICI\u00d3N F\u00cdSICA<\/p>\n","protected":false},"excerpt":{"rendered":"<p>KIT DE ENTRENAMIENTO DE BANDAS DE SUSPENCION CALIDAD ALTA RESISTENCIA EJERCICIO -Kit de correas de entrenamiento de resistencia de peso corporal -Kit completo de entrenador de fitness de gimnasio en casa para entrenamiento de cuerpo completo y muy f\u00e1cil de llevar a donde vayas. ( Incluye CD y 2 manuales) &#8211; Ancla para puerta! -Malla<\/p>\n<p class=\"link-more\"><a href=\"https:\/\/cabanadeportiva.com\/?product=trx-banda-nacional\" class=\"more-link\"><span>Leer M\u00e1s<\/span><span class=\"meta-nav\">&#8594;<\/span><\/a><\/p>\n","protected":false},"featured_media":1315,"comment_status":"open","ping_status":"closed","template":"","meta":[],"product_brand":[],"product_cat":[68,67],"product_tag":[],"class_list":{"0":"post-1314","1":"product","2":"type-product","3":"status-publish","4":"has-post-thumbnail","6":"product_cat-bandas","7":"product_cat-gym","9":"first","10":"instock","11":"sale","12":"shipping-taxable","13":"purchasable","14":"product-type-simple"},"_links":{"self":[{"href":"https:\/\/cabanadeportiva.com\/index.php?rest_route=\/wp\/v2\/product\/1314","targetHints":{"allow":["GET"]}}],"collection":[{"href":"https:\/\/cabanadeportiva.com\/index.php?rest_route=\/wp\/v2\/product"}],"about":[{"href":"https:\/\/cabanadeportiva.com\/index.php?rest_route=\/wp\/v2\/types\/product"}],"replies":[{"embeddable":true,"href":"https:\/\/cabanadeportiva.com\/index.php?rest_route=%2Fwp%2Fv2%2Fcomments&post=1314"}],"wp:featuredmedia":[{"embeddable":true,"href":"https:\/\/cabanadeportiva.com\/index.php?rest_route=\/wp\/v2\/media\/1315"}],"wp:attachment":[{"href":"https:\/\/cabanadeportiva.com\/index.php?rest_route=%2Fwp%2Fv2%2Fmedia&parent=1314"}],"wp:term":[{"taxonomy":"product_brand","embeddable":true,"href":"https:\/\/cabanadeportiva.com\/index.php?rest_route=%2Fwp%2Fv2%2Fproduct_brand&post=1314"},{"taxonomy":"product_cat","embeddable":true,"href":"https:\/\/cabanadeportiva.com\/index.php?rest_route=%2Fwp%2Fv2%2Fproduct_cat&post=1314"},{"taxonomy":"product_tag","embeddable":true,"href":"https:\/\/cabanadeportiva.com\/index.php?rest_route=%2Fwp%2Fv2%2Fproduct_tag&post=1314"}],"curies":[{"name":"wp","href":"https:\/\/api.w.org\/{rel}","templated":true}]}}