{"id":1322,"date":"2022-05-09T16:27:21","date_gmt":"2022-05-09T16:27:21","guid":{"rendered":"https:\/\/cabanadeportiva.com\/?post_type=product&#038;p=1322"},"modified":"2024-01-11T22:48:31","modified_gmt":"2024-01-11T22:48:31","slug":"protector-de-muneca-elastico-wonder","status":"publish","type":"product","link":"https:\/\/cabanadeportiva.com\/?product=protector-de-muneca-elastico-wonder","title":{"rendered":"Protector de mu\u00f1eca el\u00e1stico wonder"},"content":{"rendered":"<h2 class=\"ui-pdp-description__title\">Descripci\u00f3n<\/h2>\n<p class=\"ui-pdp-description__content\">Vendas protectoras para el levantamiento de pesas Est\u00e1n dise\u00f1adas para ayudar a los levantadores de pesas a soportar mayor peso durante entrenamientos m\u00e1s extensos y obtener los m\u00e1ximos beneficios. El nuevo el\u00e1stico de grado competitivo maximiza la estabilidad de la mu\u00f1eca. Tambi\u00e9n ayuda a minimizar la fatiga de la mu\u00f1eca durante las repeticiones.<br \/>\n* 100% Nuevo Marca: Wonder<br \/>\n* Alta Calidad<br \/>\n* Cantidad: 2 Unidades Color: Blanco \/ Negro Estilo de presilla el\u00e1stica para el pulgar<br \/>\n* Ideal para la protecci\u00f3n de las mu\u00f1ecas en trabajos fuertes \/ levantamiento de pesas Proteja y sujete las mu\u00f1ecas para una mayor estabilidad cuando entrena y levanta peso.<br \/>\n* M\u00e1ximo soporte y estabilidad para las mu\u00f1ecas Multiusos<br \/>\n* Unisex<br \/>\n* Ajustable &#8211; Con velcro para ajustarse f\u00e1cilmente para hombres o mujeres Costuras reforzadas para mayor seguridad .<br \/>\n* Protege la mu\u00f1eca y reduce las lesiones. * Mejor agarre Mayor compresi\u00f3n.<\/p>\n","protected":false},"excerpt":{"rendered":"<p>Descripci\u00f3n Vendas protectoras para el levantamiento de pesas Est\u00e1n dise\u00f1adas para ayudar a los levantadores de pesas a soportar mayor peso durante entrenamientos m\u00e1s extensos y obtener los m\u00e1ximos beneficios. El nuevo el\u00e1stico de grado competitivo maximiza la estabilidad de la mu\u00f1eca. Tambi\u00e9n ayuda a minimizar la fatiga de la mu\u00f1eca durante las repeticiones. *<\/p>\n<p class=\"link-more\"><a href=\"https:\/\/cabanadeportiva.com\/?product=protector-de-muneca-elastico-wonder\" class=\"more-link\"><span>Leer M\u00e1s<\/span><span class=\"meta-nav\">&#8594;<\/span><\/a><\/p>\n","protected":false},"featured_media":1323,"comment_status":"open","ping_status":"closed","template":"","meta":[],"product_brand":[],"product_cat":[67],"product_tag":[],"class_list":{"0":"post-1322","1":"product","2":"type-product","3":"status-publish","4":"has-post-thumbnail","6":"product_cat-gym","8":"first","9":"instock","10":"sale","11":"shipping-taxable","12":"purchasable","13":"product-type-simple"},"_links":{"self":[{"href":"https:\/\/cabanadeportiva.com\/index.php?rest_route=\/wp\/v2\/product\/1322","targetHints":{"allow":["GET"]}}],"collection":[{"href":"https:\/\/cabanadeportiva.com\/index.php?rest_route=\/wp\/v2\/product"}],"about":[{"href":"https:\/\/cabanadeportiva.com\/index.php?rest_route=\/wp\/v2\/types\/product"}],"replies":[{"embeddable":true,"href":"https:\/\/cabanadeportiva.com\/index.php?rest_route=%2Fwp%2Fv2%2Fcomments&post=1322"}],"wp:featuredmedia":[{"embeddable":true,"href":"https:\/\/cabanadeportiva.com\/index.php?rest_route=\/wp\/v2\/media\/1323"}],"wp:attachment":[{"href":"https:\/\/cabanadeportiva.com\/index.php?rest_route=%2Fwp%2Fv2%2Fmedia&parent=1322"}],"wp:term":[{"taxonomy":"product_brand","embeddable":true,"href":"https:\/\/cabanadeportiva.com\/index.php?rest_route=%2Fwp%2Fv2%2Fproduct_brand&post=1322"},{"taxonomy":"product_cat","embeddable":true,"href":"https:\/\/cabanadeportiva.com\/index.php?rest_route=%2Fwp%2Fv2%2Fproduct_cat&post=1322"},{"taxonomy":"product_tag","embeddable":true,"href":"https:\/\/cabanadeportiva.com\/index.php?rest_route=%2Fwp%2Fv2%2Fproduct_tag&post=1322"}],"curies":[{"name":"wp","href":"https:\/\/api.w.org\/{rel}","templated":true}]}}