{"id":1326,"date":"2022-05-09T16:33:15","date_gmt":"2022-05-09T16:33:15","guid":{"rendered":"https:\/\/cabanadeportiva.com\/?post_type=product&#038;p=1326"},"modified":"2023-03-31T17:01:06","modified_gmt":"2023-03-31T17:01:06","slug":"arnes-de-tobillo-sport-fitness","status":"publish","type":"product","link":"https:\/\/cabanadeportiva.com\/?product=arnes-de-tobillo-sport-fitness","title":{"rendered":"Arn\u00e9s de tobillo sport fitness"},"content":{"rendered":"<p>Arn\u00e9s De Tobillo Est\u00e1ndar Sport Fitness<br \/>\nEs Ideal para los trabajos de gl\u00fateos en polea baja, los cuales te ayudan a trabajar de una forma directa y efectiva ayud\u00e1ndote a dar un mayor estimulo al Gl\u00fateo mayor menor y gl\u00fateo medio.<\/p>\n","protected":false},"excerpt":{"rendered":"<p>Arn\u00e9s De Tobillo Est\u00e1ndar Sport Fitness Es Ideal para los trabajos de gl\u00fateos en polea baja, los cuales te ayudan a trabajar de una forma directa y efectiva ayud\u00e1ndote a dar un mayor estimulo al Gl\u00fateo mayor menor y gl\u00fateo medio.<\/p>\n","protected":false},"featured_media":1330,"comment_status":"open","ping_status":"closed","template":"","meta":[],"product_brand":[],"product_cat":[67],"product_tag":[],"class_list":{"0":"post-1326","1":"product","2":"type-product","3":"status-publish","4":"has-post-thumbnail","6":"product_cat-gym","8":"first","9":"instock","10":"sale","11":"shipping-taxable","12":"purchasable","13":"product-type-simple"},"_links":{"self":[{"href":"https:\/\/cabanadeportiva.com\/index.php?rest_route=\/wp\/v2\/product\/1326","targetHints":{"allow":["GET"]}}],"collection":[{"href":"https:\/\/cabanadeportiva.com\/index.php?rest_route=\/wp\/v2\/product"}],"about":[{"href":"https:\/\/cabanadeportiva.com\/index.php?rest_route=\/wp\/v2\/types\/product"}],"replies":[{"embeddable":true,"href":"https:\/\/cabanadeportiva.com\/index.php?rest_route=%2Fwp%2Fv2%2Fcomments&post=1326"}],"wp:featuredmedia":[{"embeddable":true,"href":"https:\/\/cabanadeportiva.com\/index.php?rest_route=\/wp\/v2\/media\/1330"}],"wp:attachment":[{"href":"https:\/\/cabanadeportiva.com\/index.php?rest_route=%2Fwp%2Fv2%2Fmedia&parent=1326"}],"wp:term":[{"taxonomy":"product_brand","embeddable":true,"href":"https:\/\/cabanadeportiva.com\/index.php?rest_route=%2Fwp%2Fv2%2Fproduct_brand&post=1326"},{"taxonomy":"product_cat","embeddable":true,"href":"https:\/\/cabanadeportiva.com\/index.php?rest_route=%2Fwp%2Fv2%2Fproduct_cat&post=1326"},{"taxonomy":"product_tag","embeddable":true,"href":"https:\/\/cabanadeportiva.com\/index.php?rest_route=%2Fwp%2Fv2%2Fproduct_tag&post=1326"}],"curies":[{"name":"wp","href":"https:\/\/api.w.org\/{rel}","templated":true}]}}