{"id":1336,"date":"2022-05-09T16:44:13","date_gmt":"2022-05-09T16:44:13","guid":{"rendered":"https:\/\/cabanadeportiva.com\/?post_type=product&#038;p=1336"},"modified":"2022-09-06T16:52:26","modified_gmt":"2022-09-06T16:52:26","slug":"kit-de-bandas-tubulares-x3-sport-fitness","status":"publish","type":"product","link":"https:\/\/cabanadeportiva.com\/?product=kit-de-bandas-tubulares-x3-sport-fitness","title":{"rendered":"Kit de bandas tubulares x3 sport fitness"},"content":{"rendered":"<p>** Kit x3 Bandas tubulares el\u00e1sticas de resistencia marca Sport Fitness **<\/p>\n<p>Kit de bandas de resistencia para intensificar tus m\u00fasculos y construir un cuerpo perfecto! \u00a1Son perfectas para trabajar Pecho, Biceps, Triceps, Abdominales, gl\u00fateos, y m\u00e1s! Tambi\u00e9n es ideal para ejercicios de fisioterapia que ayudan a rehabilitar lesiones, mejorar los movimientos funcionales de los adultos mayores.<\/p>\n<p>SE PUEDEN APLICAR A DIFERENTES TIPOS DE EJERCICIO; Perfecto para tonificar sus brazos, hombros, pecho, gl\u00fateos, piernas, etc. Tambi\u00e9n viene con una pr\u00e1ctica bolsa de viaje para que las puedas llevar al gimnasio, a la oficina, entrenar en casa o cuando vayas de viaje.<\/p>\n<p>INCLUYE:<\/p>\n<p>\u2022 AZUL: 6x9x1200 mm Azul. (Fuerte): 16lbs-20lbs.<br \/>\n\u2022 ROJO: 6x10x1200 mm Roja. (Medio): 12lbs-15lbs.<br \/>\n\u2022 VERDE: 6x11x1200 mm Verde. (Suave): 9lbs-11lbs.<br \/>\n\u2022 2 agarres para manos<\/p>\n","protected":false},"excerpt":{"rendered":"<p>** Kit x3 Bandas tubulares el\u00e1sticas de resistencia marca Sport Fitness ** Kit de bandas de resistencia para intensificar tus m\u00fasculos y construir un cuerpo perfecto! \u00a1Son perfectas para trabajar Pecho, Biceps, Triceps, Abdominales, gl\u00fateos, y m\u00e1s! Tambi\u00e9n es ideal para ejercicios de fisioterapia que ayudan a rehabilitar lesiones, mejorar los movimientos funcionales de los<\/p>\n<p class=\"link-more\"><a href=\"https:\/\/cabanadeportiva.com\/?product=kit-de-bandas-tubulares-x3-sport-fitness\" class=\"more-link\"><span>Leer M\u00e1s<\/span><span class=\"meta-nav\">&#8594;<\/span><\/a><\/p>\n","protected":false},"featured_media":1327,"comment_status":"open","ping_status":"closed","template":"","meta":[],"product_brand":[],"product_cat":[68,67],"product_tag":[],"class_list":{"0":"post-1336","1":"product","2":"type-product","3":"status-publish","4":"has-post-thumbnail","6":"product_cat-bandas","7":"product_cat-gym","8":"yith_product_brand-sport-fitness","10":"first","11":"instock","12":"sale","13":"shipping-taxable","14":"purchasable","15":"product-type-simple"},"_links":{"self":[{"href":"https:\/\/cabanadeportiva.com\/index.php?rest_route=\/wp\/v2\/product\/1336","targetHints":{"allow":["GET"]}}],"collection":[{"href":"https:\/\/cabanadeportiva.com\/index.php?rest_route=\/wp\/v2\/product"}],"about":[{"href":"https:\/\/cabanadeportiva.com\/index.php?rest_route=\/wp\/v2\/types\/product"}],"replies":[{"embeddable":true,"href":"https:\/\/cabanadeportiva.com\/index.php?rest_route=%2Fwp%2Fv2%2Fcomments&post=1336"}],"wp:featuredmedia":[{"embeddable":true,"href":"https:\/\/cabanadeportiva.com\/index.php?rest_route=\/wp\/v2\/media\/1327"}],"wp:attachment":[{"href":"https:\/\/cabanadeportiva.com\/index.php?rest_route=%2Fwp%2Fv2%2Fmedia&parent=1336"}],"wp:term":[{"taxonomy":"product_brand","embeddable":true,"href":"https:\/\/cabanadeportiva.com\/index.php?rest_route=%2Fwp%2Fv2%2Fproduct_brand&post=1336"},{"taxonomy":"product_cat","embeddable":true,"href":"https:\/\/cabanadeportiva.com\/index.php?rest_route=%2Fwp%2Fv2%2Fproduct_cat&post=1336"},{"taxonomy":"product_tag","embeddable":true,"href":"https:\/\/cabanadeportiva.com\/index.php?rest_route=%2Fwp%2Fv2%2Fproduct_tag&post=1336"}],"curies":[{"name":"wp","href":"https:\/\/api.w.org\/{rel}","templated":true}]}}