{"id":1337,"date":"2022-05-09T16:47:27","date_gmt":"2022-05-09T16:47:27","guid":{"rendered":"https:\/\/cabanadeportiva.com\/?post_type=product&#038;p=1337"},"modified":"2023-10-09T19:05:56","modified_gmt":"2023-10-09T19:05:56","slug":"barra-romana-metalica","status":"publish","type":"product","link":"https:\/\/cabanadeportiva.com\/?product=barra-romana-metalica","title":{"rendered":"Barra romana met\u00e1lica"},"content":{"rendered":"<p>La barra romana en acero cromado es una herramienta muy vers\u00e1til que brindar\u00e1\u00a0 al usuario grandes beneficios para el entrenamiento personal. Es ideal para entrenar los b\u00edceps, tr\u00edceps, antebrazos y hombros, con detalles antideslizantes para un agarre neutro y c\u00f3modo que ayudar\u00e1 a evitar posibles lesiones en las mu\u00f1ecas o hacer movimientos bruscos. Dise\u00f1ada para discos est\u00e1ndar de 1 pulgada. Incluye 2 seguros mariposas.<\/p>\n<p>Barra en acero cromado para discos est\u00e1ndar de 1&#8243;<br \/>\nDos seguros roscados para discos.<br \/>\nAgarres antideslizantes.<br \/>\nUso: Dom\u00e9stico Premium, Institucional y profesional.<\/p>\n","protected":false},"excerpt":{"rendered":"<p>La barra romana en acero cromado es una herramienta muy vers\u00e1til que brindar\u00e1\u00a0 al usuario grandes beneficios para el entrenamiento personal. Es ideal para entrenar los b\u00edceps, tr\u00edceps, antebrazos y hombros, con detalles antideslizantes para un agarre neutro y c\u00f3modo que ayudar\u00e1 a evitar posibles lesiones en las mu\u00f1ecas o hacer movimientos bruscos. Dise\u00f1ada para<\/p>\n<p class=\"link-more\"><a href=\"https:\/\/cabanadeportiva.com\/?product=barra-romana-metalica\" class=\"more-link\"><span>Leer M\u00e1s<\/span><span class=\"meta-nav\">&#8594;<\/span><\/a><\/p>\n","protected":false},"featured_media":1339,"comment_status":"open","ping_status":"closed","template":"","meta":[],"product_brand":[],"product_cat":[67,70],"product_tag":[],"class_list":{"0":"post-1337","1":"product","2":"type-product","3":"status-publish","4":"has-post-thumbnail","6":"product_cat-gym","7":"product_cat-pesas","9":"first","10":"instock","11":"sale","12":"shipping-taxable","13":"purchasable","14":"product-type-simple"},"_links":{"self":[{"href":"https:\/\/cabanadeportiva.com\/index.php?rest_route=\/wp\/v2\/product\/1337","targetHints":{"allow":["GET"]}}],"collection":[{"href":"https:\/\/cabanadeportiva.com\/index.php?rest_route=\/wp\/v2\/product"}],"about":[{"href":"https:\/\/cabanadeportiva.com\/index.php?rest_route=\/wp\/v2\/types\/product"}],"replies":[{"embeddable":true,"href":"https:\/\/cabanadeportiva.com\/index.php?rest_route=%2Fwp%2Fv2%2Fcomments&post=1337"}],"wp:featuredmedia":[{"embeddable":true,"href":"https:\/\/cabanadeportiva.com\/index.php?rest_route=\/wp\/v2\/media\/1339"}],"wp:attachment":[{"href":"https:\/\/cabanadeportiva.com\/index.php?rest_route=%2Fwp%2Fv2%2Fmedia&parent=1337"}],"wp:term":[{"taxonomy":"product_brand","embeddable":true,"href":"https:\/\/cabanadeportiva.com\/index.php?rest_route=%2Fwp%2Fv2%2Fproduct_brand&post=1337"},{"taxonomy":"product_cat","embeddable":true,"href":"https:\/\/cabanadeportiva.com\/index.php?rest_route=%2Fwp%2Fv2%2Fproduct_cat&post=1337"},{"taxonomy":"product_tag","embeddable":true,"href":"https:\/\/cabanadeportiva.com\/index.php?rest_route=%2Fwp%2Fv2%2Fproduct_tag&post=1337"}],"curies":[{"name":"wp","href":"https:\/\/api.w.org\/{rel}","templated":true}]}}