{"id":1342,"date":"2022-05-09T16:55:17","date_gmt":"2022-05-09T16:55:17","guid":{"rendered":"https:\/\/cabanadeportiva.com\/?post_type=product&#038;p=1342"},"modified":"2023-10-09T19:05:14","modified_gmt":"2023-10-09T19:05:14","slug":"barra-recta-1-80m","status":"publish","type":"product","link":"https:\/\/cabanadeportiva.com\/?product=barra-recta-1-80m","title":{"rendered":"Barra recta 1.80m"},"content":{"rendered":"<p>Barra recta en acero cromado con agarre antideslizante.<br \/>\nPara discos est\u00e1ndar.<br \/>\nPeso: 7 Kg.<br \/>\nEjercicio sugerido: Rotaci\u00f3n con tronco, flexiones laterales, Sentadillas, tambi\u00e9n ejercite sus hombros.<br \/>\nUso: Dom\u00e9stico Premium, Institucional y profesional.<br \/>\n180 cm largo X 2.5 cm di\u00e1metro<\/p>\n","protected":false},"excerpt":{"rendered":"<p>Barra recta en acero cromado con agarre antideslizante. Para discos est\u00e1ndar. Peso: 7 Kg. Ejercicio sugerido: Rotaci\u00f3n con tronco, flexiones laterales, Sentadillas, tambi\u00e9n ejercite sus hombros. Uso: Dom\u00e9stico Premium, Institucional y profesional. 180 cm largo X 2.5 cm di\u00e1metro<\/p>\n","protected":false},"featured_media":1344,"comment_status":"open","ping_status":"closed","template":"","meta":[],"product_brand":[],"product_cat":[67,73],"product_tag":[],"class_list":{"0":"post-1342","1":"product","2":"type-product","3":"status-publish","4":"has-post-thumbnail","6":"product_cat-gym","7":"product_cat-mancuernas","9":"first","10":"instock","11":"sale","12":"shipping-taxable","13":"purchasable","14":"product-type-simple"},"_links":{"self":[{"href":"https:\/\/cabanadeportiva.com\/index.php?rest_route=\/wp\/v2\/product\/1342","targetHints":{"allow":["GET"]}}],"collection":[{"href":"https:\/\/cabanadeportiva.com\/index.php?rest_route=\/wp\/v2\/product"}],"about":[{"href":"https:\/\/cabanadeportiva.com\/index.php?rest_route=\/wp\/v2\/types\/product"}],"replies":[{"embeddable":true,"href":"https:\/\/cabanadeportiva.com\/index.php?rest_route=%2Fwp%2Fv2%2Fcomments&post=1342"}],"wp:featuredmedia":[{"embeddable":true,"href":"https:\/\/cabanadeportiva.com\/index.php?rest_route=\/wp\/v2\/media\/1344"}],"wp:attachment":[{"href":"https:\/\/cabanadeportiva.com\/index.php?rest_route=%2Fwp%2Fv2%2Fmedia&parent=1342"}],"wp:term":[{"taxonomy":"product_brand","embeddable":true,"href":"https:\/\/cabanadeportiva.com\/index.php?rest_route=%2Fwp%2Fv2%2Fproduct_brand&post=1342"},{"taxonomy":"product_cat","embeddable":true,"href":"https:\/\/cabanadeportiva.com\/index.php?rest_route=%2Fwp%2Fv2%2Fproduct_cat&post=1342"},{"taxonomy":"product_tag","embeddable":true,"href":"https:\/\/cabanadeportiva.com\/index.php?rest_route=%2Fwp%2Fv2%2Fproduct_tag&post=1342"}],"curies":[{"name":"wp","href":"https:\/\/api.w.org\/{rel}","templated":true}]}}