{"id":1399,"date":"2022-05-11T16:27:30","date_gmt":"2022-05-11T16:27:30","guid":{"rendered":"https:\/\/cabanadeportiva.com\/?post_type=product&#038;p=1399"},"modified":"2022-05-11T16:27:30","modified_gmt":"2022-05-11T16:27:30","slug":"hombrera","status":"publish","type":"product","link":"https:\/\/cabanadeportiva.com\/?product=hombrera","title":{"rendered":"Hombrera"},"content":{"rendered":"<p>Elaborada en neopreno<br \/>\n* Soporte de Hombro Ajustable.<br \/>\nSi te gusta practicar deporte y notas molestias en tu hombro y piensas que podr\u00edas tener una luxaci\u00f3n o tendinitis, es posible que necesites una buena hombrera de neopreno para recuperarte m\u00e1s r\u00e1pidamente.<br \/>\n* \u00d3ptima para:<br \/>\n&#8211; Inestabilidad esc\u00e1pulo-humeral.<br \/>\n&#8211; Inestabilidad anterior y posterior.<br \/>\n&#8211; Restringe rotaci\u00f3n interna\/externa.<br \/>\n&#8211; Controla la abducci\u00f3n.<br \/>\n&#8211; Acromioplastia.<br \/>\n&#8211; Prevenci\u00f3n de lesiones del hombro debido a movimiento brusco en la pr\u00e1ctica deportiva.<br \/>\n&#8211; Dolores no espec\u00edficos del hombro.<br \/>\n&#8211; Tratamiento de recuperaci\u00f3n post-operatorio, Luxaci\u00f3n y Lesiones de rotaci\u00f3n.<br \/>\n* Su sistema de correas ayuda a tener una mayor compresi\u00f3n y un \u00f3ptimo nivel de sujeci\u00f3n.<br \/>\n* Elegante y discreto dise\u00f1o anat\u00f3mico que permite el movimiento correcto de la articulaci\u00f3n del hombro.<br \/>\n* Fabricada en material neopreno hipoalerg\u00e9nico y transpirable que ofrece un gran confort.<br \/>\n* Se puede utilizar en ambos hombros.<\/p>\n","protected":false},"excerpt":{"rendered":"<p>Elaborada en neopreno * Soporte de Hombro Ajustable. Si te gusta practicar deporte y notas molestias en tu hombro y piensas que podr\u00edas tener una luxaci\u00f3n o tendinitis, es posible que necesites una buena hombrera de neopreno para recuperarte m\u00e1s r\u00e1pidamente. * \u00d3ptima para: &#8211; Inestabilidad esc\u00e1pulo-humeral. &#8211; Inestabilidad anterior y posterior. &#8211; Restringe rotaci\u00f3n<\/p>\n<p class=\"link-more\"><a href=\"https:\/\/cabanadeportiva.com\/?product=hombrera\" class=\"more-link\"><span>Leer M\u00e1s<\/span><span class=\"meta-nav\">&#8594;<\/span><\/a><\/p>\n","protected":false},"featured_media":1404,"comment_status":"open","ping_status":"closed","template":"","meta":[],"product_brand":[],"product_cat":[110,109],"product_tag":[],"class_list":{"0":"post-1399","1":"product","2":"type-product","3":"status-publish","4":"has-post-thumbnail","6":"product_cat-hombrera","7":"product_cat-lesiones","9":"first","10":"instock","11":"sale","12":"shipping-taxable","13":"purchasable","14":"product-type-simple"},"_links":{"self":[{"href":"https:\/\/cabanadeportiva.com\/index.php?rest_route=\/wp\/v2\/product\/1399","targetHints":{"allow":["GET"]}}],"collection":[{"href":"https:\/\/cabanadeportiva.com\/index.php?rest_route=\/wp\/v2\/product"}],"about":[{"href":"https:\/\/cabanadeportiva.com\/index.php?rest_route=\/wp\/v2\/types\/product"}],"replies":[{"embeddable":true,"href":"https:\/\/cabanadeportiva.com\/index.php?rest_route=%2Fwp%2Fv2%2Fcomments&post=1399"}],"wp:featuredmedia":[{"embeddable":true,"href":"https:\/\/cabanadeportiva.com\/index.php?rest_route=\/wp\/v2\/media\/1404"}],"wp:attachment":[{"href":"https:\/\/cabanadeportiva.com\/index.php?rest_route=%2Fwp%2Fv2%2Fmedia&parent=1399"}],"wp:term":[{"taxonomy":"product_brand","embeddable":true,"href":"https:\/\/cabanadeportiva.com\/index.php?rest_route=%2Fwp%2Fv2%2Fproduct_brand&post=1399"},{"taxonomy":"product_cat","embeddable":true,"href":"https:\/\/cabanadeportiva.com\/index.php?rest_route=%2Fwp%2Fv2%2Fproduct_cat&post=1399"},{"taxonomy":"product_tag","embeddable":true,"href":"https:\/\/cabanadeportiva.com\/index.php?rest_route=%2Fwp%2Fv2%2Fproduct_tag&post=1399"}],"curies":[{"name":"wp","href":"https:\/\/api.w.org\/{rel}","templated":true}]}}