{"id":1405,"date":"2022-05-11T16:30:27","date_gmt":"2022-05-11T16:30:27","guid":{"rendered":"https:\/\/cabanadeportiva.com\/?post_type=product&#038;p=1405"},"modified":"2022-05-11T16:30:27","modified_gmt":"2022-05-11T16:30:27","slug":"tunel-del-carpo","status":"publish","type":"product","link":"https:\/\/cabanadeportiva.com\/?product=tunel-del-carpo","title":{"rendered":"Tunel del carpo"},"content":{"rendered":"<p>Usos:<br \/>\n&#8211; Reducir\/aliviar los s\u00edntomas del dolor por el s\u00edndrome de t\u00fanel carpiano y tendinitis.<br \/>\n&#8211; Inmovilizaci\u00f3n en posici\u00f3n funcional de la mano.<br \/>\n&#8211; Secuelas dolorosas e inflamatorias. Inestabilidad. Rehabilitaci\u00f3n. Artritis.<\/p>\n<p>Caracter\u00edsticas: ajustable a todas las tallas. TABLILLA METALICA REMOVIBLE FACIL DE CAMBIAR PARA USAR EN LA MU\u00d1ECA DERECHA O IZQUIERDA<\/p>\n<p>Composici\u00f3n: neopreno, f\u00e9rula en aluminio y cierre de contacto sistema KRIK.<br \/>\nColor negro<\/p>\n<p>Tallas: TALLA \u00daNICA<\/p>\n","protected":false},"excerpt":{"rendered":"<p>Usos: &#8211; Reducir\/aliviar los s\u00edntomas del dolor por el s\u00edndrome de t\u00fanel carpiano y tendinitis. &#8211; Inmovilizaci\u00f3n en posici\u00f3n funcional de la mano. &#8211; Secuelas dolorosas e inflamatorias. Inestabilidad. Rehabilitaci\u00f3n. Artritis. Caracter\u00edsticas: ajustable a todas las tallas. TABLILLA METALICA REMOVIBLE FACIL DE CAMBIAR PARA USAR EN LA MU\u00d1ECA DERECHA O IZQUIERDA Composici\u00f3n: neopreno, f\u00e9rula en<\/p>\n<p class=\"link-more\"><a href=\"https:\/\/cabanadeportiva.com\/?product=tunel-del-carpo\" class=\"more-link\"><span>Leer M\u00e1s<\/span><span class=\"meta-nav\">&#8594;<\/span><\/a><\/p>\n","protected":false},"featured_media":1403,"comment_status":"open","ping_status":"closed","template":"","meta":[],"product_brand":[],"product_cat":[109,112],"product_tag":[],"class_list":{"0":"post-1405","1":"product","2":"type-product","3":"status-publish","4":"has-post-thumbnail","6":"product_cat-lesiones","7":"product_cat-munequeras","9":"first","10":"instock","11":"sale","12":"shipping-taxable","13":"purchasable","14":"product-type-simple"},"_links":{"self":[{"href":"https:\/\/cabanadeportiva.com\/index.php?rest_route=\/wp\/v2\/product\/1405","targetHints":{"allow":["GET"]}}],"collection":[{"href":"https:\/\/cabanadeportiva.com\/index.php?rest_route=\/wp\/v2\/product"}],"about":[{"href":"https:\/\/cabanadeportiva.com\/index.php?rest_route=\/wp\/v2\/types\/product"}],"replies":[{"embeddable":true,"href":"https:\/\/cabanadeportiva.com\/index.php?rest_route=%2Fwp%2Fv2%2Fcomments&post=1405"}],"wp:featuredmedia":[{"embeddable":true,"href":"https:\/\/cabanadeportiva.com\/index.php?rest_route=\/wp\/v2\/media\/1403"}],"wp:attachment":[{"href":"https:\/\/cabanadeportiva.com\/index.php?rest_route=%2Fwp%2Fv2%2Fmedia&parent=1405"}],"wp:term":[{"taxonomy":"product_brand","embeddable":true,"href":"https:\/\/cabanadeportiva.com\/index.php?rest_route=%2Fwp%2Fv2%2Fproduct_brand&post=1405"},{"taxonomy":"product_cat","embeddable":true,"href":"https:\/\/cabanadeportiva.com\/index.php?rest_route=%2Fwp%2Fv2%2Fproduct_cat&post=1405"},{"taxonomy":"product_tag","embeddable":true,"href":"https:\/\/cabanadeportiva.com\/index.php?rest_route=%2Fwp%2Fv2%2Fproduct_tag&post=1405"}],"curies":[{"name":"wp","href":"https:\/\/api.w.org\/{rel}","templated":true}]}}