{"id":1406,"date":"2022-05-11T16:35:49","date_gmt":"2022-05-11T16:35:49","guid":{"rendered":"https:\/\/cabanadeportiva.com\/?post_type=product&#038;p=1406"},"modified":"2022-09-27T16:03:34","modified_gmt":"2022-09-27T16:03:34","slug":"rodillera-de-presion-larga","status":"publish","type":"product","link":"https:\/\/cabanadeportiva.com\/?product=rodillera-de-presion-larga","title":{"rendered":"Rodillera de presion larga"},"content":{"rendered":"<p>RODILLERA DE COMPRESION EXPANDIBLE LARGA<\/p>\n<p>CARACTERISTICAS:<br \/>\n\u2022 Material nylon spandex LARGA<br \/>\n* Medidas: 48cms largo X 17cs de ancho<br \/>\n\u2022 tecnologia tejido 3d<br \/>\n\u2022 Rodillera el\u00e1stica de compresi\u00f3n ajustable y resistente<br \/>\n\u2022 Manga deportiva para la rodilla<br \/>\n\u2022 Perfecta para tratamiento terap\u00e9utico de m\u00fasculos y articulaciones.<br \/>\n\u2022 unisex<br \/>\n\u2022 Adecuado para todas las actividades deportivas que implican una gran cantidad de estr\u00e9s en las articulaciones, como: correr, baloncesto, f\u00fatbol, golf, ciclismo, tenis, senderismo, voleibol, esqu\u00ed , patinaje<br \/>\n\u2022 Ayuda a reducir el dolor por esguinces, contracturas, tendinitis y bursitis<br \/>\n\u2022 Prevenci\u00f3n de lesiones y dolores articulares futuros gracias a su doble efecto de compresi\u00f3n + retenci\u00f3n del calor.<br \/>\n\u2022 Mejora la circulaci\u00f3n sangu\u00ednea, estimula el flujo de ox\u00edgeno a los m\u00fasculos<br \/>\n\u2022 color verde con negro<\/p>\n","protected":false},"excerpt":{"rendered":"<p>RODILLERA DE COMPRESION EXPANDIBLE LARGA CARACTERISTICAS: \u2022 Material nylon spandex LARGA * Medidas: 48cms largo X 17cs de ancho \u2022 tecnologia tejido 3d \u2022 Rodillera el\u00e1stica de compresi\u00f3n ajustable y resistente \u2022 Manga deportiva para la rodilla \u2022 Perfecta para tratamiento terap\u00e9utico de m\u00fasculos y articulaciones. \u2022 unisex \u2022 Adecuado para todas las actividades deportivas<\/p>\n<p class=\"link-more\"><a href=\"https:\/\/cabanadeportiva.com\/?product=rodillera-de-presion-larga\" class=\"more-link\"><span>Leer M\u00e1s<\/span><span class=\"meta-nav\">&#8594;<\/span><\/a><\/p>\n","protected":false},"featured_media":1402,"comment_status":"open","ping_status":"closed","template":"","meta":[],"product_brand":[],"product_cat":[109,113],"product_tag":[],"class_list":{"0":"post-1406","1":"product","2":"type-product","3":"status-publish","4":"has-post-thumbnail","6":"product_cat-lesiones","7":"product_cat-rodilleras","9":"first","10":"instock","11":"sale","12":"shipping-taxable","13":"purchasable","14":"product-type-simple"},"_links":{"self":[{"href":"https:\/\/cabanadeportiva.com\/index.php?rest_route=\/wp\/v2\/product\/1406","targetHints":{"allow":["GET"]}}],"collection":[{"href":"https:\/\/cabanadeportiva.com\/index.php?rest_route=\/wp\/v2\/product"}],"about":[{"href":"https:\/\/cabanadeportiva.com\/index.php?rest_route=\/wp\/v2\/types\/product"}],"replies":[{"embeddable":true,"href":"https:\/\/cabanadeportiva.com\/index.php?rest_route=%2Fwp%2Fv2%2Fcomments&post=1406"}],"wp:featuredmedia":[{"embeddable":true,"href":"https:\/\/cabanadeportiva.com\/index.php?rest_route=\/wp\/v2\/media\/1402"}],"wp:attachment":[{"href":"https:\/\/cabanadeportiva.com\/index.php?rest_route=%2Fwp%2Fv2%2Fmedia&parent=1406"}],"wp:term":[{"taxonomy":"product_brand","embeddable":true,"href":"https:\/\/cabanadeportiva.com\/index.php?rest_route=%2Fwp%2Fv2%2Fproduct_brand&post=1406"},{"taxonomy":"product_cat","embeddable":true,"href":"https:\/\/cabanadeportiva.com\/index.php?rest_route=%2Fwp%2Fv2%2Fproduct_cat&post=1406"},{"taxonomy":"product_tag","embeddable":true,"href":"https:\/\/cabanadeportiva.com\/index.php?rest_route=%2Fwp%2Fv2%2Fproduct_tag&post=1406"}],"curies":[{"name":"wp","href":"https:\/\/api.w.org\/{rel}","templated":true}]}}