{"id":1419,"date":"2022-05-11T17:01:40","date_gmt":"2022-05-11T17:01:40","guid":{"rendered":"https:\/\/cabanadeportiva.com\/?post_type=product&#038;p=1419"},"modified":"2022-09-27T16:03:01","modified_gmt":"2022-09-27T16:03:01","slug":"rodillera-ajustable-corta-elisua","status":"publish","type":"product","link":"https:\/\/cabanadeportiva.com\/?product=rodillera-ajustable-corta-elisua","title":{"rendered":"Rodillera ajustable corta elisua"},"content":{"rendered":"<p>Tallas: S\/M,\u00a0 L\/XL<\/p>\n<p>CARACTERISTICAS:<br \/>\n-Gel (interno rodillera) protector de rotula<br \/>\n&#8211; Material: Neopreno<br \/>\n&#8211; Talla \u00fanica ajustable<br \/>\n&#8211; El dise\u00f1o de cierre con 3 velcros se ajusta a la mayor\u00eda de los tama\u00f1os de rodilla.<br \/>\n&#8211; Retiene el cuerpo y aumenta la circulaci\u00f3n sangu\u00ednea.<br \/>\n&#8211; Puede ser ajustable de acuerdo a sus necesidades.<br \/>\n&#8211; Herramienta de protecci\u00f3n eficaz para tus rodillas.<br \/>\n&#8211; Se puede enrollar para un f\u00e1cil transporte.<br \/>\n&#8211; Posee materiales flexibles que proporcionan un soporte extra en la rodilla sin quitar<br \/>\nmovilidad.<br \/>\n&#8211; Proporciona compresi\u00f3n para rodillas d\u00e9biles o sobre estresadas.<\/p>\n","protected":false},"excerpt":{"rendered":"<p>Tallas: S\/M,\u00a0 L\/XL CARACTERISTICAS: -Gel (interno rodillera) protector de rotula &#8211; Material: Neopreno &#8211; Talla \u00fanica ajustable &#8211; El dise\u00f1o de cierre con 3 velcros se ajusta a la mayor\u00eda de los tama\u00f1os de rodilla. &#8211; Retiene el cuerpo y aumenta la circulaci\u00f3n sangu\u00ednea. &#8211; Puede ser ajustable de acuerdo a sus necesidades. &#8211; Herramienta<\/p>\n<p class=\"link-more\"><a href=\"https:\/\/cabanadeportiva.com\/?product=rodillera-ajustable-corta-elisua\" class=\"more-link\"><span>Leer M\u00e1s<\/span><span class=\"meta-nav\">&#8594;<\/span><\/a><\/p>\n","protected":false},"featured_media":1416,"comment_status":"open","ping_status":"closed","template":"","meta":[],"product_brand":[],"product_cat":[109,113],"product_tag":[],"class_list":{"0":"post-1419","1":"product","2":"type-product","3":"status-publish","4":"has-post-thumbnail","6":"product_cat-lesiones","7":"product_cat-rodilleras","9":"first","10":"instock","11":"sale","12":"shipping-taxable","13":"purchasable","14":"product-type-simple"},"_links":{"self":[{"href":"https:\/\/cabanadeportiva.com\/index.php?rest_route=\/wp\/v2\/product\/1419","targetHints":{"allow":["GET"]}}],"collection":[{"href":"https:\/\/cabanadeportiva.com\/index.php?rest_route=\/wp\/v2\/product"}],"about":[{"href":"https:\/\/cabanadeportiva.com\/index.php?rest_route=\/wp\/v2\/types\/product"}],"replies":[{"embeddable":true,"href":"https:\/\/cabanadeportiva.com\/index.php?rest_route=%2Fwp%2Fv2%2Fcomments&post=1419"}],"wp:featuredmedia":[{"embeddable":true,"href":"https:\/\/cabanadeportiva.com\/index.php?rest_route=\/wp\/v2\/media\/1416"}],"wp:attachment":[{"href":"https:\/\/cabanadeportiva.com\/index.php?rest_route=%2Fwp%2Fv2%2Fmedia&parent=1419"}],"wp:term":[{"taxonomy":"product_brand","embeddable":true,"href":"https:\/\/cabanadeportiva.com\/index.php?rest_route=%2Fwp%2Fv2%2Fproduct_brand&post=1419"},{"taxonomy":"product_cat","embeddable":true,"href":"https:\/\/cabanadeportiva.com\/index.php?rest_route=%2Fwp%2Fv2%2Fproduct_cat&post=1419"},{"taxonomy":"product_tag","embeddable":true,"href":"https:\/\/cabanadeportiva.com\/index.php?rest_route=%2Fwp%2Fv2%2Fproduct_tag&post=1419"}],"curies":[{"name":"wp","href":"https:\/\/api.w.org\/{rel}","templated":true}]}}