{"id":1426,"date":"2022-05-11T17:11:19","date_gmt":"2022-05-11T17:11:19","guid":{"rendered":"https:\/\/cabanadeportiva.com\/?post_type=product&#038;p=1426"},"modified":"2023-10-03T17:08:51","modified_gmt":"2023-10-03T17:08:51","slug":"munequera-ajustable","status":"publish","type":"product","link":"https:\/\/cabanadeportiva.com\/?product=munequera-ajustable","title":{"rendered":"Mu\u00f1equera ajustable"},"content":{"rendered":"<p>SOPORTE DE MU\u00d1ECA<\/p>\n<p>Usos:<br \/>\n&#8211; Reducir\/aliviar los s\u00edntomas del dolor<br \/>\n&#8211; Inmovilizaci\u00f3n en posici\u00f3n funcional de la mano.<br \/>\n&#8211; Secuelas dolorosas e inflamatorias. Inestabilidad. Rehabilitaci\u00f3n. Artritis.<\/p>\n<p>Composici\u00f3n: neopreno, f\u00e9rula en aluminio y cierre de contacto sistema KRIK.<br \/>\nColor negro<\/p>\n<p>Tallas: TALLA \u00daNICA<\/p>\n","protected":false},"excerpt":{"rendered":"<p>SOPORTE DE MU\u00d1ECA Usos: &#8211; Reducir\/aliviar los s\u00edntomas del dolor &#8211; Inmovilizaci\u00f3n en posici\u00f3n funcional de la mano. &#8211; Secuelas dolorosas e inflamatorias. Inestabilidad. Rehabilitaci\u00f3n. Artritis. Composici\u00f3n: neopreno, f\u00e9rula en aluminio y cierre de contacto sistema KRIK. Color negro Tallas: TALLA \u00daNICA<\/p>\n","protected":false},"featured_media":1414,"comment_status":"open","ping_status":"closed","template":"","meta":[],"product_brand":[],"product_cat":[109,112],"product_tag":[],"class_list":{"0":"post-1426","1":"product","2":"type-product","3":"status-publish","4":"has-post-thumbnail","6":"product_cat-lesiones","7":"product_cat-munequeras","9":"first","10":"instock","11":"sale","12":"shipping-taxable","13":"purchasable","14":"product-type-simple"},"_links":{"self":[{"href":"https:\/\/cabanadeportiva.com\/index.php?rest_route=\/wp\/v2\/product\/1426","targetHints":{"allow":["GET"]}}],"collection":[{"href":"https:\/\/cabanadeportiva.com\/index.php?rest_route=\/wp\/v2\/product"}],"about":[{"href":"https:\/\/cabanadeportiva.com\/index.php?rest_route=\/wp\/v2\/types\/product"}],"replies":[{"embeddable":true,"href":"https:\/\/cabanadeportiva.com\/index.php?rest_route=%2Fwp%2Fv2%2Fcomments&post=1426"}],"wp:featuredmedia":[{"embeddable":true,"href":"https:\/\/cabanadeportiva.com\/index.php?rest_route=\/wp\/v2\/media\/1414"}],"wp:attachment":[{"href":"https:\/\/cabanadeportiva.com\/index.php?rest_route=%2Fwp%2Fv2%2Fmedia&parent=1426"}],"wp:term":[{"taxonomy":"product_brand","embeddable":true,"href":"https:\/\/cabanadeportiva.com\/index.php?rest_route=%2Fwp%2Fv2%2Fproduct_brand&post=1426"},{"taxonomy":"product_cat","embeddable":true,"href":"https:\/\/cabanadeportiva.com\/index.php?rest_route=%2Fwp%2Fv2%2Fproduct_cat&post=1426"},{"taxonomy":"product_tag","embeddable":true,"href":"https:\/\/cabanadeportiva.com\/index.php?rest_route=%2Fwp%2Fv2%2Fproduct_tag&post=1426"}],"curies":[{"name":"wp","href":"https:\/\/api.w.org\/{rel}","templated":true}]}}