{"id":1429,"date":"2022-05-11T17:17:11","date_gmt":"2022-05-11T17:17:11","guid":{"rendered":"https:\/\/cabanadeportiva.com\/?post_type=product&#038;p=1429"},"modified":"2022-05-11T17:17:11","modified_gmt":"2022-05-11T17:17:11","slug":"rodillera-rotulo-abierto","status":"publish","type":"product","link":"https:\/\/cabanadeportiva.com\/?product=rodillera-rotulo-abierto","title":{"rendered":"Rodillera rotulo abierto"},"content":{"rendered":"<p>RODILLERA R\u00d3TULA ABIERTA.<br \/>\nLa rodillera r\u00f3tula abierta es usada para tratar ligeras contusiones, artrosis, artritis y patolog\u00edas de rodilla en las que sea necesario descargar la r\u00f3tula generando compresi\u00f3n y soporte. Brinda soporte preventivo.<\/p>\n<p>Descripci\u00f3n del producto:<\/p>\n<p>La rodillera r\u00f3tula abierta es usada para tratar ligeras contusiones, artrosis, artritis y patolog\u00edas de rodilla en las que sea necesario descargar la r\u00f3tula generando compresi\u00f3n y soporte. Brinda soporte preventivo.<br \/>\nLa rodillera r\u00f3tula abierta est\u00e1 elaborada en neopreno de 4mm: t\u00e9rmico, flexible y terap\u00e9utico. Su tiempo de garant\u00eda es de 30 d\u00edas por costuras o defectos de fabricaci\u00f3n.<\/p>\n","protected":false},"excerpt":{"rendered":"<p>RODILLERA R\u00d3TULA ABIERTA. La rodillera r\u00f3tula abierta es usada para tratar ligeras contusiones, artrosis, artritis y patolog\u00edas de rodilla en las que sea necesario descargar la r\u00f3tula generando compresi\u00f3n y soporte. Brinda soporte preventivo. Descripci\u00f3n del producto: La rodillera r\u00f3tula abierta es usada para tratar ligeras contusiones, artrosis, artritis y patolog\u00edas de rodilla en las<\/p>\n<p class=\"link-more\"><a href=\"https:\/\/cabanadeportiva.com\/?product=rodillera-rotulo-abierto\" class=\"more-link\"><span>Leer M\u00e1s<\/span><span class=\"meta-nav\">&#8594;<\/span><\/a><\/p>\n","protected":false},"featured_media":1430,"comment_status":"open","ping_status":"closed","template":"","meta":[],"product_brand":[],"product_cat":[109,113],"product_tag":[],"class_list":{"0":"post-1429","1":"product","2":"type-product","3":"status-publish","4":"has-post-thumbnail","6":"product_cat-lesiones","7":"product_cat-rodilleras","9":"first","10":"instock","11":"sale","12":"shipping-taxable","13":"purchasable","14":"product-type-simple"},"_links":{"self":[{"href":"https:\/\/cabanadeportiva.com\/index.php?rest_route=\/wp\/v2\/product\/1429","targetHints":{"allow":["GET"]}}],"collection":[{"href":"https:\/\/cabanadeportiva.com\/index.php?rest_route=\/wp\/v2\/product"}],"about":[{"href":"https:\/\/cabanadeportiva.com\/index.php?rest_route=\/wp\/v2\/types\/product"}],"replies":[{"embeddable":true,"href":"https:\/\/cabanadeportiva.com\/index.php?rest_route=%2Fwp%2Fv2%2Fcomments&post=1429"}],"wp:featuredmedia":[{"embeddable":true,"href":"https:\/\/cabanadeportiva.com\/index.php?rest_route=\/wp\/v2\/media\/1430"}],"wp:attachment":[{"href":"https:\/\/cabanadeportiva.com\/index.php?rest_route=%2Fwp%2Fv2%2Fmedia&parent=1429"}],"wp:term":[{"taxonomy":"product_brand","embeddable":true,"href":"https:\/\/cabanadeportiva.com\/index.php?rest_route=%2Fwp%2Fv2%2Fproduct_brand&post=1429"},{"taxonomy":"product_cat","embeddable":true,"href":"https:\/\/cabanadeportiva.com\/index.php?rest_route=%2Fwp%2Fv2%2Fproduct_cat&post=1429"},{"taxonomy":"product_tag","embeddable":true,"href":"https:\/\/cabanadeportiva.com\/index.php?rest_route=%2Fwp%2Fv2%2Fproduct_tag&post=1429"}],"curies":[{"name":"wp","href":"https:\/\/api.w.org\/{rel}","templated":true}]}}