{"id":1433,"date":"2022-05-11T17:24:37","date_gmt":"2022-05-11T17:24:37","guid":{"rendered":"https:\/\/cabanadeportiva.com\/?post_type=product&#038;p=1433"},"modified":"2023-03-31T17:09:19","modified_gmt":"2023-03-31T17:09:19","slug":"anillo-rotuliano-sencillo","status":"publish","type":"product","link":"https:\/\/cabanadeportiva.com\/?product=anillo-rotuliano-sencillo","title":{"rendered":"Anillo rotuliano sencillo"},"content":{"rendered":"<p>ANILLO SUB-ROTULIANO<\/p>\n<p>Ortesis que promueve la recuperaci\u00f3n de la patolog\u00eda del tend\u00f3n rotuliano y\/o previene la inflamaci\u00f3n de \u00e9ste<\/p>\n","protected":false},"excerpt":{"rendered":"<p>ANILLO SUB-ROTULIANO Ortesis que promueve la recuperaci\u00f3n de la patolog\u00eda del tend\u00f3n rotuliano y\/o previene la inflamaci\u00f3n de \u00e9ste<\/p>\n","protected":false},"featured_media":1434,"comment_status":"open","ping_status":"closed","template":"","meta":[],"product_brand":[],"product_cat":[109,113],"product_tag":[],"class_list":{"0":"post-1433","1":"product","2":"type-product","3":"status-publish","4":"has-post-thumbnail","6":"product_cat-lesiones","7":"product_cat-rodilleras","9":"first","10":"instock","11":"sale","12":"shipping-taxable","13":"purchasable","14":"product-type-simple"},"_links":{"self":[{"href":"https:\/\/cabanadeportiva.com\/index.php?rest_route=\/wp\/v2\/product\/1433","targetHints":{"allow":["GET"]}}],"collection":[{"href":"https:\/\/cabanadeportiva.com\/index.php?rest_route=\/wp\/v2\/product"}],"about":[{"href":"https:\/\/cabanadeportiva.com\/index.php?rest_route=\/wp\/v2\/types\/product"}],"replies":[{"embeddable":true,"href":"https:\/\/cabanadeportiva.com\/index.php?rest_route=%2Fwp%2Fv2%2Fcomments&post=1433"}],"wp:featuredmedia":[{"embeddable":true,"href":"https:\/\/cabanadeportiva.com\/index.php?rest_route=\/wp\/v2\/media\/1434"}],"wp:attachment":[{"href":"https:\/\/cabanadeportiva.com\/index.php?rest_route=%2Fwp%2Fv2%2Fmedia&parent=1433"}],"wp:term":[{"taxonomy":"product_brand","embeddable":true,"href":"https:\/\/cabanadeportiva.com\/index.php?rest_route=%2Fwp%2Fv2%2Fproduct_brand&post=1433"},{"taxonomy":"product_cat","embeddable":true,"href":"https:\/\/cabanadeportiva.com\/index.php?rest_route=%2Fwp%2Fv2%2Fproduct_cat&post=1433"},{"taxonomy":"product_tag","embeddable":true,"href":"https:\/\/cabanadeportiva.com\/index.php?rest_route=%2Fwp%2Fv2%2Fproduct_tag&post=1433"}],"curies":[{"name":"wp","href":"https:\/\/api.w.org\/{rel}","templated":true}]}}