{"id":1483,"date":"2022-05-13T18:29:31","date_gmt":"2022-05-13T18:29:31","guid":{"rendered":"https:\/\/cabanadeportiva.com\/?post_type=product&#038;p=1483"},"modified":"2023-10-03T15:42:46","modified_gmt":"2023-10-03T15:42:46","slug":"cinturilla-tecnomed","status":"publish","type":"product","link":"https:\/\/cabanadeportiva.com\/?product=cinturilla-tecnomed","title":{"rendered":"Cinturilla tecnomed con neopreno"},"content":{"rendered":"<p>Varillas interiores dise\u00f1adas con la rigidez necesaria para proveer un soporte confortable a la baja espalda.<\/p>\n<p>Doble ajuste.<\/p>\n<p>Primer ajuste: Fabricado en tela el\u00e1stica de Lycra, que garantiza alta duraci\u00f3n y provee al cuerpo la ventilaci\u00f3n adecuada durante su uso.<\/p>\n<p>Segundo ajuste: Dos bandas superpuestas de tejido el\u00e1stico tipo malla para m\u00e1xima frescura, que proveen una amplia cobertura de la espalda y se angostan en la zona abdominal para un mayor confort.<\/p>\n<p>El\u00e1stico tipo malla para m\u00e1xima frescura con neopreno<\/p>\n<p>Mantiene alineada y erguida la columna<\/p>\n<p>Protege la zona lumbar por movimientos inadecuados.<\/p>\n<p>Reduce esfuerzos mec\u00e1nicos y desgarres durante el levantamiento de peso.<\/p>\n<p>Composici\u00f3n: el\u00e1stico tipo malla. Varillas interiores para proveer soporte a la parte baja de la espalda. Cierre de contacto sistema KRIK.<\/p>\n<p>Elaborado en materiales livianos y transpirables para mayor confort y durabilidad.<\/p>\n<p>Tallas: XS, S, M, L<\/p>\n<p>Color que se encuentre disponible<\/p>\n","protected":false},"excerpt":{"rendered":"<p>Varillas interiores dise\u00f1adas con la rigidez necesaria para proveer un soporte confortable a la baja espalda. Doble ajuste. Primer ajuste: Fabricado en tela el\u00e1stica de Lycra, que garantiza alta duraci\u00f3n y provee al cuerpo la ventilaci\u00f3n adecuada durante su uso. Segundo ajuste: Dos bandas superpuestas de tejido el\u00e1stico tipo malla para m\u00e1xima frescura, que proveen<\/p>\n<p class=\"link-more\"><a href=\"https:\/\/cabanadeportiva.com\/?product=cinturilla-tecnomed\" class=\"more-link\"><span>Leer M\u00e1s<\/span><span class=\"meta-nav\">&#8594;<\/span><\/a><\/p>\n","protected":false},"featured_media":1486,"comment_status":"open","ping_status":"closed","template":"","meta":[],"product_brand":[],"product_cat":[95,67],"product_tag":[],"class_list":{"0":"post-1483","1":"product","2":"type-product","3":"status-publish","4":"has-post-thumbnail","6":"product_cat-cinturon","7":"product_cat-gym","9":"first","10":"instock","11":"sale","12":"shipping-taxable","13":"purchasable","14":"product-type-simple"},"_links":{"self":[{"href":"https:\/\/cabanadeportiva.com\/index.php?rest_route=\/wp\/v2\/product\/1483","targetHints":{"allow":["GET"]}}],"collection":[{"href":"https:\/\/cabanadeportiva.com\/index.php?rest_route=\/wp\/v2\/product"}],"about":[{"href":"https:\/\/cabanadeportiva.com\/index.php?rest_route=\/wp\/v2\/types\/product"}],"replies":[{"embeddable":true,"href":"https:\/\/cabanadeportiva.com\/index.php?rest_route=%2Fwp%2Fv2%2Fcomments&post=1483"}],"wp:featuredmedia":[{"embeddable":true,"href":"https:\/\/cabanadeportiva.com\/index.php?rest_route=\/wp\/v2\/media\/1486"}],"wp:attachment":[{"href":"https:\/\/cabanadeportiva.com\/index.php?rest_route=%2Fwp%2Fv2%2Fmedia&parent=1483"}],"wp:term":[{"taxonomy":"product_brand","embeddable":true,"href":"https:\/\/cabanadeportiva.com\/index.php?rest_route=%2Fwp%2Fv2%2Fproduct_brand&post=1483"},{"taxonomy":"product_cat","embeddable":true,"href":"https:\/\/cabanadeportiva.com\/index.php?rest_route=%2Fwp%2Fv2%2Fproduct_cat&post=1483"},{"taxonomy":"product_tag","embeddable":true,"href":"https:\/\/cabanadeportiva.com\/index.php?rest_route=%2Fwp%2Fv2%2Fproduct_tag&post=1483"}],"curies":[{"name":"wp","href":"https:\/\/api.w.org\/{rel}","templated":true}]}}