{"id":1494,"date":"2022-05-13T18:49:02","date_gmt":"2022-05-13T18:49:02","guid":{"rendered":"https:\/\/cabanadeportiva.com\/?post_type=product&#038;p=1494"},"modified":"2022-05-13T18:49:02","modified_gmt":"2022-05-13T18:49:02","slug":"taser-electrico","status":"publish","type":"product","link":"https:\/\/cabanadeportiva.com\/?product=taser-electrico","title":{"rendered":"Taser el\u00e9ctrico"},"content":{"rendered":"<p>El arma env\u00eda las cargas <b>el\u00e9ctricas<\/b>\u00a0a los electrodos, que al ser proyectados sobre una persona, descontrolan los m\u00fasculos motores incapacit\u00e1ndola.<\/p>\n","protected":false},"excerpt":{"rendered":"<p>El arma env\u00eda las cargas el\u00e9ctricas\u00a0a los electrodos, que al ser proyectados sobre una persona, descontrolan los m\u00fasculos motores incapacit\u00e1ndola.<\/p>\n","protected":false},"featured_media":1496,"comment_status":"open","ping_status":"closed","template":"","meta":[],"product_brand":[],"product_cat":[88,90],"product_tag":[],"class_list":{"0":"post-1494","1":"product","2":"type-product","3":"status-publish","4":"has-post-thumbnail","6":"product_cat-defensa-personal","7":"product_cat-taser","9":"first","10":"instock","11":"sale","12":"shipping-taxable","13":"purchasable","14":"product-type-simple"},"_links":{"self":[{"href":"https:\/\/cabanadeportiva.com\/index.php?rest_route=\/wp\/v2\/product\/1494","targetHints":{"allow":["GET"]}}],"collection":[{"href":"https:\/\/cabanadeportiva.com\/index.php?rest_route=\/wp\/v2\/product"}],"about":[{"href":"https:\/\/cabanadeportiva.com\/index.php?rest_route=\/wp\/v2\/types\/product"}],"replies":[{"embeddable":true,"href":"https:\/\/cabanadeportiva.com\/index.php?rest_route=%2Fwp%2Fv2%2Fcomments&post=1494"}],"wp:featuredmedia":[{"embeddable":true,"href":"https:\/\/cabanadeportiva.com\/index.php?rest_route=\/wp\/v2\/media\/1496"}],"wp:attachment":[{"href":"https:\/\/cabanadeportiva.com\/index.php?rest_route=%2Fwp%2Fv2%2Fmedia&parent=1494"}],"wp:term":[{"taxonomy":"product_brand","embeddable":true,"href":"https:\/\/cabanadeportiva.com\/index.php?rest_route=%2Fwp%2Fv2%2Fproduct_brand&post=1494"},{"taxonomy":"product_cat","embeddable":true,"href":"https:\/\/cabanadeportiva.com\/index.php?rest_route=%2Fwp%2Fv2%2Fproduct_cat&post=1494"},{"taxonomy":"product_tag","embeddable":true,"href":"https:\/\/cabanadeportiva.com\/index.php?rest_route=%2Fwp%2Fv2%2Fproduct_tag&post=1494"}],"curies":[{"name":"wp","href":"https:\/\/api.w.org\/{rel}","templated":true}]}}