{"id":1500,"date":"2022-05-13T18:51:58","date_gmt":"2022-05-13T18:51:58","guid":{"rendered":"https:\/\/cabanadeportiva.com\/?post_type=product&#038;p=1500"},"modified":"2022-05-13T18:51:58","modified_gmt":"2022-05-13T18:51:58","slug":"gorros-de-natacion","status":"publish","type":"product","link":"https:\/\/cabanadeportiva.com\/?product=gorros-de-natacion","title":{"rendered":"Gorros de nataci\u00f3n"},"content":{"rendered":"<p>Los\u00a0<b>gorros<\/b>\u00a0se usan para mantener relativamente libre el cabello de la cloraci\u00f3n del agua, y tambi\u00e9n para aislar los o\u00eddos del agua. Algunas instalaciones requieren el uso de\u00a0<b>gorros de nataci\u00f3n<\/b>, que se utilizan para proteger los filtros de agua y que no se obstruyan de cabellos.<\/p>\n","protected":false},"excerpt":{"rendered":"<p>Los\u00a0gorros\u00a0se usan para mantener relativamente libre el cabello de la cloraci\u00f3n del agua, y tambi\u00e9n para aislar los o\u00eddos del agua. Algunas instalaciones requieren el uso de\u00a0gorros de nataci\u00f3n, que se utilizan para proteger los filtros de agua y que no se obstruyan de cabellos.<\/p>\n","protected":false},"featured_media":1497,"comment_status":"open","ping_status":"closed","template":"","meta":[],"product_brand":[],"product_cat":[57,61],"product_tag":[],"class_list":{"0":"post-1500","1":"product","2":"type-product","3":"status-publish","4":"has-post-thumbnail","6":"product_cat-deportes","7":"product_cat-natacion","9":"first","10":"instock","11":"sale","12":"shipping-taxable","13":"purchasable","14":"product-type-simple"},"_links":{"self":[{"href":"https:\/\/cabanadeportiva.com\/index.php?rest_route=\/wp\/v2\/product\/1500","targetHints":{"allow":["GET"]}}],"collection":[{"href":"https:\/\/cabanadeportiva.com\/index.php?rest_route=\/wp\/v2\/product"}],"about":[{"href":"https:\/\/cabanadeportiva.com\/index.php?rest_route=\/wp\/v2\/types\/product"}],"replies":[{"embeddable":true,"href":"https:\/\/cabanadeportiva.com\/index.php?rest_route=%2Fwp%2Fv2%2Fcomments&post=1500"}],"wp:featuredmedia":[{"embeddable":true,"href":"https:\/\/cabanadeportiva.com\/index.php?rest_route=\/wp\/v2\/media\/1497"}],"wp:attachment":[{"href":"https:\/\/cabanadeportiva.com\/index.php?rest_route=%2Fwp%2Fv2%2Fmedia&parent=1500"}],"wp:term":[{"taxonomy":"product_brand","embeddable":true,"href":"https:\/\/cabanadeportiva.com\/index.php?rest_route=%2Fwp%2Fv2%2Fproduct_brand&post=1500"},{"taxonomy":"product_cat","embeddable":true,"href":"https:\/\/cabanadeportiva.com\/index.php?rest_route=%2Fwp%2Fv2%2Fproduct_cat&post=1500"},{"taxonomy":"product_tag","embeddable":true,"href":"https:\/\/cabanadeportiva.com\/index.php?rest_route=%2Fwp%2Fv2%2Fproduct_tag&post=1500"}],"curies":[{"name":"wp","href":"https:\/\/api.w.org\/{rel}","templated":true}]}}