{"id":1534,"date":"2022-05-25T16:23:32","date_gmt":"2022-05-25T16:23:32","guid":{"rendered":"https:\/\/cabanadeportiva.com\/?post_type=product&#038;p=1534"},"modified":"2023-10-02T23:57:48","modified_gmt":"2023-10-02T23:57:48","slug":"bandas-elasticas-en-tela-para-pierna-wonder-kit-x3","status":"publish","type":"product","link":"https:\/\/cabanadeportiva.com\/?product=bandas-elasticas-en-tela-para-pierna-wonder-kit-x3","title":{"rendered":"Bandas el\u00e1sticas en tela para pierna wonder kit x3"},"content":{"rendered":"<p>Material en Fibra de Poli\u00e9ster y l\u00e1tex, costuras de alta calidad.<br \/>\nViene con tres niveles de intensidad: Morada: 13X8 cm. 110-120 LBS. Rosada: 37\u00d78 cm. 90-110 LBS. Verde: 32\u00d78 cm. 60-80 LBS.<br \/>\nIncluye practico estuche y gu\u00eda de ejercicios.<br \/>\nFabricado en China.<\/p>\n","protected":false},"excerpt":{"rendered":"<p>Material en Fibra de Poli\u00e9ster y l\u00e1tex, costuras de alta calidad. Viene con tres niveles de intensidad: Morada: 13X8 cm. 110-120 LBS. Rosada: 37\u00d78 cm. 90-110 LBS. Verde: 32\u00d78 cm. 60-80 LBS. Incluye practico estuche y gu\u00eda de ejercicios. Fabricado en China.<\/p>\n","protected":false},"featured_media":1535,"comment_status":"open","ping_status":"closed","template":"","meta":[],"product_brand":[],"product_cat":[68,67],"product_tag":[],"class_list":{"0":"post-1534","1":"product","2":"type-product","3":"status-publish","4":"has-post-thumbnail","6":"product_cat-bandas","7":"product_cat-gym","9":"first","10":"instock","11":"sale","12":"shipping-taxable","13":"purchasable","14":"product-type-simple"},"_links":{"self":[{"href":"https:\/\/cabanadeportiva.com\/index.php?rest_route=\/wp\/v2\/product\/1534","targetHints":{"allow":["GET"]}}],"collection":[{"href":"https:\/\/cabanadeportiva.com\/index.php?rest_route=\/wp\/v2\/product"}],"about":[{"href":"https:\/\/cabanadeportiva.com\/index.php?rest_route=\/wp\/v2\/types\/product"}],"replies":[{"embeddable":true,"href":"https:\/\/cabanadeportiva.com\/index.php?rest_route=%2Fwp%2Fv2%2Fcomments&post=1534"}],"wp:featuredmedia":[{"embeddable":true,"href":"https:\/\/cabanadeportiva.com\/index.php?rest_route=\/wp\/v2\/media\/1535"}],"wp:attachment":[{"href":"https:\/\/cabanadeportiva.com\/index.php?rest_route=%2Fwp%2Fv2%2Fmedia&parent=1534"}],"wp:term":[{"taxonomy":"product_brand","embeddable":true,"href":"https:\/\/cabanadeportiva.com\/index.php?rest_route=%2Fwp%2Fv2%2Fproduct_brand&post=1534"},{"taxonomy":"product_cat","embeddable":true,"href":"https:\/\/cabanadeportiva.com\/index.php?rest_route=%2Fwp%2Fv2%2Fproduct_cat&post=1534"},{"taxonomy":"product_tag","embeddable":true,"href":"https:\/\/cabanadeportiva.com\/index.php?rest_route=%2Fwp%2Fv2%2Fproduct_tag&post=1534"}],"curies":[{"name":"wp","href":"https:\/\/api.w.org\/{rel}","templated":true}]}}