{"id":1536,"date":"2022-05-25T16:26:10","date_gmt":"2022-05-25T16:26:10","guid":{"rendered":"https:\/\/cabanadeportiva.com\/?post_type=product&#038;p=1536"},"modified":"2026-04-24T12:11:42","modified_gmt":"2026-04-24T17:11:42","slug":"gas-pimienta-22-gramos-sabre","status":"publish","type":"product","link":"https:\/\/cabanadeportiva.com\/?product=gas-pimienta-22-gramos-sabre","title":{"rendered":"Gas pimienta 22 gramos sabre"},"content":{"rendered":"<p>Funciones y detalles<br \/>\nMuy pr\u00e1ctico: tama\u00f1o peque\u00f1o con clip. Prot\u00e9gete a t\u00ed mismo una distancia segura cuando est\u00e1s en movimiento.<br \/>\nLa marca n\u00famero 1 utilizada por la polic\u00eda en todo el mundo: oficiales de NYPD, Chicago, Los \u00c1ngeles y alguaciles mayores de los E.E.U.U. Hecho en los Estados Unidos. Con certificaci\u00f3n ISO 9001:2008.<\/p>\n<p>GAS PIMIENTA SABRED RED; metodo de defesa personal reconocido a nivel mundial, practico e inofensivo para quien lo porte, cada vez son mas las personas que lo adquieren buscando alguna alternativa para protegerse<br \/>\nIncapacita al atacante por 10 a 15 minutos, en ocaciones por mas tiempo. Provoca intenso ardor en la piel, los ojos, tos y dificultad para respirar, los ojos se cierran involuntariamente cegando al atacante temporalmente, causa intenso lagrimeo, irrita e inflama la nariz y provoca sensaci\u00f3n de asfixia. Los sintomas desaparecen despues de una hora.<\/p>\n","protected":false},"excerpt":{"rendered":"<p>Funciones y detalles Muy pr\u00e1ctico: tama\u00f1o peque\u00f1o con clip. Prot\u00e9gete a t\u00ed mismo una distancia segura cuando est\u00e1s en movimiento. La marca n\u00famero 1 utilizada por la polic\u00eda en todo el mundo: oficiales de NYPD, Chicago, Los \u00c1ngeles y alguaciles mayores de los E.E.U.U. Hecho en los Estados Unidos. Con certificaci\u00f3n ISO 9001:2008. GAS PIMIENTA<\/p>\n<p class=\"link-more\"><a href=\"https:\/\/cabanadeportiva.com\/?product=gas-pimienta-22-gramos-sabre\" class=\"more-link\"><span>Leer M\u00e1s<\/span><span class=\"meta-nav\">&#8594;<\/span><\/a><\/p>\n","protected":false},"featured_media":1531,"comment_status":"open","ping_status":"closed","template":"","meta":[],"product_brand":[],"product_cat":[88,92],"product_tag":[],"class_list":{"0":"post-1536","1":"product","2":"type-product","3":"status-publish","4":"has-post-thumbnail","6":"product_cat-defensa-personal","7":"product_cat-gas-pimienta","9":"first","10":"instock","11":"shipping-taxable","12":"purchasable","13":"product-type-simple"},"_links":{"self":[{"href":"https:\/\/cabanadeportiva.com\/index.php?rest_route=\/wp\/v2\/product\/1536","targetHints":{"allow":["GET"]}}],"collection":[{"href":"https:\/\/cabanadeportiva.com\/index.php?rest_route=\/wp\/v2\/product"}],"about":[{"href":"https:\/\/cabanadeportiva.com\/index.php?rest_route=\/wp\/v2\/types\/product"}],"replies":[{"embeddable":true,"href":"https:\/\/cabanadeportiva.com\/index.php?rest_route=%2Fwp%2Fv2%2Fcomments&post=1536"}],"wp:featuredmedia":[{"embeddable":true,"href":"https:\/\/cabanadeportiva.com\/index.php?rest_route=\/wp\/v2\/media\/1531"}],"wp:attachment":[{"href":"https:\/\/cabanadeportiva.com\/index.php?rest_route=%2Fwp%2Fv2%2Fmedia&parent=1536"}],"wp:term":[{"taxonomy":"product_brand","embeddable":true,"href":"https:\/\/cabanadeportiva.com\/index.php?rest_route=%2Fwp%2Fv2%2Fproduct_brand&post=1536"},{"taxonomy":"product_cat","embeddable":true,"href":"https:\/\/cabanadeportiva.com\/index.php?rest_route=%2Fwp%2Fv2%2Fproduct_cat&post=1536"},{"taxonomy":"product_tag","embeddable":true,"href":"https:\/\/cabanadeportiva.com\/index.php?rest_route=%2Fwp%2Fv2%2Fproduct_tag&post=1536"}],"curies":[{"name":"wp","href":"https:\/\/api.w.org\/{rel}","templated":true}]}}