{"id":1540,"date":"2022-05-25T16:48:10","date_gmt":"2022-05-25T16:48:10","guid":{"rendered":"https:\/\/cabanadeportiva.com\/?post_type=product&#038;p=1540"},"modified":"2022-08-17T15:54:31","modified_gmt":"2022-08-17T15:54:31","slug":"banco-para-ejercicio-multiple-sport-fitness","status":"publish","type":"product","link":"https:\/\/cabanadeportiva.com\/?product=banco-para-ejercicio-multiple-sport-fitness","title":{"rendered":"Banco para ejercicio m\u00faltiple sport fitness"},"content":{"rendered":"<div class=\"woocommerce-tabs wc-tabs-wrapper\">\n<div id=\"tab-description\" class=\"woocommerce-Tabs-panel woocommerce-Tabs-panel--description panel entry-content wc-tab\" role=\"tabpanel\" aria-labelledby=\"tab-title-description\">\n<ul>\n<li>Equipo Muscular.<\/li>\n<li>Estructura en hierro de alta resistencia.<\/li>\n<li>Pintura electrost\u00e1tica.<\/li>\n<li>Cojiner\u00eda Indeformable.<\/li>\n<li>2 Mancuernas en vinilo de 1kg c\/u.<\/li>\n<li>Soporte para mancuernas.<\/li>\n<li>Ajustable el grado de declinaci\u00f3n para un mayor esfuerzo.<\/li>\n<li>Medidas: Largo.125cm Ancho.56cm Alto.60cm.<\/li>\n<li>Ejercicios: Trabajo Abdominal con \u00e1ngulos de hiperextensi\u00f3n.<\/li>\n<li>Tonificaci\u00f3n del tren superior (brazos) mediante la implementaci\u00f3n\u00a0de las mancuernas.<\/li>\n<li>Trabajo una sola persona con carga.<\/li>\n<li>Peso M\u00e1ximo de Usuario 120 KG.<\/li>\n<\/ul>\n<\/div>\n<\/div>\n<div><\/div>\n<div id=\"judgeme_product_reviews\" class=\"jdgm-widget jdgm-review-widget jdgm--done-setup-widget\" data-product-title=\"BANCO ABDOMINAL CON MANCUERNAS 1K CURVA FIT- - 71524\" data-id=\"193\">\n<div class=\"jdgm-rev-widg jdgm--js\" data-number-of-reviews=\"0\" data-average-rating=\"0.00\">\n<div class=\"jdgm-rev-widg__header\">\n<h2 class=\"jdgm-rev-widg__title\"><\/h2>\n<\/div>\n<\/div>\n<\/div>\n","protected":false},"excerpt":{"rendered":"<p>Equipo Muscular. Estructura en hierro de alta resistencia. Pintura electrost\u00e1tica. Cojiner\u00eda Indeformable. 2 Mancuernas en vinilo de 1kg c\/u. Soporte para mancuernas. Ajustable el grado de declinaci\u00f3n para un mayor esfuerzo. Medidas: Largo.125cm Ancho.56cm Alto.60cm. Ejercicios: Trabajo Abdominal con \u00e1ngulos de hiperextensi\u00f3n. Tonificaci\u00f3n del tren superior (brazos) mediante la implementaci\u00f3n\u00a0de las mancuernas. Trabajo una sola<\/p>\n<p class=\"link-more\"><a href=\"https:\/\/cabanadeportiva.com\/?product=banco-para-ejercicio-multiple-sport-fitness\" class=\"more-link\"><span>Leer M\u00e1s<\/span><span class=\"meta-nav\">&#8594;<\/span><\/a><\/p>\n","protected":false},"featured_media":1541,"comment_status":"open","ping_status":"closed","template":"","meta":[],"product_brand":[],"product_cat":[67],"product_tag":[],"class_list":{"0":"post-1540","1":"product","2":"type-product","3":"status-publish","4":"has-post-thumbnail","6":"product_cat-gym","7":"yith_product_brand-sport-fitness","9":"first","10":"instock","11":"sale","12":"shipping-taxable","13":"purchasable","14":"product-type-simple"},"_links":{"self":[{"href":"https:\/\/cabanadeportiva.com\/index.php?rest_route=\/wp\/v2\/product\/1540","targetHints":{"allow":["GET"]}}],"collection":[{"href":"https:\/\/cabanadeportiva.com\/index.php?rest_route=\/wp\/v2\/product"}],"about":[{"href":"https:\/\/cabanadeportiva.com\/index.php?rest_route=\/wp\/v2\/types\/product"}],"replies":[{"embeddable":true,"href":"https:\/\/cabanadeportiva.com\/index.php?rest_route=%2Fwp%2Fv2%2Fcomments&post=1540"}],"wp:featuredmedia":[{"embeddable":true,"href":"https:\/\/cabanadeportiva.com\/index.php?rest_route=\/wp\/v2\/media\/1541"}],"wp:attachment":[{"href":"https:\/\/cabanadeportiva.com\/index.php?rest_route=%2Fwp%2Fv2%2Fmedia&parent=1540"}],"wp:term":[{"taxonomy":"product_brand","embeddable":true,"href":"https:\/\/cabanadeportiva.com\/index.php?rest_route=%2Fwp%2Fv2%2Fproduct_brand&post=1540"},{"taxonomy":"product_cat","embeddable":true,"href":"https:\/\/cabanadeportiva.com\/index.php?rest_route=%2Fwp%2Fv2%2Fproduct_cat&post=1540"},{"taxonomy":"product_tag","embeddable":true,"href":"https:\/\/cabanadeportiva.com\/index.php?rest_route=%2Fwp%2Fv2%2Fproduct_tag&post=1540"}],"curies":[{"name":"wp","href":"https:\/\/api.w.org\/{rel}","templated":true}]}}