{"id":1548,"date":"2022-05-25T16:58:32","date_gmt":"2022-05-25T16:58:32","guid":{"rendered":"https:\/\/cabanadeportiva.com\/?post_type=product&#038;p=1548"},"modified":"2023-10-09T21:43:06","modified_gmt":"2023-10-09T21:43:06","slug":"patineta-penny","status":"publish","type":"product","link":"https:\/\/cabanadeportiva.com\/?product=patineta-penny","title":{"rendered":"Patineta penny peque\u00f1a"},"content":{"rendered":"<ul>\n<li>&#8211; Largo: 68 cm.<\/li>\n<li>&#8211; Ancho: 18.5 cm.<\/li>\n<li>&#8211; Grosor: 9 cm.<\/li>\n<li>&#8211; Agarre con textura.<\/li>\n<li>&#8211; Dise\u00f1o Cl\u00e1sico.<\/li>\n<li>&#8211; Longboard de pl\u00e1stico Reforzado, Resistente.<\/li>\n<li>&#8211; Ruedas antiadherente.<\/li>\n<\/ul>\n","protected":false},"excerpt":{"rendered":"<p>&#8211; Largo: 68 cm. &#8211; Ancho: 18.5 cm. &#8211; Grosor: 9 cm. &#8211; Agarre con textura. &#8211; Dise\u00f1o Cl\u00e1sico. &#8211; Longboard de pl\u00e1stico Reforzado, Resistente. &#8211; Ruedas antiadherente.<\/p>\n","protected":false},"featured_media":1549,"comment_status":"open","ping_status":"closed","template":"","meta":[],"product_brand":[],"product_cat":[57],"product_tag":[],"class_list":{"0":"post-1548","1":"product","2":"type-product","3":"status-publish","4":"has-post-thumbnail","6":"product_cat-deportes","8":"first","9":"instock","10":"sale","11":"shipping-taxable","12":"purchasable","13":"product-type-simple"},"_links":{"self":[{"href":"https:\/\/cabanadeportiva.com\/index.php?rest_route=\/wp\/v2\/product\/1548","targetHints":{"allow":["GET"]}}],"collection":[{"href":"https:\/\/cabanadeportiva.com\/index.php?rest_route=\/wp\/v2\/product"}],"about":[{"href":"https:\/\/cabanadeportiva.com\/index.php?rest_route=\/wp\/v2\/types\/product"}],"replies":[{"embeddable":true,"href":"https:\/\/cabanadeportiva.com\/index.php?rest_route=%2Fwp%2Fv2%2Fcomments&post=1548"}],"wp:featuredmedia":[{"embeddable":true,"href":"https:\/\/cabanadeportiva.com\/index.php?rest_route=\/wp\/v2\/media\/1549"}],"wp:attachment":[{"href":"https:\/\/cabanadeportiva.com\/index.php?rest_route=%2Fwp%2Fv2%2Fmedia&parent=1548"}],"wp:term":[{"taxonomy":"product_brand","embeddable":true,"href":"https:\/\/cabanadeportiva.com\/index.php?rest_route=%2Fwp%2Fv2%2Fproduct_brand&post=1548"},{"taxonomy":"product_cat","embeddable":true,"href":"https:\/\/cabanadeportiva.com\/index.php?rest_route=%2Fwp%2Fv2%2Fproduct_cat&post=1548"},{"taxonomy":"product_tag","embeddable":true,"href":"https:\/\/cabanadeportiva.com\/index.php?rest_route=%2Fwp%2Fv2%2Fproduct_tag&post=1548"}],"curies":[{"name":"wp","href":"https:\/\/api.w.org\/{rel}","templated":true}]}}