{"id":1558,"date":"2022-05-25T17:13:25","date_gmt":"2022-05-25T17:13:25","guid":{"rendered":"https:\/\/cabanadeportiva.com\/?post_type=product&#038;p=1558"},"modified":"2022-09-27T15:42:21","modified_gmt":"2022-09-27T15:42:21","slug":"rodillera-wonder","status":"publish","type":"product","link":"https:\/\/cabanadeportiva.com\/?product=rodillera-wonder","title":{"rendered":"Rodillera wonder"},"content":{"rendered":"<p>Caracter\u00edsticas:<\/p>\n<p>&#8211; Material: nylon.<br \/>\n&#8211; Longitud: 190 cm.<br \/>\n&#8211; Empaque: 2 unidades.<br \/>\n&#8211; Talla: \u00fanica.<br \/>\n&#8211; Ajuste en velcro.<br \/>\nBeneficios:<\/p>\n<p>&#8211; Proporciona soporte estable para levantamiento de pesas.<br \/>\n&#8211; Mejora la circulaci\u00f3n sangu\u00ednea para proteger las rodillas.<br \/>\n&#8211; El vendaje para rodillas son especialmente dise\u00f1ado con el prop\u00f3sito de mejora de rendimiento, tener seguridad y evitar lesiones.<\/p>\n","protected":false},"excerpt":{"rendered":"<p>Caracter\u00edsticas: &#8211; Material: nylon. &#8211; Longitud: 190 cm. &#8211; Empaque: 2 unidades. &#8211; Talla: \u00fanica. &#8211; Ajuste en velcro. Beneficios: &#8211; Proporciona soporte estable para levantamiento de pesas. &#8211; Mejora la circulaci\u00f3n sangu\u00ednea para proteger las rodillas. &#8211; El vendaje para rodillas son especialmente dise\u00f1ado con el prop\u00f3sito de mejora de rendimiento, tener seguridad y<\/p>\n<p class=\"link-more\"><a href=\"https:\/\/cabanadeportiva.com\/?product=rodillera-wonder\" class=\"more-link\"><span>Leer M\u00e1s<\/span><span class=\"meta-nav\">&#8594;<\/span><\/a><\/p>\n","protected":false},"featured_media":1559,"comment_status":"open","ping_status":"closed","template":"","meta":[],"product_brand":[],"product_cat":[67],"product_tag":[],"class_list":{"0":"post-1558","1":"product","2":"type-product","3":"status-publish","4":"has-post-thumbnail","6":"product_cat-gym","8":"first","9":"instock","10":"sale","11":"shipping-taxable","12":"purchasable","13":"product-type-simple"},"_links":{"self":[{"href":"https:\/\/cabanadeportiva.com\/index.php?rest_route=\/wp\/v2\/product\/1558","targetHints":{"allow":["GET"]}}],"collection":[{"href":"https:\/\/cabanadeportiva.com\/index.php?rest_route=\/wp\/v2\/product"}],"about":[{"href":"https:\/\/cabanadeportiva.com\/index.php?rest_route=\/wp\/v2\/types\/product"}],"replies":[{"embeddable":true,"href":"https:\/\/cabanadeportiva.com\/index.php?rest_route=%2Fwp%2Fv2%2Fcomments&post=1558"}],"wp:featuredmedia":[{"embeddable":true,"href":"https:\/\/cabanadeportiva.com\/index.php?rest_route=\/wp\/v2\/media\/1559"}],"wp:attachment":[{"href":"https:\/\/cabanadeportiva.com\/index.php?rest_route=%2Fwp%2Fv2%2Fmedia&parent=1558"}],"wp:term":[{"taxonomy":"product_brand","embeddable":true,"href":"https:\/\/cabanadeportiva.com\/index.php?rest_route=%2Fwp%2Fv2%2Fproduct_brand&post=1558"},{"taxonomy":"product_cat","embeddable":true,"href":"https:\/\/cabanadeportiva.com\/index.php?rest_route=%2Fwp%2Fv2%2Fproduct_cat&post=1558"},{"taxonomy":"product_tag","embeddable":true,"href":"https:\/\/cabanadeportiva.com\/index.php?rest_route=%2Fwp%2Fv2%2Fproduct_tag&post=1558"}],"curies":[{"name":"wp","href":"https:\/\/api.w.org\/{rel}","templated":true}]}}