{"id":1564,"date":"2022-05-25T17:22:11","date_gmt":"2022-05-25T17:22:11","guid":{"rendered":"https:\/\/cabanadeportiva.com\/?post_type=product&#038;p=1564"},"modified":"2023-10-09T20:34:20","modified_gmt":"2023-10-09T20:34:20","slug":"balon-para-voleibol-g-techz","status":"publish","type":"product","link":"https:\/\/cabanadeportiva.com\/?product=balon-para-voleibol-g-techz","title":{"rendered":"Bal\u00f3n para voleibol g-techz"},"content":{"rendered":"<p>DETALLES DEL PRODUCTO<br \/>\nBal\u00f3n de Volleyball G-techz Ultra Touch #5, elaborado en sint\u00e9tico y PVC, dise\u00f1o con textura suave, estampado del logo en tono que contrasta y vulcanizado. Tiene 18 paneles cosidos a mano y de gran resistencia, que evitan la suciedad y menos capacidad de absorci\u00f3n. Cuenta con c\u00e1mara de butilo que permite gran retenci\u00f3n de aire.<\/p>\n<p>Material principal PVC<br \/>\nColor que este disponible<br \/>\nDescripci\u00f3n corta Bal\u00f3n de Volleyball G-techz Ultra Touch #5 .<\/p>\n<p>Vulcanizado a mano.<br \/>\nSuperficie lisa.<br \/>\nCon superficie resistente y dimensionalmente estable, de 2 capas de poli\u00e9ster construcci\u00f3n interna.<br \/>\n18 paneles permiten caracter\u00edsticas de juego \u00f3ptimos con excelente retenci\u00f3n de la forma y el contacto con el bal\u00f3n muy suave.<br \/>\nTama\u00f1o oficial y peso de voleibol.<br \/>\nSize: # 5.<\/p>\n","protected":false},"excerpt":{"rendered":"<p>DETALLES DEL PRODUCTO Bal\u00f3n de Volleyball G-techz Ultra Touch #5, elaborado en sint\u00e9tico y PVC, dise\u00f1o con textura suave, estampado del logo en tono que contrasta y vulcanizado. Tiene 18 paneles cosidos a mano y de gran resistencia, que evitan la suciedad y menos capacidad de absorci\u00f3n. Cuenta con c\u00e1mara de butilo que permite gran<\/p>\n<p class=\"link-more\"><a href=\"https:\/\/cabanadeportiva.com\/?product=balon-para-voleibol-g-techz\" class=\"more-link\"><span>Leer M\u00e1s<\/span><span class=\"meta-nav\">&#8594;<\/span><\/a><\/p>\n","protected":false},"featured_media":2066,"comment_status":"open","ping_status":"closed","template":"","meta":[],"product_brand":[],"product_cat":[57,62],"product_tag":[],"class_list":{"0":"post-1564","1":"product","2":"type-product","3":"status-publish","4":"has-post-thumbnail","6":"product_cat-deportes","7":"product_cat-voleibol","9":"first","10":"instock","11":"sale","12":"shipping-taxable","13":"purchasable","14":"product-type-simple"},"_links":{"self":[{"href":"https:\/\/cabanadeportiva.com\/index.php?rest_route=\/wp\/v2\/product\/1564","targetHints":{"allow":["GET"]}}],"collection":[{"href":"https:\/\/cabanadeportiva.com\/index.php?rest_route=\/wp\/v2\/product"}],"about":[{"href":"https:\/\/cabanadeportiva.com\/index.php?rest_route=\/wp\/v2\/types\/product"}],"replies":[{"embeddable":true,"href":"https:\/\/cabanadeportiva.com\/index.php?rest_route=%2Fwp%2Fv2%2Fcomments&post=1564"}],"wp:featuredmedia":[{"embeddable":true,"href":"https:\/\/cabanadeportiva.com\/index.php?rest_route=\/wp\/v2\/media\/2066"}],"wp:attachment":[{"href":"https:\/\/cabanadeportiva.com\/index.php?rest_route=%2Fwp%2Fv2%2Fmedia&parent=1564"}],"wp:term":[{"taxonomy":"product_brand","embeddable":true,"href":"https:\/\/cabanadeportiva.com\/index.php?rest_route=%2Fwp%2Fv2%2Fproduct_brand&post=1564"},{"taxonomy":"product_cat","embeddable":true,"href":"https:\/\/cabanadeportiva.com\/index.php?rest_route=%2Fwp%2Fv2%2Fproduct_cat&post=1564"},{"taxonomy":"product_tag","embeddable":true,"href":"https:\/\/cabanadeportiva.com\/index.php?rest_route=%2Fwp%2Fv2%2Fproduct_tag&post=1564"}],"curies":[{"name":"wp","href":"https:\/\/api.w.org\/{rel}","templated":true}]}}