{"id":1583,"date":"2022-08-17T17:11:36","date_gmt":"2022-08-17T17:11:36","guid":{"rendered":"https:\/\/cabanadeportiva.com\/?post_type=product&#038;p=1583"},"modified":"2024-11-25T16:57:24","modified_gmt":"2024-11-25T21:57:24","slug":"guante-para-gym-elisua-dama-sin-munequera","status":"publish","type":"product","link":"https:\/\/cabanadeportiva.com\/?product=guante-para-gym-elisua-dama-sin-munequera","title":{"rendered":"GUANTE PARA GYM ELISUA DAMA SIN MU\u00d1EQUERA"},"content":{"rendered":"<p style=\"text-align: left;\">&#8211; Material: cuero sint\u00e9tico<br \/>\n&#8211; Sin mu\u00f1equera<\/p>\n<p style=\"text-align: left;\">&#8211; Malla en la parte delantera para mejor transpiraci\u00f3n.<br \/>\n&#8211; Palma acolchada reforzada en cuero.<\/p>\n","protected":false},"excerpt":{"rendered":"<p>&#8211; Material: cuero sint\u00e9tico &#8211; Sin mu\u00f1equera &#8211; Malla en la parte delantera para mejor transpiraci\u00f3n. &#8211; Palma acolchada reforzada en cuero.<\/p>\n","protected":false},"featured_media":1584,"comment_status":"open","ping_status":"closed","template":"","meta":[],"product_brand":[],"product_cat":[69,67],"product_tag":[],"class_list":{"0":"post-1583","1":"product","2":"type-product","3":"status-publish","4":"has-post-thumbnail","6":"product_cat-guantes","7":"product_cat-gym","9":"first","10":"instock","11":"sale","12":"shipping-taxable","13":"purchasable","14":"product-type-simple"},"_links":{"self":[{"href":"https:\/\/cabanadeportiva.com\/index.php?rest_route=\/wp\/v2\/product\/1583","targetHints":{"allow":["GET"]}}],"collection":[{"href":"https:\/\/cabanadeportiva.com\/index.php?rest_route=\/wp\/v2\/product"}],"about":[{"href":"https:\/\/cabanadeportiva.com\/index.php?rest_route=\/wp\/v2\/types\/product"}],"replies":[{"embeddable":true,"href":"https:\/\/cabanadeportiva.com\/index.php?rest_route=%2Fwp%2Fv2%2Fcomments&post=1583"}],"wp:featuredmedia":[{"embeddable":true,"href":"https:\/\/cabanadeportiva.com\/index.php?rest_route=\/wp\/v2\/media\/1584"}],"wp:attachment":[{"href":"https:\/\/cabanadeportiva.com\/index.php?rest_route=%2Fwp%2Fv2%2Fmedia&parent=1583"}],"wp:term":[{"taxonomy":"product_brand","embeddable":true,"href":"https:\/\/cabanadeportiva.com\/index.php?rest_route=%2Fwp%2Fv2%2Fproduct_brand&post=1583"},{"taxonomy":"product_cat","embeddable":true,"href":"https:\/\/cabanadeportiva.com\/index.php?rest_route=%2Fwp%2Fv2%2Fproduct_cat&post=1583"},{"taxonomy":"product_tag","embeddable":true,"href":"https:\/\/cabanadeportiva.com\/index.php?rest_route=%2Fwp%2Fv2%2Fproduct_tag&post=1583"}],"curies":[{"name":"wp","href":"https:\/\/api.w.org\/{rel}","templated":true}]}}