{"id":1639,"date":"2023-03-31T23:24:02","date_gmt":"2023-03-31T23:24:02","guid":{"rendered":"https:\/\/cabanadeportiva.com\/?post_type=product&#038;p=1639"},"modified":"2023-04-18T22:11:01","modified_gmt":"2023-04-18T22:11:01","slug":"straps","status":"publish","type":"product","link":"https:\/\/cabanadeportiva.com\/?product=straps","title":{"rendered":"STRAPS"},"content":{"rendered":"<p><a class=\" _-lK sh-t__title sh-t__title-popout shntl translate-content\" href=\"https:\/\/www.google.com\/url?q=https:\/\/shopee.com.co\/product\/487146143\/12658476985&amp;sa=U&amp;ved=0ahUKEwiUsZndpYf-AhVVg4QIHUzMCZQQwisIswU&amp;usg=AOvVaw3fOdKIV_wyRtA1KM-eaUND\" target=\"_blank\" rel=\"noopener\" data-shntl=\"\">STRAPS Soporte De Mu\u00f1eca Para Levantamiento De Pesas , Gimnasio , Entrenamiento , Correas ,<\/a><\/p>\n<div class=\"_-pq\">\n<p class=\"sh-ds__desc\"><span class=\"sh-ds__trunc\"><span class=\"sh-ds__trunc-txt translate-content\">descripci\u00f3n y caracter\u00edsticas 100% nuevo y de alta calidad tipo: juego de guardia material: nylon, algod\u00f3n estilo: deportes g\u00e9nero: unisex\u00a0<\/span><\/span><\/p>\n<\/div>\n","protected":false},"excerpt":{"rendered":"<p>STRAPS Soporte De Mu\u00f1eca Para Levantamiento De Pesas , Gimnasio , Entrenamiento , Correas , descripci\u00f3n y caracter\u00edsticas 100% nuevo y de alta calidad tipo: juego de guardia material: nylon, algod\u00f3n estilo: deportes g\u00e9nero: unisex\u00a0<\/p>\n","protected":false},"featured_media":1651,"comment_status":"open","ping_status":"closed","template":"","meta":[],"product_brand":[],"product_cat":[67],"product_tag":[],"class_list":{"0":"post-1639","1":"product","2":"type-product","3":"status-publish","4":"has-post-thumbnail","6":"product_cat-gym","8":"first","9":"instock","10":"sale","11":"shipping-taxable","12":"purchasable","13":"product-type-simple"},"_links":{"self":[{"href":"https:\/\/cabanadeportiva.com\/index.php?rest_route=\/wp\/v2\/product\/1639","targetHints":{"allow":["GET"]}}],"collection":[{"href":"https:\/\/cabanadeportiva.com\/index.php?rest_route=\/wp\/v2\/product"}],"about":[{"href":"https:\/\/cabanadeportiva.com\/index.php?rest_route=\/wp\/v2\/types\/product"}],"replies":[{"embeddable":true,"href":"https:\/\/cabanadeportiva.com\/index.php?rest_route=%2Fwp%2Fv2%2Fcomments&post=1639"}],"wp:featuredmedia":[{"embeddable":true,"href":"https:\/\/cabanadeportiva.com\/index.php?rest_route=\/wp\/v2\/media\/1651"}],"wp:attachment":[{"href":"https:\/\/cabanadeportiva.com\/index.php?rest_route=%2Fwp%2Fv2%2Fmedia&parent=1639"}],"wp:term":[{"taxonomy":"product_brand","embeddable":true,"href":"https:\/\/cabanadeportiva.com\/index.php?rest_route=%2Fwp%2Fv2%2Fproduct_brand&post=1639"},{"taxonomy":"product_cat","embeddable":true,"href":"https:\/\/cabanadeportiva.com\/index.php?rest_route=%2Fwp%2Fv2%2Fproduct_cat&post=1639"},{"taxonomy":"product_tag","embeddable":true,"href":"https:\/\/cabanadeportiva.com\/index.php?rest_route=%2Fwp%2Fv2%2Fproduct_tag&post=1639"}],"curies":[{"name":"wp","href":"https:\/\/api.w.org\/{rel}","templated":true}]}}