{"id":1669,"date":"2023-10-02T20:58:22","date_gmt":"2023-10-02T20:58:22","guid":{"rendered":"https:\/\/cabanadeportiva.com\/?post_type=product&#038;p=1669"},"modified":"2023-10-11T17:58:34","modified_gmt":"2023-10-11T17:58:34","slug":"guantes-taekwondo","status":"publish","type":"product","link":"https:\/\/cabanadeportiva.com\/?product=guantes-taekwondo","title":{"rendered":"Guantes Taekwondo"},"content":{"rendered":"<div class=\"elementor-element elementor-element-0e1364a elementor-widget elementor-widget-woocommerce-product-short-description\" data-id=\"0e1364a\" data-element_type=\"widget\" data-widget_type=\"woocommerce-product-short-description.default\">\n<div class=\"elementor-widget-container\">\n<div class=\"woocommerce-product-details__short-description\">\n<p>* Cuenta con una fuerte protecci\u00f3n en material EVA para cualquier impacto externo<br \/>\n* Buena circulaci\u00f3n de aire y f\u00e1ciles de poner.<br \/>\n* Agarre c\u00f3modo tendr\u00e1s sensaci\u00f3n de mano desnuda<\/p>\n<\/div>\n<\/div>\n<\/div>\n","protected":false},"excerpt":{"rendered":"<p>* Cuenta con una fuerte protecci\u00f3n en material EVA para cualquier impacto externo * Buena circulaci\u00f3n de aire y f\u00e1ciles de poner. * Agarre c\u00f3modo tendr\u00e1s sensaci\u00f3n de mano desnuda<\/p>\n","protected":false},"featured_media":1670,"comment_status":"open","ping_status":"closed","template":"","meta":[],"product_brand":[],"product_cat":[76],"product_tag":[],"class_list":{"0":"post-1669","1":"product","2":"type-product","3":"status-publish","4":"has-post-thumbnail","6":"product_cat-boxeo","8":"first","9":"instock","10":"sale","11":"shipping-taxable","12":"purchasable","13":"product-type-simple"},"_links":{"self":[{"href":"https:\/\/cabanadeportiva.com\/index.php?rest_route=\/wp\/v2\/product\/1669","targetHints":{"allow":["GET"]}}],"collection":[{"href":"https:\/\/cabanadeportiva.com\/index.php?rest_route=\/wp\/v2\/product"}],"about":[{"href":"https:\/\/cabanadeportiva.com\/index.php?rest_route=\/wp\/v2\/types\/product"}],"replies":[{"embeddable":true,"href":"https:\/\/cabanadeportiva.com\/index.php?rest_route=%2Fwp%2Fv2%2Fcomments&post=1669"}],"wp:featuredmedia":[{"embeddable":true,"href":"https:\/\/cabanadeportiva.com\/index.php?rest_route=\/wp\/v2\/media\/1670"}],"wp:attachment":[{"href":"https:\/\/cabanadeportiva.com\/index.php?rest_route=%2Fwp%2Fv2%2Fmedia&parent=1669"}],"wp:term":[{"taxonomy":"product_brand","embeddable":true,"href":"https:\/\/cabanadeportiva.com\/index.php?rest_route=%2Fwp%2Fv2%2Fproduct_brand&post=1669"},{"taxonomy":"product_cat","embeddable":true,"href":"https:\/\/cabanadeportiva.com\/index.php?rest_route=%2Fwp%2Fv2%2Fproduct_cat&post=1669"},{"taxonomy":"product_tag","embeddable":true,"href":"https:\/\/cabanadeportiva.com\/index.php?rest_route=%2Fwp%2Fv2%2Fproduct_tag&post=1669"}],"curies":[{"name":"wp","href":"https:\/\/api.w.org\/{rel}","templated":true}]}}