{"id":1695,"date":"2023-10-02T22:13:49","date_gmt":"2023-10-02T22:13:49","guid":{"rendered":"https:\/\/cabanadeportiva.com\/?post_type=product&#038;p=1695"},"modified":"2024-01-16T20:41:17","modified_gmt":"2024-01-16T20:41:17","slug":"balones-de-baloncesto-wilson-nba-2","status":"publish","type":"product","link":"https:\/\/cabanadeportiva.com\/?product=balones-de-baloncesto-wilson-nba-2","title":{"rendered":"BALONES DE BALONCESTO WILSON NBA"},"content":{"rendered":"<p>DESCRIPCI\u00d3N DEL PRODUCTO: Aprovecha el impulso que te llevar\u00e1 al siguiente nivel de juego con el bal\u00f3n Wilson NBA\u00a0 Con el mejor agarre en todas las condiciones clim\u00e1ticas y dise\u00f1ado para una m\u00e1xima durabilidad al aire libre.<\/p>\n","protected":false},"excerpt":{"rendered":"<p>DESCRIPCI\u00d3N DEL PRODUCTO: Aprovecha el impulso que te llevar\u00e1 al siguiente nivel de juego con el bal\u00f3n Wilson NBA\u00a0 Con el mejor agarre en todas las condiciones clim\u00e1ticas y dise\u00f1ado para una m\u00e1xima durabilidad al aire libre.<\/p>\n","protected":false},"featured_media":2305,"comment_status":"open","ping_status":"closed","template":"","meta":[],"product_brand":[],"product_cat":[63],"product_tag":[],"class_list":{"0":"post-1695","1":"product","2":"type-product","3":"status-publish","4":"has-post-thumbnail","6":"product_cat-basketball","8":"first","9":"instock","10":"sale","11":"shipping-taxable","12":"purchasable","13":"product-type-simple"},"_links":{"self":[{"href":"https:\/\/cabanadeportiva.com\/index.php?rest_route=\/wp\/v2\/product\/1695","targetHints":{"allow":["GET"]}}],"collection":[{"href":"https:\/\/cabanadeportiva.com\/index.php?rest_route=\/wp\/v2\/product"}],"about":[{"href":"https:\/\/cabanadeportiva.com\/index.php?rest_route=\/wp\/v2\/types\/product"}],"replies":[{"embeddable":true,"href":"https:\/\/cabanadeportiva.com\/index.php?rest_route=%2Fwp%2Fv2%2Fcomments&post=1695"}],"wp:featuredmedia":[{"embeddable":true,"href":"https:\/\/cabanadeportiva.com\/index.php?rest_route=\/wp\/v2\/media\/2305"}],"wp:attachment":[{"href":"https:\/\/cabanadeportiva.com\/index.php?rest_route=%2Fwp%2Fv2%2Fmedia&parent=1695"}],"wp:term":[{"taxonomy":"product_brand","embeddable":true,"href":"https:\/\/cabanadeportiva.com\/index.php?rest_route=%2Fwp%2Fv2%2Fproduct_brand&post=1695"},{"taxonomy":"product_cat","embeddable":true,"href":"https:\/\/cabanadeportiva.com\/index.php?rest_route=%2Fwp%2Fv2%2Fproduct_cat&post=1695"},{"taxonomy":"product_tag","embeddable":true,"href":"https:\/\/cabanadeportiva.com\/index.php?rest_route=%2Fwp%2Fv2%2Fproduct_tag&post=1695"}],"curies":[{"name":"wp","href":"https:\/\/api.w.org\/{rel}","templated":true}]}}