{"id":1749,"date":"2023-10-03T19:36:02","date_gmt":"2023-10-03T19:36:02","guid":{"rendered":"https:\/\/cabanadeportiva.com\/?post_type=product&#038;p=1749"},"modified":"2023-10-09T15:53:15","modified_gmt":"2023-10-09T15:53:15","slug":"carpas-para-camping","status":"publish","type":"product","link":"https:\/\/cabanadeportiva.com\/?product=carpas-para-camping","title":{"rendered":"CARPAS PARA CAMPING"},"content":{"rendered":"<p><a class=\"sh-anchor\" href=\"https:\/\/www.bing.com\/ck\/a?!&amp;&amp;p=91fe4bb0670d893aJmltdHM9MTY5NjI5MTIwMCZpZ3VpZD0wMDFhOTdhOC0yYjY3LTZlNDEtMjI4OS04NTg0MmFjODZmN2YmaW5zaWQ9NTc5Mg&amp;ptn=3&amp;hsh=3&amp;fclid=001a97a8-2b67-6e41-2289-85842ac86f7f&amp;psq=DESCRIPCION+PARA+CARPA+DE+CAMPING&amp;u=a1aHR0cHM6Ly93d3cuZGVmaW5pY2lvbmFiYy5jb20vZGVwb3J0ZS9jYW1waW5nLnBocA&amp;ntb=1\" target=\"_blank\" rel=\"noopener\" data-tg-citations=\"1\" data-tgpsgid=\"d_anstgsen0\">Una carpa de camping es un elemento hecho de telas (naturales o sint\u00e9ticas) que se mantiene sostenida al piso por clavos, generando un espacio cubierto donde las personas tienen una m\u00ednima protecci\u00f3n de la intemperi\u00a0<\/a><\/p>\n<p>PARA 2 PERSONAS 75.000<\/p>\n<p>PARA 4 PERSONAS 90.000<\/p>\n<p>PARA 8 PERSONAS 140.000<\/p>\n","protected":false},"excerpt":{"rendered":"<p>Una carpa de camping es un elemento hecho de telas (naturales o sint\u00e9ticas) que se mantiene sostenida al piso por clavos, generando un espacio cubierto donde las personas tienen una m\u00ednima protecci\u00f3n de la intemperi\u00a0 PARA 2 PERSONAS 75.000 PARA 4 PERSONAS 90.000 PARA 8 PERSONAS 140.000<\/p>\n","protected":false},"featured_media":1750,"comment_status":"open","ping_status":"closed","template":"","meta":[],"product_brand":[],"product_cat":[57],"product_tag":[],"class_list":{"0":"post-1749","1":"product","2":"type-product","3":"status-publish","4":"has-post-thumbnail","6":"product_cat-deportes","8":"first","9":"instock","10":"sale","11":"shipping-taxable","12":"purchasable","13":"product-type-simple"},"_links":{"self":[{"href":"https:\/\/cabanadeportiva.com\/index.php?rest_route=\/wp\/v2\/product\/1749","targetHints":{"allow":["GET"]}}],"collection":[{"href":"https:\/\/cabanadeportiva.com\/index.php?rest_route=\/wp\/v2\/product"}],"about":[{"href":"https:\/\/cabanadeportiva.com\/index.php?rest_route=\/wp\/v2\/types\/product"}],"replies":[{"embeddable":true,"href":"https:\/\/cabanadeportiva.com\/index.php?rest_route=%2Fwp%2Fv2%2Fcomments&post=1749"}],"wp:featuredmedia":[{"embeddable":true,"href":"https:\/\/cabanadeportiva.com\/index.php?rest_route=\/wp\/v2\/media\/1750"}],"wp:attachment":[{"href":"https:\/\/cabanadeportiva.com\/index.php?rest_route=%2Fwp%2Fv2%2Fmedia&parent=1749"}],"wp:term":[{"taxonomy":"product_brand","embeddable":true,"href":"https:\/\/cabanadeportiva.com\/index.php?rest_route=%2Fwp%2Fv2%2Fproduct_brand&post=1749"},{"taxonomy":"product_cat","embeddable":true,"href":"https:\/\/cabanadeportiva.com\/index.php?rest_route=%2Fwp%2Fv2%2Fproduct_cat&post=1749"},{"taxonomy":"product_tag","embeddable":true,"href":"https:\/\/cabanadeportiva.com\/index.php?rest_route=%2Fwp%2Fv2%2Fproduct_tag&post=1749"}],"curies":[{"name":"wp","href":"https:\/\/api.w.org\/{rel}","templated":true}]}}