{"id":1759,"date":"2023-10-03T20:01:43","date_gmt":"2023-10-03T20:01:43","guid":{"rendered":"https:\/\/cabanadeportiva.com\/?post_type=product&#038;p=1759"},"modified":"2023-10-03T20:04:12","modified_gmt":"2023-10-03T20:04:12","slug":"conos-de-23-cm-con-huecos-2","status":"publish","type":"product","link":"https:\/\/cabanadeportiva.com\/?product=conos-de-23-cm-con-huecos-2","title":{"rendered":"CONOS DE 23 CM CON HUECOS"},"content":{"rendered":"<p>Conos Se\u00f1alizaci\u00f3n Con Huecos Entrenamiento Deportivo\u00a0<strong>GSP-2699<\/strong>Los ejercicios de entrenamiento de velocidad y agilidad con conos est\u00e1n dise\u00f1ados para trabajar todos los m\u00fasculos de la pierna y nuestra zona central del cuerpo.Este tipo de conos con perforaciones se puede utilizar como valla de saltos.Ideal para se\u00f1alizar y demarcar.El dise\u00f1o ranurado permite que estos conos se plieguen cuando accidentalmente se escalonan, ayudando a reducir la probabilidad de lesiones.Adecuado para uso en interiores y exteriores.Ideal para establecer l\u00edmites en el sitio y crear cursos de entrenamiento para aumentar la velocidad y flexibilidad del jugador<\/p>\n","protected":false},"excerpt":{"rendered":"<p>Conos Se\u00f1alizaci\u00f3n Con Huecos Entrenamiento Deportivo\u00a0GSP-2699Los ejercicios de entrenamiento de velocidad y agilidad con conos est\u00e1n dise\u00f1ados para trabajar todos los m\u00fasculos de la pierna y nuestra zona central del cuerpo.Este tipo de conos con perforaciones se puede utilizar como valla de saltos.Ideal para se\u00f1alizar y demarcar.El dise\u00f1o ranurado permite que estos conos se plieguen<\/p>\n<p class=\"link-more\"><a href=\"https:\/\/cabanadeportiva.com\/?product=conos-de-23-cm-con-huecos-2\" class=\"more-link\"><span>Leer M\u00e1s<\/span><span class=\"meta-nav\">&#8594;<\/span><\/a><\/p>\n","protected":false},"featured_media":1760,"comment_status":"open","ping_status":"closed","template":"","meta":[],"product_brand":[],"product_cat":[57],"product_tag":[],"class_list":{"0":"post-1759","1":"product","2":"type-product","3":"status-publish","4":"has-post-thumbnail","6":"product_cat-deportes","8":"first","9":"instock","10":"sale","11":"shipping-taxable","12":"purchasable","13":"product-type-simple"},"_links":{"self":[{"href":"https:\/\/cabanadeportiva.com\/index.php?rest_route=\/wp\/v2\/product\/1759","targetHints":{"allow":["GET"]}}],"collection":[{"href":"https:\/\/cabanadeportiva.com\/index.php?rest_route=\/wp\/v2\/product"}],"about":[{"href":"https:\/\/cabanadeportiva.com\/index.php?rest_route=\/wp\/v2\/types\/product"}],"replies":[{"embeddable":true,"href":"https:\/\/cabanadeportiva.com\/index.php?rest_route=%2Fwp%2Fv2%2Fcomments&post=1759"}],"wp:featuredmedia":[{"embeddable":true,"href":"https:\/\/cabanadeportiva.com\/index.php?rest_route=\/wp\/v2\/media\/1760"}],"wp:attachment":[{"href":"https:\/\/cabanadeportiva.com\/index.php?rest_route=%2Fwp%2Fv2%2Fmedia&parent=1759"}],"wp:term":[{"taxonomy":"product_brand","embeddable":true,"href":"https:\/\/cabanadeportiva.com\/index.php?rest_route=%2Fwp%2Fv2%2Fproduct_brand&post=1759"},{"taxonomy":"product_cat","embeddable":true,"href":"https:\/\/cabanadeportiva.com\/index.php?rest_route=%2Fwp%2Fv2%2Fproduct_cat&post=1759"},{"taxonomy":"product_tag","embeddable":true,"href":"https:\/\/cabanadeportiva.com\/index.php?rest_route=%2Fwp%2Fv2%2Fproduct_tag&post=1759"}],"curies":[{"name":"wp","href":"https:\/\/api.w.org\/{rel}","templated":true}]}}