{"id":1763,"date":"2023-10-03T20:09:13","date_gmt":"2023-10-03T20:09:13","guid":{"rendered":"https:\/\/cabanadeportiva.com\/?post_type=product&#038;p=1763"},"modified":"2023-10-03T20:11:17","modified_gmt":"2023-10-03T20:11:17","slug":"conos-de-32-cm-sin-huecos","status":"publish","type":"product","link":"https:\/\/cabanadeportiva.com\/?product=conos-de-32-cm-sin-huecos","title":{"rendered":"CONOS DE 32 CM SIN HUECOS"},"content":{"rendered":"<p>Colores Solidos con visibilidad para el marcado de las zonas de entrenamiento. Miden 32<strong>\u00a0cent\u00edmetros<\/strong>\u00a0de alto. Muy resistente, al dejarlo caer no se romper\u00e1n. Transportarlos es f\u00e1cil y almacenarlos igual, ya que ensamblan entre si a la perfecci\u00f3n.<\/p>\n","protected":false},"excerpt":{"rendered":"<p>Colores Solidos con visibilidad para el marcado de las zonas de entrenamiento. Miden 32\u00a0cent\u00edmetros\u00a0de alto. Muy resistente, al dejarlo caer no se romper\u00e1n. Transportarlos es f\u00e1cil y almacenarlos igual, ya que ensamblan entre si a la perfecci\u00f3n.<\/p>\n","protected":false},"featured_media":1764,"comment_status":"open","ping_status":"closed","template":"","meta":[],"product_brand":[],"product_cat":[57],"product_tag":[],"class_list":{"0":"post-1763","1":"product","2":"type-product","3":"status-publish","4":"has-post-thumbnail","6":"product_cat-deportes","8":"first","9":"instock","10":"sale","11":"shipping-taxable","12":"purchasable","13":"product-type-simple"},"_links":{"self":[{"href":"https:\/\/cabanadeportiva.com\/index.php?rest_route=\/wp\/v2\/product\/1763","targetHints":{"allow":["GET"]}}],"collection":[{"href":"https:\/\/cabanadeportiva.com\/index.php?rest_route=\/wp\/v2\/product"}],"about":[{"href":"https:\/\/cabanadeportiva.com\/index.php?rest_route=\/wp\/v2\/types\/product"}],"replies":[{"embeddable":true,"href":"https:\/\/cabanadeportiva.com\/index.php?rest_route=%2Fwp%2Fv2%2Fcomments&post=1763"}],"wp:featuredmedia":[{"embeddable":true,"href":"https:\/\/cabanadeportiva.com\/index.php?rest_route=\/wp\/v2\/media\/1764"}],"wp:attachment":[{"href":"https:\/\/cabanadeportiva.com\/index.php?rest_route=%2Fwp%2Fv2%2Fmedia&parent=1763"}],"wp:term":[{"taxonomy":"product_brand","embeddable":true,"href":"https:\/\/cabanadeportiva.com\/index.php?rest_route=%2Fwp%2Fv2%2Fproduct_brand&post=1763"},{"taxonomy":"product_cat","embeddable":true,"href":"https:\/\/cabanadeportiva.com\/index.php?rest_route=%2Fwp%2Fv2%2Fproduct_cat&post=1763"},{"taxonomy":"product_tag","embeddable":true,"href":"https:\/\/cabanadeportiva.com\/index.php?rest_route=%2Fwp%2Fv2%2Fproduct_tag&post=1763"}],"curies":[{"name":"wp","href":"https:\/\/api.w.org\/{rel}","templated":true}]}}