{"id":1845,"date":"2023-10-05T14:51:10","date_gmt":"2023-10-05T14:51:10","guid":{"rendered":"https:\/\/cabanadeportiva.com\/?post_type=product&#038;p=1845"},"modified":"2025-03-25T11:51:38","modified_gmt":"2025-03-25T16:51:38","slug":"balones-clasicos-futbol-4","status":"publish","type":"product","link":"https:\/\/cabanadeportiva.com\/?product=balones-clasicos-futbol-4","title":{"rendered":"Balones cl\u00e1sicos futbol #4"},"content":{"rendered":"<p>C\u00e1mara: en caucho de butilo. Enmallado: nylon. Paneles: 32. Cubierta: PVC. Construcci\u00f3n: laminado. Circunferencia. Terreno de juego: interior y exterior.<\/p>\n<p>Colores: Naranja,Verde,Amarillo<\/p>\n","protected":false},"excerpt":{"rendered":"<p>C\u00e1mara: en caucho de butilo. Enmallado: nylon. Paneles: 32. Cubierta: PVC. Construcci\u00f3n: laminado. Circunferencia. Terreno de juego: interior y exterior. Colores: Naranja,Verde,Amarillo<\/p>\n","protected":false},"featured_media":1849,"comment_status":"open","ping_status":"closed","template":"","meta":[],"product_brand":[],"product_cat":[57,60],"product_tag":[],"class_list":{"0":"post-1845","1":"product","2":"type-product","3":"status-publish","4":"has-post-thumbnail","6":"product_cat-deportes","7":"product_cat-futbol","9":"first","10":"instock","11":"sale","12":"shipping-taxable","13":"purchasable","14":"product-type-simple"},"_links":{"self":[{"href":"https:\/\/cabanadeportiva.com\/index.php?rest_route=\/wp\/v2\/product\/1845","targetHints":{"allow":["GET"]}}],"collection":[{"href":"https:\/\/cabanadeportiva.com\/index.php?rest_route=\/wp\/v2\/product"}],"about":[{"href":"https:\/\/cabanadeportiva.com\/index.php?rest_route=\/wp\/v2\/types\/product"}],"replies":[{"embeddable":true,"href":"https:\/\/cabanadeportiva.com\/index.php?rest_route=%2Fwp%2Fv2%2Fcomments&post=1845"}],"wp:featuredmedia":[{"embeddable":true,"href":"https:\/\/cabanadeportiva.com\/index.php?rest_route=\/wp\/v2\/media\/1849"}],"wp:attachment":[{"href":"https:\/\/cabanadeportiva.com\/index.php?rest_route=%2Fwp%2Fv2%2Fmedia&parent=1845"}],"wp:term":[{"taxonomy":"product_brand","embeddable":true,"href":"https:\/\/cabanadeportiva.com\/index.php?rest_route=%2Fwp%2Fv2%2Fproduct_brand&post=1845"},{"taxonomy":"product_cat","embeddable":true,"href":"https:\/\/cabanadeportiva.com\/index.php?rest_route=%2Fwp%2Fv2%2Fproduct_cat&post=1845"},{"taxonomy":"product_tag","embeddable":true,"href":"https:\/\/cabanadeportiva.com\/index.php?rest_route=%2Fwp%2Fv2%2Fproduct_tag&post=1845"}],"curies":[{"name":"wp","href":"https:\/\/api.w.org\/{rel}","templated":true}]}}