{"id":1855,"date":"2023-10-05T15:10:33","date_gmt":"2023-10-05T15:10:33","guid":{"rendered":"https:\/\/cabanadeportiva.com\/?post_type=product&#038;p=1855"},"modified":"2025-03-25T11:51:19","modified_gmt":"2025-03-25T16:51:19","slug":"balones-clasicos-futsal","status":"publish","type":"product","link":"https:\/\/cabanadeportiva.com\/?product=balones-clasicos-futsal","title":{"rendered":"Balones cl\u00e1sicos futsal"},"content":{"rendered":"<p>C\u00e1mara: en caucho de butilo. Enmallado: nylon. Cubierta: PVC. Construcci\u00f3n: laminado. Circunferencia:\u00a0<strong>62 a 64 cm<\/strong>. Terreno de juego: interior y exterior<\/p>\n","protected":false},"excerpt":{"rendered":"<p>C\u00e1mara: en caucho de butilo. Enmallado: nylon. Cubierta: PVC. Construcci\u00f3n: laminado. Circunferencia:\u00a062 a 64 cm. Terreno de juego: interior y exterior<\/p>\n","protected":false},"featured_media":1856,"comment_status":"open","ping_status":"closed","template":"","meta":[],"product_brand":[],"product_cat":[57,60],"product_tag":[],"class_list":{"0":"post-1855","1":"product","2":"type-product","3":"status-publish","4":"has-post-thumbnail","6":"product_cat-deportes","7":"product_cat-futbol","9":"first","10":"instock","11":"sale","12":"shipping-taxable","13":"purchasable","14":"product-type-simple"},"_links":{"self":[{"href":"https:\/\/cabanadeportiva.com\/index.php?rest_route=\/wp\/v2\/product\/1855","targetHints":{"allow":["GET"]}}],"collection":[{"href":"https:\/\/cabanadeportiva.com\/index.php?rest_route=\/wp\/v2\/product"}],"about":[{"href":"https:\/\/cabanadeportiva.com\/index.php?rest_route=\/wp\/v2\/types\/product"}],"replies":[{"embeddable":true,"href":"https:\/\/cabanadeportiva.com\/index.php?rest_route=%2Fwp%2Fv2%2Fcomments&post=1855"}],"wp:featuredmedia":[{"embeddable":true,"href":"https:\/\/cabanadeportiva.com\/index.php?rest_route=\/wp\/v2\/media\/1856"}],"wp:attachment":[{"href":"https:\/\/cabanadeportiva.com\/index.php?rest_route=%2Fwp%2Fv2%2Fmedia&parent=1855"}],"wp:term":[{"taxonomy":"product_brand","embeddable":true,"href":"https:\/\/cabanadeportiva.com\/index.php?rest_route=%2Fwp%2Fv2%2Fproduct_brand&post=1855"},{"taxonomy":"product_cat","embeddable":true,"href":"https:\/\/cabanadeportiva.com\/index.php?rest_route=%2Fwp%2Fv2%2Fproduct_cat&post=1855"},{"taxonomy":"product_tag","embeddable":true,"href":"https:\/\/cabanadeportiva.com\/index.php?rest_route=%2Fwp%2Fv2%2Fproduct_tag&post=1855"}],"curies":[{"name":"wp","href":"https:\/\/api.w.org\/{rel}","templated":true}]}}