{"id":1878,"date":"2023-10-05T15:37:50","date_gmt":"2023-10-05T15:37:50","guid":{"rendered":"https:\/\/cabanadeportiva.com\/?post_type=product&#038;p=1878"},"modified":"2023-10-05T16:15:12","modified_gmt":"2023-10-05T16:15:12","slug":"balones-futbol-golty-original-5","status":"publish","type":"product","link":"https:\/\/cabanadeportiva.com\/?product=balones-futbol-golty-original-5","title":{"rendered":"Balones futbol Golty Original #5"},"content":{"rendered":"<p>BAL\u00d3N DE F\u00daTBOL COMPETENCIA LAMINADO GOLTY SPACE No.5 Tipo\u00a0<strong>laminado al calor<\/strong>. Todo terreno Cubierta en PVC para larga duraci\u00f3n C\u00e1mara interior de butilo de dos capas, alta retenci\u00f3n de aire Peso: 410 A 450 g Circunferencia: 68 a 70 cm Rebote: 110 A 135 cm<\/p>\n","protected":false},"excerpt":{"rendered":"<p>BAL\u00d3N DE F\u00daTBOL COMPETENCIA LAMINADO GOLTY SPACE No.5 Tipo\u00a0laminado al calor. Todo terreno Cubierta en PVC para larga duraci\u00f3n C\u00e1mara interior de butilo de dos capas, alta retenci\u00f3n de aire Peso: 410 A 450 g Circunferencia: 68 a 70 cm Rebote: 110 A 135 cm<\/p>\n","protected":false},"featured_media":1890,"comment_status":"open","ping_status":"closed","template":"","meta":[],"product_brand":[],"product_cat":[57,60],"product_tag":[],"class_list":{"0":"post-1878","1":"product","2":"type-product","3":"status-publish","4":"has-post-thumbnail","6":"product_cat-deportes","7":"product_cat-futbol","9":"first","10":"instock","11":"sale","12":"shipping-taxable","13":"purchasable","14":"product-type-simple"},"_links":{"self":[{"href":"https:\/\/cabanadeportiva.com\/index.php?rest_route=\/wp\/v2\/product\/1878","targetHints":{"allow":["GET"]}}],"collection":[{"href":"https:\/\/cabanadeportiva.com\/index.php?rest_route=\/wp\/v2\/product"}],"about":[{"href":"https:\/\/cabanadeportiva.com\/index.php?rest_route=\/wp\/v2\/types\/product"}],"replies":[{"embeddable":true,"href":"https:\/\/cabanadeportiva.com\/index.php?rest_route=%2Fwp%2Fv2%2Fcomments&post=1878"}],"wp:featuredmedia":[{"embeddable":true,"href":"https:\/\/cabanadeportiva.com\/index.php?rest_route=\/wp\/v2\/media\/1890"}],"wp:attachment":[{"href":"https:\/\/cabanadeportiva.com\/index.php?rest_route=%2Fwp%2Fv2%2Fmedia&parent=1878"}],"wp:term":[{"taxonomy":"product_brand","embeddable":true,"href":"https:\/\/cabanadeportiva.com\/index.php?rest_route=%2Fwp%2Fv2%2Fproduct_brand&post=1878"},{"taxonomy":"product_cat","embeddable":true,"href":"https:\/\/cabanadeportiva.com\/index.php?rest_route=%2Fwp%2Fv2%2Fproduct_cat&post=1878"},{"taxonomy":"product_tag","embeddable":true,"href":"https:\/\/cabanadeportiva.com\/index.php?rest_route=%2Fwp%2Fv2%2Fproduct_tag&post=1878"}],"curies":[{"name":"wp","href":"https:\/\/api.w.org\/{rel}","templated":true}]}}