{"id":1886,"date":"2023-10-05T16:07:21","date_gmt":"2023-10-05T16:07:21","guid":{"rendered":"https:\/\/cabanadeportiva.com\/?post_type=product&#038;p=1886"},"modified":"2024-01-16T21:42:32","modified_gmt":"2024-01-16T21:42:32","slug":"balones-golty-en-cuero-futbol-2","status":"publish","type":"product","link":"https:\/\/cabanadeportiva.com\/?product=balones-golty-en-cuero-futbol-2","title":{"rendered":"Balones Golty en Cuero Futbol"},"content":{"rendered":"<div id=\"sp_requery\" class=\"b_promtxt\"><a href=\"https:\/\/www.bing.com\/search?q=%2bdescripcion+de+golty+en+cuero+MICROFFUTBOL&amp;filters=rcrse%3a%221%22&amp;FORM=RCRE\" target=\"_self\" rel=\"noopener\">\u00a0MICROFFUTBOL<\/a>?<\/div>\n<ul>\n<li class=\"b_ans b_top b_topborder b_tophb b_topshad\" data-tag=\"\" data-partnertag=\"\" data-id=\"\" data-fbhlsel=\"li.b_ans.b_top\" data-bm=\"7\">\n<div id=\"b_wpt_bg\" class=\"b_wpt_bg\" data-priority=\"\">\n<div id=\"b_wpt_data\" data-sydctx=\"Bal\u00f3n de microf\u00fatbol GOLTY Competencia On 60 a 62 cm Todo terreno. Larga duraci\u00f3n. C\u00e1mara interior de butilo de dos capas. Alta retenci\u00f3n de aire. Circunferencia: 60 a 62 cm Rebote: M\u00e1x. 35 cm Cubierta en cuero PVC; marca con certificaci\u00f3n de aprobaci\u00f3n\" data-sydctx-cypher=\"\" data-query=\"descripcion de golty en cuero MICROFFUTBOL\" data-query-encoded=\"\" data-url=\"wpt\/FetchContextCache?testhooks=\" data-ajax=\"1\" data-metadata=\"eyAiU2VycFRyYWNlSWQiOiAiNjUxZWRmNjAwM2U3NDUzMGE0NGQyODlmY2ZkZDdiNTkiLCAiS2V5IjogImVzX2FjZWM5MjhhMTczYmY5YWU4MDdmMTVkYmY1MTgyNGI1X2MyNjMyNjhlNzY2YjY5YTU1NTM1ZmQzZDQ1MjliOTY2IiB9\" data-anid=\"11FDA463BC918750A94685F7FFFFFFFF\"><\/div>\n<div id=\"sydwrap_wrapper\" class=\"sydwrap_wrapper\">\n<div id=\"b_syd_supermax\" class=\"\" data-priority=\"2\">\n<div id=\"b_syd_sm_chat\" class=\"sydwrap_sm_chat\" data-sydsm=\"true\" data-sydwrap=\"true\" data-sydansname=\"WholePageTemplateCodexContainerAnswer\">\n<div class=\"b_wpt_chat\">\n<div class=\"b_wpt_chat_inner\">\n<div class=\"qna-mf\">\n<div class=\"b_sideBleed b_topBleed b_bottomBleed\">\n<div class=\"mf-item-cntr \">\n<div class=\"b_antiSideBleed b_antiTopBleed\">\n<div class=\"mf-item\">\n<div class=\"ans-itm-cntr qna-df qna-aggr-genItems \">\n<div id=\"d_ans\" class=\"df_c d_ans \" data-priority=\"\">\n<div class=\"b_vPanel\">\n<div>\n<div class=\"df_con \">\n<div class=\"rwrl rwrl_pri rwrl_padref rwrl_fontexp rwrl_bchl\">\n<div id=\"qna_imgtt_img\" class=\"df_img df_ih df_atct square\">\n<div class=\"cico qna_img_item\"><img loading=\"lazy\" decoding=\"async\" id=\"emb6F379F5A\" class=\"rms_img\" role=\"presentation\" src=\"https:\/\/th.bing.com\/th?id=OIP.cg9wy4v7n5FblNtJ6MB4owHaHa&amp;w=160&amp;h=160&amp;rs=1&amp;qlt=80&amp;o=6&amp;dpr=2.3&amp;pid=3.1\" width=\"160\" height=\"160\" data-src-hq=\"https:\/\/th.bing.com\/th?id=OIP.cg9wy4v7n5FblNtJ6MB4owHaHa&amp;w=160&amp;h=160&amp;rs=1&amp;qlt=80&amp;o=6&amp;dpr=2.3&amp;pid=3.1\" data-priority=\"2\" data-bm=\"51\" \/><\/div>\n<\/div>\n<p>Bal\u00f3n de microf\u00fatbol GOLTY Competencia On\u00a0<strong>60 a 62 cm<\/strong>\u00a0Todo terreno. Larga duraci\u00f3n. C\u00e1mara interior de butilo de dos capas. Alta retenci\u00f3n de aire. Circunferencia: 60 a 62 cm Rebote: M\u00e1x. 35 cm Cubierta en cuero PVC; marca con certificaci\u00f3n de aprobaci\u00f3n<\/div>\n<\/div>\n<\/div>\n<\/div>\n<\/div>\n<\/div>\n<\/div>\n<\/div>\n<\/div>\n<\/div>\n<\/div>\n<\/div>\n<\/div>\n<\/div>\n<\/div>\n<\/div>\n<\/div>\n<\/li>\n<\/ul>\n","protected":false},"excerpt":{"rendered":"<p>\u00a0MICROFFUTBOL? Bal\u00f3n de microf\u00fatbol GOLTY Competencia On\u00a060 a 62 cm\u00a0Todo terreno. Larga duraci\u00f3n. C\u00e1mara interior de butilo de dos capas. Alta retenci\u00f3n de aire. Circunferencia: 60 a 62 cm Rebote: M\u00e1x. 35 cm Cubierta en cuero PVC; marca con certificaci\u00f3n de aprobaci\u00f3n<\/p>\n","protected":false},"featured_media":1887,"comment_status":"open","ping_status":"closed","template":"","meta":[],"product_brand":[],"product_cat":[57,60],"product_tag":[],"class_list":{"0":"post-1886","1":"product","2":"type-product","3":"status-publish","4":"has-post-thumbnail","6":"product_cat-deportes","7":"product_cat-futbol","9":"first","10":"instock","11":"sale","12":"shipping-taxable","13":"purchasable","14":"product-type-simple"},"_links":{"self":[{"href":"https:\/\/cabanadeportiva.com\/index.php?rest_route=\/wp\/v2\/product\/1886","targetHints":{"allow":["GET"]}}],"collection":[{"href":"https:\/\/cabanadeportiva.com\/index.php?rest_route=\/wp\/v2\/product"}],"about":[{"href":"https:\/\/cabanadeportiva.com\/index.php?rest_route=\/wp\/v2\/types\/product"}],"replies":[{"embeddable":true,"href":"https:\/\/cabanadeportiva.com\/index.php?rest_route=%2Fwp%2Fv2%2Fcomments&post=1886"}],"wp:featuredmedia":[{"embeddable":true,"href":"https:\/\/cabanadeportiva.com\/index.php?rest_route=\/wp\/v2\/media\/1887"}],"wp:attachment":[{"href":"https:\/\/cabanadeportiva.com\/index.php?rest_route=%2Fwp%2Fv2%2Fmedia&parent=1886"}],"wp:term":[{"taxonomy":"product_brand","embeddable":true,"href":"https:\/\/cabanadeportiva.com\/index.php?rest_route=%2Fwp%2Fv2%2Fproduct_brand&post=1886"},{"taxonomy":"product_cat","embeddable":true,"href":"https:\/\/cabanadeportiva.com\/index.php?rest_route=%2Fwp%2Fv2%2Fproduct_cat&post=1886"},{"taxonomy":"product_tag","embeddable":true,"href":"https:\/\/cabanadeportiva.com\/index.php?rest_route=%2Fwp%2Fv2%2Fproduct_tag&post=1886"}],"curies":[{"name":"wp","href":"https:\/\/api.w.org\/{rel}","templated":true}]}}