{"id":1893,"date":"2023-10-06T16:03:58","date_gmt":"2023-10-06T16:03:58","guid":{"rendered":"https:\/\/cabanadeportiva.com\/?post_type=product&#038;p=1893"},"modified":"2023-10-06T16:06:33","modified_gmt":"2023-10-06T16:06:33","slug":"rodilleras-termoformada-miyagi","status":"publish","type":"product","link":"https:\/\/cabanadeportiva.com\/?product=rodilleras-termoformada-miyagi","title":{"rendered":"Rodilleras termoformada Miyagi"},"content":{"rendered":"<p>Rodillera Miyagi multideportivas. Caracter\u00edsticas: Material:\u00a0<strong>poliuretano<\/strong>. Dise\u00f1o: termoformado. Material el\u00e1stico de alta calidad que provee una presi\u00f3n uniforme. Uso multiusos (voleibol, softbol, baloncesto, patinaje, twerk).<\/p>\n<p>TALLA:XS,S,M,L<\/p>\n<p>COLOR:NEGRO<\/p>\n","protected":false},"excerpt":{"rendered":"<p>Rodillera Miyagi multideportivas. Caracter\u00edsticas: Material:\u00a0poliuretano. Dise\u00f1o: termoformado. Material el\u00e1stico de alta calidad que provee una presi\u00f3n uniforme. Uso multiusos (voleibol, softbol, baloncesto, patinaje, twerk). TALLA:XS,S,M,L COLOR:NEGRO<\/p>\n","protected":false},"featured_media":1894,"comment_status":"open","ping_status":"closed","template":"","meta":[],"product_brand":[],"product_cat":[84,87],"product_tag":[],"class_list":{"0":"post-1893","1":"product","2":"type-product","3":"status-publish","4":"has-post-thumbnail","6":"product_cat-patinaje-2","7":"product_cat-proteccion","8":"yith_product_brand-canariam","10":"first","11":"instock","12":"sale","13":"shipping-taxable","14":"purchasable","15":"product-type-simple"},"_links":{"self":[{"href":"https:\/\/cabanadeportiva.com\/index.php?rest_route=\/wp\/v2\/product\/1893","targetHints":{"allow":["GET"]}}],"collection":[{"href":"https:\/\/cabanadeportiva.com\/index.php?rest_route=\/wp\/v2\/product"}],"about":[{"href":"https:\/\/cabanadeportiva.com\/index.php?rest_route=\/wp\/v2\/types\/product"}],"replies":[{"embeddable":true,"href":"https:\/\/cabanadeportiva.com\/index.php?rest_route=%2Fwp%2Fv2%2Fcomments&post=1893"}],"wp:featuredmedia":[{"embeddable":true,"href":"https:\/\/cabanadeportiva.com\/index.php?rest_route=\/wp\/v2\/media\/1894"}],"wp:attachment":[{"href":"https:\/\/cabanadeportiva.com\/index.php?rest_route=%2Fwp%2Fv2%2Fmedia&parent=1893"}],"wp:term":[{"taxonomy":"product_brand","embeddable":true,"href":"https:\/\/cabanadeportiva.com\/index.php?rest_route=%2Fwp%2Fv2%2Fproduct_brand&post=1893"},{"taxonomy":"product_cat","embeddable":true,"href":"https:\/\/cabanadeportiva.com\/index.php?rest_route=%2Fwp%2Fv2%2Fproduct_cat&post=1893"},{"taxonomy":"product_tag","embeddable":true,"href":"https:\/\/cabanadeportiva.com\/index.php?rest_route=%2Fwp%2Fv2%2Fproduct_tag&post=1893"}],"curies":[{"name":"wp","href":"https:\/\/api.w.org\/{rel}","templated":true}]}}