{"id":1898,"date":"2023-10-06T16:15:13","date_gmt":"2023-10-06T16:15:13","guid":{"rendered":"https:\/\/cabanadeportiva.com\/?post_type=product&#038;p=1898"},"modified":"2023-10-06T16:16:52","modified_gmt":"2023-10-06T16:16:52","slug":"rodillera-de-compresion","status":"publish","type":"product","link":"https:\/\/cabanadeportiva.com\/?product=rodillera-de-compresion","title":{"rendered":"RODILLERA DE COMPRESION"},"content":{"rendered":"<p><a class=\"sh-anchor\" href=\"https:\/\/www.bing.com\/ck\/a?!&amp;&amp;p=191f3a2fc0ae3333JmltdHM9MTY5NjU1MDQwMCZpZ3VpZD0wMDFhOTdhOC0yYjY3LTZlNDEtMjI4OS04NTg0MmFjODZmN2YmaW5zaWQ9NTcwNw&amp;ptn=3&amp;hsh=3&amp;fclid=001a97a8-2b67-6e41-2289-85842ac86f7f&amp;psq=descripci%c3%b3n+RODILLERA+DE+COMPRESION&amp;u=a1aHR0cHM6Ly93d3cuaGVhbHRoeWNoaWxkcmVuLm9yZy9TcGFuaXNoL2hlYWx0aC1pc3N1ZXMvaW5qdXJpZXMtZW1lcmdlbmNpZXMvc3BvcnRzLWluanVyaWVzL1BhZ2luYXMvS25lZS1QYWluLWFuZC1icmFjZXMuYXNweA&amp;ntb=1\" target=\"_blank\" rel=\"noopener\" data-tg-citations=\"1\" data-tgpsgid=\"d_anstgsen0\">la rodilla<\/a><a class=\"ac-anchor sup-target\" href=\"https:\/\/www.bing.com\/ck\/a?!&amp;&amp;p=796f4eac3f250629JmltdHM9MTY5NjU1MDQwMCZpZ3VpZD0wMDFhOTdhOC0yYjY3LTZlNDEtMjI4OS04NTg0MmFjODZmN2YmaW5zaWQ9NTcwOA&amp;ptn=3&amp;hsh=3&amp;fclid=001a97a8-2b67-6e41-2289-85842ac86f7f&amp;psq=descripci%c3%b3n+RODILLERA+DE+COMPRESION&amp;u=a1aHR0cHM6Ly93d3cuaGVhbHRoeWNoaWxkcmVuLm9yZy9TcGFuaXNoL2hlYWx0aC1pc3N1ZXMvaW5qdXJpZXMtZW1lcmdlbmNpZXMvc3BvcnRzLWluanVyaWVzL1BhZ2luYXMvS25lZS1QYWluLWFuZC1icmFjZXMuYXNweA&amp;ntb=1\" target=\"_blank\" rel=\"noopener\" data-tgpsgid=\"d_anstgpsg1\"><sup>1<\/sup><\/a>.\u00a0<a class=\"sh-anchor\" href=\"https:\/\/www.bing.com\/ck\/a?!&amp;&amp;p=45cbae65beea2b39JmltdHM9MTY5NjU1MDQwMCZpZ3VpZD0wMDFhOTdhOC0yYjY3LTZlNDEtMjI4OS04NTg0MmFjODZmN2YmaW5zaWQ9NTcwOQ&amp;ptn=3&amp;hsh=3&amp;fclid=001a97a8-2b67-6e41-2289-85842ac86f7f&amp;psq=descripci%c3%b3n+RODILLERA+DE+COMPRESION&amp;u=a1aHR0cHM6Ly93d3cuaGVhbHRoeWNoaWxkcmVuLm9yZy9TcGFuaXNoL2hlYWx0aC1pc3N1ZXMvaW5qdXJpZXMtZW1lcmdlbmNpZXMvc3BvcnRzLWluanVyaWVzL1BhZ2luYXMvS25lZS1QYWluLWFuZC1icmFjZXMuYXNweA&amp;ntb=1\" target=\"_blank\" rel=\"noopener\" data-tg-citations=\"1\" data-tgpsgid=\"d_anstgsen1\">Pueden incluir un relleno a la altura de la r\u00f3tula, una abertura para que la r\u00f3tula salga, correas o un refuerzo alrededor de la r\u00f3tula<\/a><a class=\"ac-anchor sup-target\" href=\"https:\/\/www.bing.com\/ck\/a?!&amp;&amp;p=1f3245ea157aa5b7JmltdHM9MTY5NjU1MDQwMCZpZ3VpZD0wMDFhOTdhOC0yYjY3LTZlNDEtMjI4OS04NTg0MmFjODZmN2YmaW5zaWQ9NTcxMA&amp;ptn=3&amp;hsh=3&amp;fclid=001a97a8-2b67-6e41-2289-85842ac86f7f&amp;psq=descripci%c3%b3n+RODILLERA+DE+COMPRESION&amp;u=a1aHR0cHM6Ly93d3cuaGVhbHRoeWNoaWxkcmVuLm9yZy9TcGFuaXNoL2hlYWx0aC1pc3N1ZXMvaW5qdXJpZXMtZW1lcmdlbmNpZXMvc3BvcnRzLWluanVyaWVzL1BhZ2luYXMvS25lZS1QYWluLWFuZC1icmFjZXMuYXNweA&amp;ntb=1\" target=\"_blank\" rel=\"noopener\" data-tgpsgid=\"d_anstgpsg1\"><sup>1<\/sup><\/a>.\u00a0<a class=\"sh-anchor\" href=\"https:\/\/www.bing.com\/ck\/a?!&amp;&amp;p=c56e09622d70e6eaJmltdHM9MTY5NjU1MDQwMCZpZ3VpZD0wMDFhOTdhOC0yYjY3LTZlNDEtMjI4OS04NTg0MmFjODZmN2YmaW5zaWQ9NTcxMQ&amp;ptn=3&amp;hsh=3&amp;fclid=001a97a8-2b67-6e41-2289-85842ac86f7f&amp;psq=descripci%c3%b3n+RODILLERA+DE+COMPRESION&amp;u=a1aHR0cHM6Ly93d3cuaGVhbHRoeWNoaWxkcmVuLm9yZy9TcGFuaXNoL2hlYWx0aC1pc3N1ZXMvaW5qdXJpZXMtZW1lcmdlbmNpZXMvc3BvcnRzLWluanVyaWVzL1BhZ2luYXMvS25lZS1QYWluLWFuZC1icmFjZXMuYXNweA&amp;ntb=1\" target=\"_blank\" rel=\"noopener\" data-tg-citations=\"1\" data-tgpsgid=\"d_anstgsen2\">Las fundas b\u00e1sicas ofrecen calor, compresi\u00f3n y tal vez una mayor sensaci\u00f3n de soporte de la rodilla<\/a><a class=\"ac-anchor sup-target\" href=\"https:\/\/www.bing.com\/ck\/a?!&amp;&amp;p=f584d46aa2f0b52bJmltdHM9MTY5NjU1MDQwMCZpZ3VpZD0wMDFhOTdhOC0yYjY3LTZlNDEtMjI4OS04NTg0MmFjODZmN2YmaW5zaWQ9NTcxMg&amp;ptn=3&amp;hsh=3&amp;fclid=001a97a8-2b67-6e41-2289-85842ac86f7f&amp;psq=descripci%c3%b3n+RODILLERA+DE+COMPRESION&amp;u=a1aHR0cHM6Ly93d3cuaGVhbHRoeWNoaWxkcmVuLm9yZy9TcGFuaXNoL2hlYWx0aC1pc3N1ZXMvaW5qdXJpZXMtZW1lcmdlbmNpZXMvc3BvcnRzLWluanVyaWVzL1BhZ2luYXMvS25lZS1QYWluLWFuZC1icmFjZXMuYXNweA&amp;ntb=1\" target=\"_blank\" rel=\"noopener\" data-tgpsgid=\"d_anstgpsg1\"><sup>1<\/sup><\/a>.\u00a0<a class=\"sh-anchor\" href=\"https:\/\/www.bing.com\/ck\/a?!&amp;&amp;p=304b3ed20584ff16JmltdHM9MTY5NjU1MDQwMCZpZ3VpZD0wMDFhOTdhOC0yYjY3LTZlNDEtMjI4OS04NTg0MmFjODZmN2YmaW5zaWQ9NTcxMw&amp;ptn=3&amp;hsh=3&amp;fclid=001a97a8-2b67-6e41-2289-85842ac86f7f&amp;psq=descripci%c3%b3n+RODILLERA+DE+COMPRESION&amp;u=a1aHR0cHM6Ly93d3cuYW1hem9uLmNvbS5teC9ORUVOQ0EtYWxtb2hhZGlsbGEtZXN0YWJpbGl6YWRvcmVzLWFydGljdWxhY2lvbmVzLXJlY3VwZXJhY2klMjVDMyUyNUIzbi9kcC9CMDdSNDMzWkxY&amp;ntb=1\" target=\"_blank\" rel=\"noopener\" data-tg-citations=\"2\" data-tgpsgid=\"d_anstgsen3\">Esta rodillera distribuye la presi\u00f3n y mejora la circulaci\u00f3n alrededor de la zona de la rodilla<\/a><a class=\"ac-anchor sup-target\" href=\"https:\/\/www.bing.com\/ck\/a?!&amp;&amp;p=5ce83efbad566ed6JmltdHM9MTY5NjU1MDQwMCZpZ3VpZD0wMDFhOTdhOC0yYjY3LTZlNDEtMjI4OS04NTg0MmFjODZmN2YmaW5zaWQ9NTcxNA&amp;ptn=3&amp;hsh=3&amp;fclid=001a97a8-2b67-6e41-2289-85842ac86f7f&amp;psq=descripci%c3%b3n+RODILLERA+DE+COMPRESION&amp;u=a1aHR0cHM6Ly93d3cuYW1hem9uLmNvbS5teC9ORUVOQ0EtYWxtb2hhZGlsbGEtZXN0YWJpbGl6YWRvcmVzLWFydGljdWxhY2lvbmVzLXJlY3VwZXJhY2klMjVDMyUyNUIzbi9kcC9CMDdSNDMzWkxY&amp;ntb=1\" target=\"_blank\" rel=\"noopener\" data-tgpsgid=\"d_anstgpsg2\"><sup>2<\/sup><\/a>.\u00a0<a class=\"sh-anchor\" href=\"https:\/\/www.bing.com\/ck\/a?!&amp;&amp;p=000f1b5b11e6f29eJmltdHM9MTY5NjU1MDQwMCZpZ3VpZD0wMDFhOTdhOC0yYjY3LTZlNDEtMjI4OS04NTg0MmFjODZmN2YmaW5zaWQ9NTcxNQ&amp;ptn=3&amp;hsh=3&amp;fclid=001a97a8-2b67-6e41-2289-85842ac86f7f&amp;psq=descripci%c3%b3n+RODILLERA+DE+COMPRESION&amp;u=a1aHR0cHM6Ly93d3cuYW1hem9uLmNvbS5teC9ORUVOQ0EtYWxtb2hhZGlsbGEtZXN0YWJpbGl6YWRvcmVzLWFydGljdWxhY2lvbmVzLXJlY3VwZXJhY2klMjVDMyUyNUIzbi9kcC9CMDdSNDMzWkxY&amp;ntb=1\" target=\"_blank\" rel=\"noopener\" data-tg-citations=\"2\" data-tgpsgid=\"d_anstgsen4\">Se envuelve alrededor de la r\u00f3tula para mejorar su estabilidad y relajar los tendones, evitar tirones, y prevenir la tensi\u00f3n muscular<\/a><\/p>\n","protected":false},"excerpt":{"rendered":"<p>la rodilla1.\u00a0Pueden incluir un relleno a la altura de la r\u00f3tula, una abertura para que la r\u00f3tula salga, correas o un refuerzo alrededor de la r\u00f3tula1.\u00a0Las fundas b\u00e1sicas ofrecen calor, compresi\u00f3n y tal vez una mayor sensaci\u00f3n de soporte de la rodilla1.\u00a0Esta rodillera distribuye la presi\u00f3n y mejora la circulaci\u00f3n alrededor de la zona de<\/p>\n<p class=\"link-more\"><a href=\"https:\/\/cabanadeportiva.com\/?product=rodillera-de-compresion\" class=\"more-link\"><span>Leer M\u00e1s<\/span><span class=\"meta-nav\">&#8594;<\/span><\/a><\/p>\n","protected":false},"featured_media":1899,"comment_status":"open","ping_status":"closed","template":"","meta":[],"product_brand":[],"product_cat":[109,113],"product_tag":[],"class_list":{"0":"post-1898","1":"product","2":"type-product","3":"status-publish","4":"has-post-thumbnail","6":"product_cat-lesiones","7":"product_cat-rodilleras","9":"first","10":"instock","11":"sale","12":"shipping-taxable","13":"purchasable","14":"product-type-simple"},"_links":{"self":[{"href":"https:\/\/cabanadeportiva.com\/index.php?rest_route=\/wp\/v2\/product\/1898","targetHints":{"allow":["GET"]}}],"collection":[{"href":"https:\/\/cabanadeportiva.com\/index.php?rest_route=\/wp\/v2\/product"}],"about":[{"href":"https:\/\/cabanadeportiva.com\/index.php?rest_route=\/wp\/v2\/types\/product"}],"replies":[{"embeddable":true,"href":"https:\/\/cabanadeportiva.com\/index.php?rest_route=%2Fwp%2Fv2%2Fcomments&post=1898"}],"wp:featuredmedia":[{"embeddable":true,"href":"https:\/\/cabanadeportiva.com\/index.php?rest_route=\/wp\/v2\/media\/1899"}],"wp:attachment":[{"href":"https:\/\/cabanadeportiva.com\/index.php?rest_route=%2Fwp%2Fv2%2Fmedia&parent=1898"}],"wp:term":[{"taxonomy":"product_brand","embeddable":true,"href":"https:\/\/cabanadeportiva.com\/index.php?rest_route=%2Fwp%2Fv2%2Fproduct_brand&post=1898"},{"taxonomy":"product_cat","embeddable":true,"href":"https:\/\/cabanadeportiva.com\/index.php?rest_route=%2Fwp%2Fv2%2Fproduct_cat&post=1898"},{"taxonomy":"product_tag","embeddable":true,"href":"https:\/\/cabanadeportiva.com\/index.php?rest_route=%2Fwp%2Fv2%2Fproduct_tag&post=1898"}],"curies":[{"name":"wp","href":"https:\/\/api.w.org\/{rel}","templated":true}]}}