{"id":1901,"date":"2023-10-06T16:20:37","date_gmt":"2023-10-06T16:20:37","guid":{"rendered":"https:\/\/cabanadeportiva.com\/?post_type=product&#038;p=1901"},"modified":"2023-10-06T16:23:06","modified_gmt":"2023-10-06T16:23:06","slug":"tula-para-balones","status":"publish","type":"product","link":"https:\/\/cabanadeportiva.com\/?product=tula-para-balones","title":{"rendered":"TULA PARA BALONES"},"content":{"rendered":"<p><a class=\"sh-anchor\" href=\"https:\/\/www.bing.com\/ck\/a?!&amp;&amp;p=3e0229ece1ca78a4JmltdHM9MTY5NjU1MDQwMCZpZ3VpZD0wMDFhOTdhOC0yYjY3LTZlNDEtMjI4OS04NTg0MmFjODZmN2YmaW5zaWQ9NTY0MQ&amp;ptn=3&amp;hsh=3&amp;fclid=001a97a8-2b67-6e41-2289-85842ac86f7f&amp;psq=descripci%c3%b3n+tula+para+balones&amp;u=a1aHR0cDovL2NvbnRyYXRhY2lvbi5zZW5hLmVkdS5jby9fZmlsZS9zb2xpY2l0dWRlcy80MjY1Ml80LnBkZg&amp;ntb=1\" target=\"_blank\" rel=\"noopener\" data-tg-citations=\"1;2;3;4\" data-tgpsgid=\"d_anstgsen0\">Una tula de balones es una bolsa para equipos deportivos que sirve para cargar y guardar los balones de una forma pr\u00e1ctica y segura<\/a><a class=\"ac-anchor sup-target\" href=\"https:\/\/www.bing.com\/ck\/a?!&amp;&amp;p=72ad699f7c70d1cdJmltdHM9MTY5NjU1MDQwMCZpZ3VpZD0wMDFhOTdhOC0yYjY3LTZlNDEtMjI4OS04NTg0MmFjODZmN2YmaW5zaWQ9NTY0Mg&amp;ptn=3&amp;hsh=3&amp;fclid=001a97a8-2b67-6e41-2289-85842ac86f7f&amp;psq=descripci%c3%b3n+tula+para+balones&amp;u=a1aHR0cDovL2NvbnRyYXRhY2lvbi5zZW5hLmVkdS5jby9fZmlsZS9zb2xpY2l0dWRlcy80MjY1Ml80LnBkZg&amp;ntb=1\" target=\"_blank\" rel=\"noopener\" data-tgpsgid=\"d_anstgpsg1\"><sup>1<\/sup><\/a><a class=\"ac-anchor sup-target\" href=\"https:\/\/www.bing.com\/ck\/a?!&amp;&amp;p=c0935fda48f95cd5JmltdHM9MTY5NjU1MDQwMCZpZ3VpZD0wMDFhOTdhOC0yYjY3LTZlNDEtMjI4OS04NTg0MmFjODZmN2YmaW5zaWQ9NTY0Mw&amp;ptn=3&amp;hsh=3&amp;fclid=001a97a8-2b67-6e41-2289-85842ac86f7f&amp;psq=descripci%c3%b3n+tula+para+balones&amp;u=a1aHR0cHM6Ly9hcnRpY3Vsby5tZXJjYWRvbGlicmUuY29tLmNvL01DTy0xNDcyOTc4MzkyLXR1bGEtYmFsb25lcmEtdHVsYS1wYXJhLWJhbG9uZXMtbG9uYS1wYXJhLWJhbG9uZXMtX0pN&amp;ntb=1\" target=\"_blank\" rel=\"noopener\" data-tgpsgid=\"d_anstgpsg2\"><sup>2<\/sup><\/a><a class=\"ac-anchor sup-target\" href=\"https:\/\/www.bing.com\/ck\/a?!&amp;&amp;p=0515b3d9e26c6603JmltdHM9MTY5NjU1MDQwMCZpZ3VpZD0wMDFhOTdhOC0yYjY3LTZlNDEtMjI4OS04NTg0MmFjODZmN2YmaW5zaWQ9NTY0NA&amp;ptn=3&amp;hsh=3&amp;fclid=001a97a8-2b67-6e41-2289-85842ac86f7f&amp;psq=descripci%c3%b3n+tula+para+balones&amp;u=a1aHR0cHM6Ly93aW5uZXJkZXBvcnRpdm9zLmNvbS9wcm9kdWN0by90dWxhLXBhcmEtMzAtYmFsb25lcy8&amp;ntb=1\" target=\"_blank\" rel=\"noopener\" data-tgpsgid=\"d_anstgpsg3\"><sup>3<\/sup><\/a><a class=\"ac-anchor sup-target\" href=\"https:\/\/www.bing.com\/ck\/a?!&amp;&amp;p=4b2076188e406ce7JmltdHM9MTY5NjU1MDQwMCZpZ3VpZD0wMDFhOTdhOC0yYjY3LTZlNDEtMjI4OS04NTg0MmFjODZmN2YmaW5zaWQ9NTY0NQ&amp;ptn=3&amp;hsh=3&amp;fclid=001a97a8-2b67-6e41-2289-85842ac86f7f&amp;psq=descripci%c3%b3n+tula+para+balones&amp;u=a1aHR0cHM6Ly9hcnRpY3Vsby5tZXJjYWRvbGlicmUuY29tLmNvL01DTy04MDUyMDM3NDQtdHVsYS1wYXJhLWJhbG9uZXMtdHVsYS1iYWxvbmVyYS1sb25hLXBhcmEtYmFsb25lcy1fSk0&amp;ntb=1\" target=\"_blank\" rel=\"noopener\" data-tgpsgid=\"d_anstgpsg4\"><sup>4<\/sup><\/a>.\u00a0<a class=\"sh-anchor\" href=\"https:\/\/www.bing.com\/ck\/a?!&amp;&amp;p=9e755f4a5ee00c64JmltdHM9MTY5NjU1MDQwMCZpZ3VpZD0wMDFhOTdhOC0yYjY3LTZlNDEtMjI4OS04NTg0MmFjODZmN2YmaW5zaWQ9NTY0Ng&amp;ptn=3&amp;hsh=3&amp;fclid=001a97a8-2b67-6e41-2289-85842ac86f7f&amp;psq=descripci%c3%b3n+tula+para+balones&amp;u=a1aHR0cDovL2NvbnRyYXRhY2lvbi5zZW5hLmVkdS5jby9fZmlsZS9zb2xpY2l0dWRlcy80MjY1Ml80LnBkZg&amp;ntb=1\" target=\"_blank\" rel=\"noopener\" data-tg-citations=\"1\" data-tgpsgid=\"d_anstgsen1\">Est\u00e1 hecha de lona morral o malla de poli\u00e9ster, y tiene cierre de seguridad y tirantes ergon\u00f3micos de 2 pulgadas de grosor para mayor comodidad<\/a><\/p>\n","protected":false},"excerpt":{"rendered":"<p>Una tula de balones es una bolsa para equipos deportivos que sirve para cargar y guardar los balones de una forma pr\u00e1ctica y segura1234.\u00a0Est\u00e1 hecha de lona morral o malla de poli\u00e9ster, y tiene cierre de seguridad y tirantes ergon\u00f3micos de 2 pulgadas de grosor para mayor comodidad<\/p>\n","protected":false},"featured_media":1902,"comment_status":"open","ping_status":"closed","template":"","meta":[],"product_brand":[],"product_cat":[57,60],"product_tag":[],"class_list":{"0":"post-1901","1":"product","2":"type-product","3":"status-publish","4":"has-post-thumbnail","6":"product_cat-deportes","7":"product_cat-futbol","9":"first","10":"instock","11":"sale","12":"shipping-taxable","13":"purchasable","14":"product-type-simple"},"_links":{"self":[{"href":"https:\/\/cabanadeportiva.com\/index.php?rest_route=\/wp\/v2\/product\/1901","targetHints":{"allow":["GET"]}}],"collection":[{"href":"https:\/\/cabanadeportiva.com\/index.php?rest_route=\/wp\/v2\/product"}],"about":[{"href":"https:\/\/cabanadeportiva.com\/index.php?rest_route=\/wp\/v2\/types\/product"}],"replies":[{"embeddable":true,"href":"https:\/\/cabanadeportiva.com\/index.php?rest_route=%2Fwp%2Fv2%2Fcomments&post=1901"}],"wp:featuredmedia":[{"embeddable":true,"href":"https:\/\/cabanadeportiva.com\/index.php?rest_route=\/wp\/v2\/media\/1902"}],"wp:attachment":[{"href":"https:\/\/cabanadeportiva.com\/index.php?rest_route=%2Fwp%2Fv2%2Fmedia&parent=1901"}],"wp:term":[{"taxonomy":"product_brand","embeddable":true,"href":"https:\/\/cabanadeportiva.com\/index.php?rest_route=%2Fwp%2Fv2%2Fproduct_brand&post=1901"},{"taxonomy":"product_cat","embeddable":true,"href":"https:\/\/cabanadeportiva.com\/index.php?rest_route=%2Fwp%2Fv2%2Fproduct_cat&post=1901"},{"taxonomy":"product_tag","embeddable":true,"href":"https:\/\/cabanadeportiva.com\/index.php?rest_route=%2Fwp%2Fv2%2Fproduct_tag&post=1901"}],"curies":[{"name":"wp","href":"https:\/\/api.w.org\/{rel}","templated":true}]}}